{"id":15,"date":"2020-05-02T23:32:50","date_gmt":"2020-05-02T23:32:50","guid":{"rendered":"http:\/\/jetztgibtsbeef.com\/?page_id=15"},"modified":"2026-04-06T15:14:34","modified_gmt":"2026-04-06T15:14:34","slug":"angebote","status":"publish","type":"page","link":"https:\/\/jetztgibtsbeef.de\/?page_id=15","title":{"rendered":"Angebote"},"content":{"rendered":"\n<p>Hier findest du meine aktuellen Shooting-Specials und besonderen Aktionen. Alle regul\u00e4ren Shootings findest du unter <a href=\"https:\/\/jetztgibtsbeef.de\/?page_id=1709\">&#8222;Preise&#8220;<\/a>.<\/p>\n\n\n\n<div class=\"wp-block-media-text is-stacked-on-mobile\" style=\"grid-template-columns:30% auto\"><figure class=\"wp-block-media-text__media\"><img loading=\"lazy\" decoding=\"async\" width=\"889\" height=\"1024\" src=\"https:\/\/jetztgibtsbeef.de\/wp-content\/uploads\/2026\/04\/Blumenmaedchen-889x1024.jpg\" alt=\"\" class=\"wp-image-2167 size-full\" srcset=\"https:\/\/jetztgibtsbeef.de\/wp-content\/uploads\/2026\/04\/Blumenmaedchen-889x1024.jpg 889w, https:\/\/jetztgibtsbeef.de\/wp-content\/uploads\/2026\/04\/Blumenmaedchen-260x300.jpg 260w, https:\/\/jetztgibtsbeef.de\/wp-content\/uploads\/2026\/04\/Blumenmaedchen-768x885.jpg 768w, https:\/\/jetztgibtsbeef.de\/wp-content\/uploads\/2026\/04\/Blumenmaedchen-52x60.jpg 52w, https:\/\/jetztgibtsbeef.de\/wp-content\/uploads\/2026\/04\/Blumenmaedchen.jpg 1025w\" sizes=\"auto, (max-width: 889px) 100vw, 889px\" \/><\/figure><div class=\"wp-block-media-text__content\">\n<h3 class=\"wp-block-heading\"><strong>Blumenm\u00e4dchen<\/strong><\/h3>\n\n\n\n<p>Ein Kleid das nicht f\u00fcr den Alltag gemacht ist, Blumen im Haar, warme Luft auf der Haut. F\u00fcr einen Moment bist du nicht einfach du, sondern die Hauptfigur in deinem eigenen kleinen M\u00e4rchen.<\/p>\n\n\n\n<p>nur solange es bl\u00fcht<\/p>\n\n\n\n<div class=\"wp-block-buttons is-layout-flex wp-block-buttons-is-layout-flex\">\n<div class=\"wp-block-button\"><a class=\"wp-block-button__link has-text-color has-background has-link-color wp-element-button\" href=\"https:\/\/jetztgibtsbeef.de\/?page_id=929\" style=\"border-top-left-radius:4px;border-top-right-radius:4px;border-bottom-left-radius:4px;border-bottom-right-radius:4px;color:#800040;background-color:#dfc5eb\">mehr Infos<\/a><\/div>\n<\/div>\n<\/div><\/div>\n\n\n\n<p><\/p>\n\n\n\n<div class=\"wp-block-media-text is-stacked-on-mobile\" style=\"grid-template-columns:30% auto\"><figure class=\"wp-block-media-text__media\"><img loading=\"lazy\" decoding=\"async\" width=\"889\" height=\"1024\" src=\"https:\/\/jetztgibtsbeef.de\/wp-content\/uploads\/2026\/03\/Fruehling-auf-der-Haut-889x1024.jpg\" alt=\"Fr\u00fchling auf der Haut\" class=\"wp-image-2155 size-full\" srcset=\"https:\/\/jetztgibtsbeef.de\/wp-content\/uploads\/2026\/03\/Fruehling-auf-der-Haut-889x1024.jpg 889w, https:\/\/jetztgibtsbeef.de\/wp-content\/uploads\/2026\/03\/Fruehling-auf-der-Haut-260x300.jpg 260w, https:\/\/jetztgibtsbeef.de\/wp-content\/uploads\/2026\/03\/Fruehling-auf-der-Haut-768x885.jpg 768w, https:\/\/jetztgibtsbeef.de\/wp-content\/uploads\/2026\/03\/Fruehling-auf-der-Haut-52x60.jpg 52w, https:\/\/jetztgibtsbeef.de\/wp-content\/uploads\/2026\/03\/Fruehling-auf-der-Haut.jpg 1025w\" sizes=\"auto, (max-width: 889px) 100vw, 889px\" \/><\/figure><div class=\"wp-block-media-text__content\">\n<h3 class=\"wp-block-heading\"><strong>Fr\u00fchling auf der Haut<\/strong><\/h3>\n\n\n\n<p>Ein warmer erster Fr\u00fchlingstag. Das Fenster steht offen. Die Gardine bewegt sich im Wind. Nach einem langen Winter f\u00e4llt zum ersten Mal wieder Licht auf deine Haut.<\/p>\n\n\n\n<p>Das Shooting greift genau diesen Moment auf.<\/p>\n\n\n\n<p>nur im M\u00e4rz und April buchbar<\/p>\n\n\n\n<div class=\"wp-block-buttons is-layout-flex wp-block-buttons-is-layout-flex\">\n<div class=\"wp-block-button\"><a class=\"wp-block-button__link has-text-color has-background has-link-color wp-element-button\" href=\"https:\/\/jetztgibtsbeef.de\/?page_id=2146\" style=\"border-top-left-radius:4px;border-top-right-radius:4px;border-bottom-left-radius:4px;border-bottom-right-radius:4px;color:#800040;background-color:#dfc5eb\">mehr Infos<\/a><\/div>\n<\/div>\n<\/div><\/div>\n\n\n\n<p><\/p>\n\n\n\n<div class=\"wp-block-media-text is-stacked-on-mobile\" style=\"grid-template-columns:30% auto\"><figure class=\"wp-block-media-text__media\"><img loading=\"lazy\" decoding=\"async\" width=\"889\" height=\"1024\" src=\"https:\/\/jetztgibtsbeef.de\/wp-content\/uploads\/2026\/04\/Eternal-Flowers-Boudoir-889x1024.jpg\" alt=\"\" class=\"wp-image-2176 size-full\" srcset=\"https:\/\/jetztgibtsbeef.de\/wp-content\/uploads\/2026\/04\/Eternal-Flowers-Boudoir-889x1024.jpg 889w, https:\/\/jetztgibtsbeef.de\/wp-content\/uploads\/2026\/04\/Eternal-Flowers-Boudoir-260x300.jpg 260w, https:\/\/jetztgibtsbeef.de\/wp-content\/uploads\/2026\/04\/Eternal-Flowers-Boudoir-768x885.jpg 768w, https:\/\/jetztgibtsbeef.de\/wp-content\/uploads\/2026\/04\/Eternal-Flowers-Boudoir-52x60.jpg 52w, https:\/\/jetztgibtsbeef.de\/wp-content\/uploads\/2026\/04\/Eternal-Flowers-Boudoir.jpg 1025w\" sizes=\"auto, (max-width: 889px) 100vw, 889px\" \/><\/figure><div class=\"wp-block-media-text__content\">\n<h3 class=\"wp-block-heading\"><strong>Eternal Flowers Boudoir<\/strong><\/h3>\n\n\n\n<p>Eternal Flowers ist kein klassisches Boudoir. Dieses Shooting ist eine bewusst inszenierte Bildserie \u00fcber Weiblichkeit, Sanftheit und St\u00e4rke im Einklang.<\/p>\n\n\n\n<p><br>Es geht nicht um Verf\u00fchrung oder Posen, sondern um Pr\u00e4senz, Ausdruck und ein Bild, das bleibt.<\/p>\n\n\n\n<div class=\"wp-block-buttons is-layout-flex wp-block-buttons-is-layout-flex\">\n<div class=\"wp-block-button\"><a class=\"wp-block-button__link has-text-color has-background has-link-color wp-element-button\" href=\"https:\/\/jetztgibtsbeef.de\/?page_id=756\" style=\"border-top-left-radius:4px;border-top-right-radius:4px;border-bottom-left-radius:4px;border-bottom-right-radius:4px;color:#800040;background-color:#dfc5eb\">Mehr Infos<\/a><\/div>\n<\/div>\n<\/div><\/div>\n\n\n\n<p><\/p>\n\n\n\n<div class=\"wp-block-media-text is-stacked-on-mobile\" style=\"grid-template-columns:30% auto\"><figure class=\"wp-block-media-text__media\"><img loading=\"lazy\" decoding=\"async\" width=\"889\" height=\"1024\" src=\"https:\/\/jetztgibtsbeef.de\/wp-content\/uploads\/2026\/01\/Badezauber-Angebot-889x1024.jpg\" alt=\"\" class=\"wp-image-1922 size-full\" srcset=\"https:\/\/jetztgibtsbeef.de\/wp-content\/uploads\/2026\/01\/Badezauber-Angebot-889x1024.jpg 889w, https:\/\/jetztgibtsbeef.de\/wp-content\/uploads\/2026\/01\/Badezauber-Angebot-260x300.jpg 260w, https:\/\/jetztgibtsbeef.de\/wp-content\/uploads\/2026\/01\/Badezauber-Angebot-768x885.jpg 768w, https:\/\/jetztgibtsbeef.de\/wp-content\/uploads\/2026\/01\/Badezauber-Angebot-52x60.jpg 52w, https:\/\/jetztgibtsbeef.de\/wp-content\/uploads\/2026\/01\/Badezauber-Angebot.jpg 1025w\" sizes=\"auto, (max-width: 889px) 100vw, 889px\" \/><\/figure><div class=\"wp-block-media-text__content\">\n<h3 class=\"wp-block-heading\"><strong>Badezauber<\/strong><\/h3>\n\n\n\n<p>Das hier ist nicht f\u00fcr Likes. Nicht f\u00fcr einen Partner. Nicht f\u00fcr irgendwen sonst.<\/p>\n\n\n\n<p>Das ist f\u00fcr&nbsp;<strong>dich.<\/strong><\/p>\n\n\n\n<p>Blumen, Wasser, K\u00f6rper \u2013 ohne Filter, ohne Verkleidung. Ganz du, wie du gerade bist.<\/p>\n\n\n\n<div class=\"wp-block-buttons is-layout-flex wp-block-buttons-is-layout-flex\">\n<div class=\"wp-block-button\"><a class=\"wp-block-button__link has-text-color has-background has-link-color wp-element-button\" href=\"https:\/\/jetztgibtsbeef.de\/?page_id=672\" style=\"border-top-left-radius:4px;border-top-right-radius:4px;border-bottom-left-radius:4px;border-bottom-right-radius:4px;color:#800040;background-color:#dfc5eb\">Mehr Infos<\/a><\/div>\n<\/div>\n<\/div><\/div>\n\n\n\n<p><\/p>\n\n\n\n<div class=\"wp-block-media-text is-stacked-on-mobile\" style=\"grid-template-columns:30% auto\"><figure class=\"wp-block-media-text__media\"><img loading=\"lazy\" decoding=\"async\" width=\"889\" height=\"1024\" src=\"https:\/\/jetztgibtsbeef.de\/wp-content\/uploads\/2026\/01\/A-Taste-of-Midnight-1-889x1024.jpg\" alt=\"\" class=\"wp-image-1790 size-full\" srcset=\"https:\/\/jetztgibtsbeef.de\/wp-content\/uploads\/2026\/01\/A-Taste-of-Midnight-1-889x1024.jpg 889w, https:\/\/jetztgibtsbeef.de\/wp-content\/uploads\/2026\/01\/A-Taste-of-Midnight-1-260x300.jpg 260w, https:\/\/jetztgibtsbeef.de\/wp-content\/uploads\/2026\/01\/A-Taste-of-Midnight-1-768x885.jpg 768w, https:\/\/jetztgibtsbeef.de\/wp-content\/uploads\/2026\/01\/A-Taste-of-Midnight-1-52x60.jpg 52w, https:\/\/jetztgibtsbeef.de\/wp-content\/uploads\/2026\/01\/A-Taste-of-Midnight-1.jpg 1025w\" sizes=\"auto, (max-width: 889px) 100vw, 889px\" \/><\/figure><div class=\"wp-block-media-text__content\">\n<h3 class=\"wp-block-heading\"><strong>A Taste of Midnight<\/strong> &#8211; <strong><mark style=\"background-color:rgba(0, 0, 0, 0)\" class=\"has-inline-color has-vivid-red-color\">AUSGEBUCHT<\/mark><\/strong><\/h3>\n\n\n\n<p>Dekadenz. Sinnlichkeit. Unsterblichkeit.<\/p>\n\n\n\n<p>Kerzenlicht auf kalter Haut. Samt, Spitze, Blut. Ein dekadentes Dinner, das au\u00dfer Kontrolle ger\u00e4t \u2013 und du bist mittendrin.<\/p>\n\n\n\n<p>A Taste of Midnight ist kein klassisches Fotoshooting. Es ist ein inzeniertes Erlebnis: barocke Eleganz trifft auf dunkle Sinnlichkeit und einen Hauch morbiden Humor.<\/p>\n\n\n\n<div class=\"wp-block-buttons is-layout-flex wp-block-buttons-is-layout-flex\">\n<div class=\"wp-block-button\"><a class=\"wp-block-button__link has-text-color has-background has-link-color wp-element-button\" href=\"https:\/\/jetztgibtsbeef.de\/?page_id=1761\" style=\"border-top-left-radius:4px;border-top-right-radius:4px;border-bottom-left-radius:4px;border-bottom-right-radius:4px;color:#800040;background-color:#dfc5eb\">Mehr Infos<\/a><\/div>\n<\/div>\n<\/div><\/div>\n\n\n\n<p><\/p>\n\n\n\n<p><\/p>\n\n\n\n<p><\/p>\n\n\n\n<p><\/p>\n\n\n\n<p><\/p>\n\n\n\n<p><\/p>\n\n\n\n<p><\/p>\n\n\n\n<p><\/p>\n\n\n\n<p><\/p>\n\n\n\n<p><\/p>\n\n\n\n<p><\/p>\n","protected":false},"excerpt":{"rendered":"<p>Hier findest du meine aktuellen Shooting-Specials und besonderen Aktionen. Alle regul\u00e4ren Shootings findest du unter &#8222;Preise&#8220;.<\/p>\n","protected":false},"author":1,"featured_media":0,"parent":0,"menu_order":0,"comment_status":"closed","ping_status":"closed","template":"","meta":{"footnotes":""},"class_list":["post-15","page","type-page","status-publish","hentry","latest_post"],"_links":{"self":[{"href":"https:\/\/jetztgibtsbeef.de\/index.php?rest_route=\/wp\/v2\/pages\/15","targetHints":{"allow":["GET"]}}],"collection":[{"href":"https:\/\/jetztgibtsbeef.de\/index.php?rest_route=\/wp\/v2\/pages"}],"about":[{"href":"https:\/\/jetztgibtsbeef.de\/index.php?rest_route=\/wp\/v2\/types\/page"}],"author":[{"embeddable":true,"href":"https:\/\/jetztgibtsbeef.de\/index.php?rest_route=\/wp\/v2\/users\/1"}],"replies":[{"embeddable":true,"href":"https:\/\/jetztgibtsbeef.de\/index.php?rest_route=%2Fwp%2Fv2%2Fcomments&post=15"}],"version-history":[{"count":104,"href":"https:\/\/jetztgibtsbeef.de\/index.php?rest_route=\/wp\/v2\/pages\/15\/revisions"}],"predecessor-version":[{"id":2184,"href":"https:\/\/jetztgibtsbeef.de\/index.php?rest_route=\/wp\/v2\/pages\/15\/revisions\/2184"}],"wp:attachment":[{"href":"https:\/\/jetztgibtsbeef.de\/index.php?rest_route=%2Fwp%2Fv2%2Fmedia&parent=15"}],"curies":[{"name":"wp","href":"https:\/\/api.w.org\/{rel}","templated":true}]}}