{"id":1595,"date":"2026-01-18T00:22:33","date_gmt":"2026-01-18T00:22:33","guid":{"rendered":"https:\/\/jetztgibtsbeef.de\/?page_id=1595"},"modified":"2026-01-31T23:35:05","modified_gmt":"2026-01-31T23:35:05","slug":"portfolio","status":"publish","type":"page","link":"https:\/\/jetztgibtsbeef.de\/?page_id=1595","title":{"rendered":"Portfolio"},"content":{"rendered":"\n<p><\/p>\n\n\n\n<div class=\"wp-block-media-text is-stacked-on-mobile\" style=\"grid-template-columns:40% auto\"><figure class=\"wp-block-media-text__media\"><img loading=\"lazy\" decoding=\"async\" width=\"878\" height=\"1024\" src=\"https:\/\/jetztgibtsbeef.de\/wp-content\/uploads\/2026\/01\/Wedding-Bettina-Tobi-8-tile-Kopie-878x1024.jpg\" alt=\"\" class=\"wp-image-1622 size-full\" srcset=\"https:\/\/jetztgibtsbeef.de\/wp-content\/uploads\/2026\/01\/Wedding-Bettina-Tobi-8-tile-Kopie-878x1024.jpg 878w, https:\/\/jetztgibtsbeef.de\/wp-content\/uploads\/2026\/01\/Wedding-Bettina-Tobi-8-tile-Kopie-257x300.jpg 257w, https:\/\/jetztgibtsbeef.de\/wp-content\/uploads\/2026\/01\/Wedding-Bettina-Tobi-8-tile-Kopie-768x896.jpg 768w, https:\/\/jetztgibtsbeef.de\/wp-content\/uploads\/2026\/01\/Wedding-Bettina-Tobi-8-tile-Kopie-1317x1536.jpg 1317w, https:\/\/jetztgibtsbeef.de\/wp-content\/uploads\/2026\/01\/Wedding-Bettina-Tobi-8-tile-Kopie-1756x2048.jpg 1756w, https:\/\/jetztgibtsbeef.de\/wp-content\/uploads\/2026\/01\/Wedding-Bettina-Tobi-8-tile-Kopie-51x60.jpg 51w\" sizes=\"auto, (max-width: 878px) 100vw, 878px\" \/><\/figure><div class=\"wp-block-media-text__content\">\n<h3 class=\"wp-block-heading\"><strong>Hochzeitsfotografie<\/strong><\/h3>\n\n\n\n<p><strong>Echte Momente statt gestellter Perfektion.<\/strong><\/p>\n\n\n\n<p>Jede Liebesgeschichte ist einzigartig und verdient eine epische Erz\u00e4hlung mit dem passenden Storyteller&nbsp; &#8211; und vielleicht bin ich ja eure? Ganz gleich ob M\u00e4rchenhochzeit, Gothic-Braut, Heiraten in Tracht, Feiern bis 5 Uhr morgens, Darth Vader, der die Braut entf\u00fchrt, romantisches Friedhofs-Shooting, Tanzabl\u00f6se mit den Perchten, Shooting mit allen 7 Familienhunden, Rauchfackeln oder After-Wedding-Shooting im See..<\/p>\n\n\n\n<p>Kein Wunsch ist zu seltsam \u2013 je individueller, desto besser \u2013 schlie\u00dflich geht es um euch und darum eure Liebe zu feiern!<\/p>\n\n\n\n<div class=\"wp-block-buttons is-layout-flex wp-block-buttons-is-layout-flex\">\n<div class=\"wp-block-button\"><a class=\"wp-block-button__link has-text-color has-background has-link-color wp-element-button\" href=\"https:\/\/jetztgibtsbeef.de\/?page_id=71\" style=\"border-top-left-radius:4px;border-top-right-radius:4px;border-bottom-left-radius:4px;border-bottom-right-radius:4px;color:#800040;background-color:#dfc5eb\">ganz unverbindlich anfragen<\/a><\/div>\n<\/div>\n\n\n\n<p><\/p>\n\n\n\n<p>oder<\/p>\n\n\n\n<div class=\"wp-block-buttons is-layout-flex wp-block-buttons-is-layout-flex\">\n<div class=\"wp-block-button\"><a class=\"wp-block-button__link has-text-color has-background has-link-color wp-element-button\" href=\"https:\/\/jetztgibtsbeef.myportfolio.com\/hochzeiten-1\" style=\"border-top-left-radius:4px;border-top-right-radius:4px;border-bottom-left-radius:4px;border-bottom-right-radius:4px;color:#800040;background-color:#dfc5eb\">noch mehr Bilder entdecken<\/a><\/div>\n<\/div>\n<\/div><\/div>\n\n\n\n<h3 class=\"wp-block-heading\"><\/h3>\n\n\n\n<div style=\"height:49px\" aria-hidden=\"true\" class=\"wp-block-spacer\"><\/div>\n\n\n\n<div class=\"wp-block-media-text is-stacked-on-mobile\" style=\"grid-template-columns:40% auto\"><figure class=\"wp-block-media-text__media\"><img loading=\"lazy\" decoding=\"async\" width=\"878\" height=\"1024\" src=\"https:\/\/jetztgibtsbeef.de\/wp-content\/uploads\/2026\/01\/Kinder-Familie-878x1024.jpg\" alt=\"\" class=\"wp-image-1628 size-full\" srcset=\"https:\/\/jetztgibtsbeef.de\/wp-content\/uploads\/2026\/01\/Kinder-Familie-878x1024.jpg 878w, https:\/\/jetztgibtsbeef.de\/wp-content\/uploads\/2026\/01\/Kinder-Familie-257x300.jpg 257w, https:\/\/jetztgibtsbeef.de\/wp-content\/uploads\/2026\/01\/Kinder-Familie-768x896.jpg 768w, https:\/\/jetztgibtsbeef.de\/wp-content\/uploads\/2026\/01\/Kinder-Familie-1317x1536.jpg 1317w, https:\/\/jetztgibtsbeef.de\/wp-content\/uploads\/2026\/01\/Kinder-Familie-1756x2048.jpg 1756w, https:\/\/jetztgibtsbeef.de\/wp-content\/uploads\/2026\/01\/Kinder-Familie-51x60.jpg 51w\" sizes=\"auto, (max-width: 878px) 100vw, 878px\" \/><\/figure><div class=\"wp-block-media-text__content\">\n<h3 class=\"wp-block-heading\"><strong>Familien &amp; Kinder<\/strong><\/h3>\n\n\n\n<p><strong>Lebendig, liebevoll und ungezwungen<\/strong><\/p>\n\n\n\n<p>Familien sind chaotisch, laut, herzlich und voller Bewegung \u2013 und genau so d\u00fcrfen sie auch auf Bildern sein.<br>Ob kleine Kinder, werdende Eltern oder gemeinsame Zeit mit mehreren Generationen: Ich halte euch so fest, wie ihr wirklich seid.<\/p>\n\n\n\n<div class=\"wp-block-buttons is-layout-flex wp-block-buttons-is-layout-flex\">\n<div class=\"wp-block-button\"><a class=\"wp-block-button__link has-text-color has-background has-link-color wp-element-button\" href=\"https:\/\/jetztgibtsbeef.myportfolio.com\/verliebt\" style=\"border-top-left-radius:4px;border-top-right-radius:4px;border-bottom-left-radius:4px;border-bottom-right-radius:4px;color:#800040;background-color:#dfc5eb\">Familien- und Babyshootings entdecken<\/a><\/div>\n<\/div>\n<\/div><\/div>\n\n\n\n<div style=\"height:49px\" aria-hidden=\"true\" class=\"wp-block-spacer\"><\/div>\n\n\n\n<div class=\"wp-block-media-text is-stacked-on-mobile\" style=\"grid-template-columns:40% auto\"><figure class=\"wp-block-media-text__media\"><img loading=\"lazy\" decoding=\"async\" width=\"983\" height=\"1024\" src=\"https:\/\/jetztgibtsbeef.de\/wp-content\/uploads\/2026\/01\/Boudoir-983x1024.jpg\" alt=\"\" class=\"wp-image-1633 size-full\" srcset=\"https:\/\/jetztgibtsbeef.de\/wp-content\/uploads\/2026\/01\/Boudoir-983x1024.jpg 983w, https:\/\/jetztgibtsbeef.de\/wp-content\/uploads\/2026\/01\/Boudoir-288x300.jpg 288w, https:\/\/jetztgibtsbeef.de\/wp-content\/uploads\/2026\/01\/Boudoir-768x800.jpg 768w, https:\/\/jetztgibtsbeef.de\/wp-content\/uploads\/2026\/01\/Boudoir-1474x1536.jpg 1474w, https:\/\/jetztgibtsbeef.de\/wp-content\/uploads\/2026\/01\/Boudoir-1965x2048.jpg 1965w, https:\/\/jetztgibtsbeef.de\/wp-content\/uploads\/2026\/01\/Boudoir-58x60.jpg 58w\" sizes=\"auto, (max-width: 983px) 100vw, 983px\" \/><\/figure><div class=\"wp-block-media-text__content\">\n<h3 class=\"wp-block-heading\"><strong>Boudoir<\/strong><\/h3>\n\n\n\n<p><strong>Dein K\u00f6rper ist kein Projekt. Er ist Kunst.<\/strong><\/p>\n\n\n\n<p>Nach all den Sch\u00f6nheitsstandards haben wir die Schnauze voll &#8211; jetzt feiern wir ganz bewusst unseren eigenen K\u00f6rper, ohne Druck, Klischees und ganz weit weg von vermeintlichen Standards und Makeln. In ruhiger, vertrauter Atmosph\u00e4re entstehen Bilder, die deine St\u00e4rke und Sinnlichkeit sichtbar machen. <\/p>\n\n\n\n<p>K\u00f6rperbetonende Shootings gibt es bei mir in verschiedenen Kategorien. Schau gerne mal vorbei:<\/p>\n\n\n\n<div class=\"wp-block-buttons is-layout-flex wp-block-buttons-is-layout-flex\">\n<div class=\"wp-block-button\"><a class=\"wp-block-button__link has-text-color has-background has-link-color wp-element-button\" href=\"https:\/\/jetztgibtsbeef.myportfolio.com\/boudoir-dessous\" style=\"border-top-left-radius:4px;border-top-right-radius:4px;border-bottom-left-radius:4px;border-bottom-right-radius:4px;color:#800040;background-color:#dfc5eb\">mehr klassische Boudoir-Bilder<\/a><\/div>\n<\/div>\n\n\n\n<p>oder mit Blumen:<\/p>\n\n\n\n<div class=\"wp-block-buttons is-layout-flex wp-block-buttons-is-layout-flex\">\n<div class=\"wp-block-button\"><a class=\"wp-block-button__link has-text-color has-background has-link-color wp-element-button\" href=\"https:\/\/jetztgibtsbeef.myportfolio.com\/eternal-flowers\" style=\"border-top-left-radius:4px;border-top-right-radius:4px;border-bottom-left-radius:4px;border-bottom-right-radius:4px;color:#800040;background-color:#dfc5eb\">zu &#8222;Eternal Flowers Boudoir&#8220;<\/a><\/div>\n<\/div>\n\n\n\n<p>oder ganz auf dich zugeschnitten in der Badewanne:<\/p>\n\n\n\n<div class=\"wp-block-buttons is-layout-flex wp-block-buttons-is-layout-flex\">\n<div class=\"wp-block-button\"><a class=\"wp-block-button__link has-text-color has-background has-link-color wp-element-button\" href=\"https:\/\/jetztgibtsbeef.myportfolio.com\/badewannenzauber\" style=\"border-top-left-radius:4px;border-top-right-radius:4px;border-bottom-left-radius:4px;border-bottom-right-radius:4px;color:#800040;background-color:#dfc5eb\">zum &#8222;Badezauber&#8220;<\/a><\/div>\n<\/div>\n<\/div><\/div>\n\n\n\n<div style=\"height:49px\" aria-hidden=\"true\" class=\"wp-block-spacer\"><\/div>\n\n\n\n<div class=\"wp-block-media-text is-stacked-on-mobile\" style=\"grid-template-columns:40% auto\"><figure class=\"wp-block-media-text__media\"><img loading=\"lazy\" decoding=\"async\" width=\"983\" height=\"1024\" src=\"https:\/\/jetztgibtsbeef.de\/wp-content\/uploads\/2026\/01\/Wedding-Bettina-Tobi-8-tile-Kopie-1-983x1024.jpg\" alt=\"\" class=\"wp-image-1638 size-full\" srcset=\"https:\/\/jetztgibtsbeef.de\/wp-content\/uploads\/2026\/01\/Wedding-Bettina-Tobi-8-tile-Kopie-1-983x1024.jpg 983w, https:\/\/jetztgibtsbeef.de\/wp-content\/uploads\/2026\/01\/Wedding-Bettina-Tobi-8-tile-Kopie-1-288x300.jpg 288w, https:\/\/jetztgibtsbeef.de\/wp-content\/uploads\/2026\/01\/Wedding-Bettina-Tobi-8-tile-Kopie-1-768x800.jpg 768w, https:\/\/jetztgibtsbeef.de\/wp-content\/uploads\/2026\/01\/Wedding-Bettina-Tobi-8-tile-Kopie-1-1474x1536.jpg 1474w, https:\/\/jetztgibtsbeef.de\/wp-content\/uploads\/2026\/01\/Wedding-Bettina-Tobi-8-tile-Kopie-1-1965x2048.jpg 1965w, https:\/\/jetztgibtsbeef.de\/wp-content\/uploads\/2026\/01\/Wedding-Bettina-Tobi-8-tile-Kopie-1-58x60.jpg 58w\" sizes=\"auto, (max-width: 983px) 100vw, 983px\" \/><\/figure><div class=\"wp-block-media-text__content\">\n<h3 class=\"wp-block-heading\"><strong>Fantasyfotografie &amp; kreative Konzepte<\/strong><\/h3>\n\n\n\n<p><strong>Zwischen M\u00e4rchen, Mythos und eigener Geschichte<\/strong><\/p>\n\n\n\n<p>Fantasy hei\u00dft f\u00fcr mich: eigene Welten mit Storytelling erschaffen &#8211; Verwandlung statt Verkleidung. Fotografie trifft auf Bildbearbeitung und Kulissenbau. Opulent, magisch, verr\u00fcckt, dunkel, vertr\u00e4umt: erlaubt ist, was sich f\u00fcr dich richtig anf\u00fchlt. Fantasy ohne Schablohne, entstehend aus deiner Pers\u00f6nlichkeit, deiner Geschichte und einer Prise meiner Visualisierung.<\/p>\n\n\n\n<div class=\"wp-block-buttons is-layout-flex wp-block-buttons-is-layout-flex\">\n<div class=\"wp-block-button\"><a class=\"wp-block-button__link has-text-color has-background has-link-color wp-element-button\" href=\"https:\/\/jetztgibtsbeef.myportfolio.com\/fantasy-motto\" style=\"border-top-left-radius:4px;border-top-right-radius:4px;border-bottom-left-radius:4px;border-bottom-right-radius:4px;color:#800040;background-color:#dfc5eb\">mehr kreative Arbeiten<\/a><\/div>\n<\/div>\n<\/div><\/div>\n\n\n\n<div style=\"height:49px\" aria-hidden=\"true\" class=\"wp-block-spacer\"><\/div>\n\n\n\n<div class=\"wp-block-media-text is-stacked-on-mobile\" style=\"grid-template-columns:40% auto\"><figure class=\"wp-block-media-text__media\"><img loading=\"lazy\" decoding=\"async\" width=\"983\" height=\"1024\" src=\"https:\/\/jetztgibtsbeef.de\/wp-content\/uploads\/2026\/01\/Portrait-Business-983x1024.jpg\" alt=\"\" class=\"wp-image-1640 size-full\" srcset=\"https:\/\/jetztgibtsbeef.de\/wp-content\/uploads\/2026\/01\/Portrait-Business-983x1024.jpg 983w, https:\/\/jetztgibtsbeef.de\/wp-content\/uploads\/2026\/01\/Portrait-Business-288x300.jpg 288w, https:\/\/jetztgibtsbeef.de\/wp-content\/uploads\/2026\/01\/Portrait-Business-768x800.jpg 768w, https:\/\/jetztgibtsbeef.de\/wp-content\/uploads\/2026\/01\/Portrait-Business-1474x1536.jpg 1474w, https:\/\/jetztgibtsbeef.de\/wp-content\/uploads\/2026\/01\/Portrait-Business-1965x2048.jpg 1965w, https:\/\/jetztgibtsbeef.de\/wp-content\/uploads\/2026\/01\/Portrait-Business-58x60.jpg 58w\" sizes=\"auto, (max-width: 983px) 100vw, 983px\" \/><\/figure><div class=\"wp-block-media-text__content\">\n<h3 class=\"wp-block-heading\"><strong>Portrait &amp; Business<\/strong><\/h3>\n\n\n\n<p><strong>Dein Auftritt, deine Ausstrahlung<\/strong><\/p>\n\n\n\n<p>Ein gutes Portrait zeigt mehr als nur ein Gesicht &#8211; es transportiert Ausstrahlung, Haltung und Vertrauen. Ob f\u00fcr dich privat, mit Freund*innen, f\u00fcr dein Business oder deine Marke: Wir schaffen gemeinsam Bilder, die wirken und sich trotzdem nach dir anf\u00fchlen.<\/p>\n\n\n\n<div class=\"wp-block-buttons is-layout-flex wp-block-buttons-is-layout-flex\">\n<div class=\"wp-block-button\"><a class=\"wp-block-button__link has-text-color has-background has-link-color wp-element-button\" href=\"https:\/\/jetztgibtsbeef.myportfolio.com\/individuelle-portraits\" style=\"border-top-left-radius:4px;border-top-right-radius:4px;border-bottom-left-radius:4px;border-bottom-right-radius:4px;color:#800040;background-color:#dfc5eb\">mehr Portraits durchst\u00f6bern<\/a><\/div>\n<\/div>\n\n\n\n<p>oder mehr zur Businessfotografie erfahren:<\/p>\n\n\n\n<div class=\"wp-block-buttons is-layout-flex wp-block-buttons-is-layout-flex\">\n<div class=\"wp-block-button\"><a class=\"wp-block-button__link has-text-color has-background has-link-color wp-element-button\" style=\"border-top-left-radius:4px;border-top-right-radius:4px;border-bottom-left-radius:4px;border-bottom-right-radius:4px;color:#800040;background-color:#dfc5eb\">zum Businessbereich<\/a><\/div>\n<\/div>\n<\/div><\/div>\n","protected":false},"excerpt":{"rendered":"","protected":false},"author":1,"featured_media":0,"parent":0,"menu_order":0,"comment_status":"closed","ping_status":"closed","template":"","meta":{"footnotes":""},"class_list":["post-1595","page","type-page","status-publish","hentry","latest_post"],"_links":{"self":[{"href":"https:\/\/jetztgibtsbeef.de\/index.php?rest_route=\/wp\/v2\/pages\/1595","targetHints":{"allow":["GET"]}}],"collection":[{"href":"https:\/\/jetztgibtsbeef.de\/index.php?rest_route=\/wp\/v2\/pages"}],"about":[{"href":"https:\/\/jetztgibtsbeef.de\/index.php?rest_route=\/wp\/v2\/types\/page"}],"author":[{"embeddable":true,"href":"https:\/\/jetztgibtsbeef.de\/index.php?rest_route=\/wp\/v2\/users\/1"}],"replies":[{"embeddable":true,"href":"https:\/\/jetztgibtsbeef.de\/index.php?rest_route=%2Fwp%2Fv2%2Fcomments&post=1595"}],"version-history":[{"count":33,"href":"https:\/\/jetztgibtsbeef.de\/index.php?rest_route=\/wp\/v2\/pages\/1595\/revisions"}],"predecessor-version":[{"id":1703,"href":"https:\/\/jetztgibtsbeef.de\/index.php?rest_route=\/wp\/v2\/pages\/1595\/revisions\/1703"}],"wp:attachment":[{"href":"https:\/\/jetztgibtsbeef.de\/index.php?rest_route=%2Fwp%2Fv2%2Fmedia&parent=1595"}],"curies":[{"name":"wp","href":"https:\/\/api.w.org\/{rel}","templated":true}]}}