{"id":1643,"date":"2026-01-17T23:14:36","date_gmt":"2026-01-17T23:14:36","guid":{"rendered":"https:\/\/jetztgibtsbeef.de\/?page_id=1643"},"modified":"2026-01-17T23:14:37","modified_gmt":"2026-01-17T23:14:37","slug":"die-kuenstlerin-2","status":"publish","type":"page","link":"https:\/\/jetztgibtsbeef.de\/?page_id=1643","title":{"rendered":"Die K\u00fcnstlerin"},"content":{"rendered":"\n<h3 class=\"wp-block-heading\"><strong>Hi! Ich bin Corinna!<\/strong><\/h3>\n\n\n\n<p>Fotografin f\u00fcr Menschen, Geschichten und ein bisschen Magie dazwischen. Ich fotografiere Menschen so, wie sie sind &#8211; nicht perfekt, sondern echt mit all ihren wundersch\u00f6nen Facetten. Mein Fokus liegt auf Vertrauen, Empowerment und Bildern, in denen man sich wiedererkennt.<\/p>\n\n\n\n<p><\/p>\n\n\n\n<p><\/p>\n\n\n\n<p><\/p>\n\n\n\n<div class=\"wp-block-media-text alignwide is-stacked-on-mobile\" style=\"grid-template-columns:47% auto\"><figure class=\"wp-block-media-text__media\"><img loading=\"lazy\" decoding=\"async\" width=\"812\" height=\"793\" src=\"http:\/\/jetztgibtsbeef.com\/wp-content\/uploads\/2021\/05\/Corinna-Meister-Jetzt-gibts-Beef-Fotografie-1.jpg\" alt=\"\" class=\"wp-image-278 size-full\" srcset=\"https:\/\/jetztgibtsbeef.de\/wp-content\/uploads\/2021\/05\/Corinna-Meister-Jetzt-gibts-Beef-Fotografie-1.jpg 812w, https:\/\/jetztgibtsbeef.de\/wp-content\/uploads\/2021\/05\/Corinna-Meister-Jetzt-gibts-Beef-Fotografie-1-300x293.jpg 300w, https:\/\/jetztgibtsbeef.de\/wp-content\/uploads\/2021\/05\/Corinna-Meister-Jetzt-gibts-Beef-Fotografie-1-768x750.jpg 768w, https:\/\/jetztgibtsbeef.de\/wp-content\/uploads\/2021\/05\/Corinna-Meister-Jetzt-gibts-Beef-Fotografie-1-61x60.jpg 61w\" sizes=\"auto, (max-width: 812px) 100vw, 812px\" \/><\/figure><div class=\"wp-block-media-text__content\">\n<p>Schubladendenken find ich doof. Deshalb beschreibe ich meine Bilder gerne als launenhaft, ausgefallen und individuell wie die Menschen, die darauf zu sehen sind. <strong>Denn Fotografie ist f\u00fcr mich menschennahe Kunst, mit der sich jeder identifizieren kann.<\/strong><\/p>\n\n\n\n<p>Ich komme aus Bach, einem kleinen D\u00f6rfchen zwischen Regensburg und Straubing und bin f\u00fcr meine Shootings in ganz Bayern oder auf Wunsch auch an ganz anderen Orten unterwegs. Wir k\u00f6nnen in meinem Studio in 93090 Bach shooten oder Outdoor an einem der vielen wundersch\u00f6nen Pl\u00e4tze, die die Natur uns bietet. <\/p>\n\n\n\n<p>Shootings mit mir sollen sich anf\u00fchlen wie ein Nachmittag mit einer guten Freundin: voller Lachen, Spa\u00df, sch\u00f6nen Erinnerungen und ganz viel Raum du selbst zu sein.  Ich m\u00f6chte, dass sich jeder Mensch vor meiner Kamera wohl f\u00fchlt, <strong>denn Sch\u00f6nheit steckt in uns allen. <\/strong><\/p>\n<\/div><\/div>\n\n\n\n<p>Das ist Ace und er freut sich riesig, dich kennen zu lernen!<\/p>\n","protected":false},"excerpt":{"rendered":"<p>Hi! Ich bin Corinna! Fotografin f\u00fcr Menschen, Geschichten und ein bisschen Magie dazwischen. Ich fotografiere Menschen so, wie sie sind &#8211; nicht perfekt, sondern echt mit all ihren wundersch\u00f6nen Facetten. Mein Fokus liegt auf Vertrauen, Empowerment und Bildern, in denen man sich wiedererkennt. Schubladendenken find ich doof. Deshalb beschreibe ich meine Bilder gerne als launenhaft, &hellip; <\/p>\n","protected":false},"author":1,"featured_media":0,"parent":0,"menu_order":0,"comment_status":"closed","ping_status":"closed","template":"","meta":{"footnotes":""},"class_list":["post-1643","page","type-page","status-publish","hentry","latest_post"],"_links":{"self":[{"href":"https:\/\/jetztgibtsbeef.de\/index.php?rest_route=\/wp\/v2\/pages\/1643","targetHints":{"allow":["GET"]}}],"collection":[{"href":"https:\/\/jetztgibtsbeef.de\/index.php?rest_route=\/wp\/v2\/pages"}],"about":[{"href":"https:\/\/jetztgibtsbeef.de\/index.php?rest_route=\/wp\/v2\/types\/page"}],"author":[{"embeddable":true,"href":"https:\/\/jetztgibtsbeef.de\/index.php?rest_route=\/wp\/v2\/users\/1"}],"replies":[{"embeddable":true,"href":"https:\/\/jetztgibtsbeef.de\/index.php?rest_route=%2Fwp%2Fv2%2Fcomments&post=1643"}],"version-history":[{"count":5,"href":"https:\/\/jetztgibtsbeef.de\/index.php?rest_route=\/wp\/v2\/pages\/1643\/revisions"}],"predecessor-version":[{"id":1649,"href":"https:\/\/jetztgibtsbeef.de\/index.php?rest_route=\/wp\/v2\/pages\/1643\/revisions\/1649"}],"wp:attachment":[{"href":"https:\/\/jetztgibtsbeef.de\/index.php?rest_route=%2Fwp%2Fv2%2Fmedia&parent=1643"}],"curies":[{"name":"wp","href":"https:\/\/api.w.org\/{rel}","templated":true}]}}