{"id":1709,"date":"2026-01-30T17:36:54","date_gmt":"2026-01-30T17:36:54","guid":{"rendered":"https:\/\/jetztgibtsbeef.de\/?page_id=1709"},"modified":"2026-01-31T23:33:44","modified_gmt":"2026-01-31T23:33:44","slug":"preise-neu","status":"publish","type":"page","link":"https:\/\/jetztgibtsbeef.de\/?page_id=1709","title":{"rendered":"Shootings &amp; Preise"},"content":{"rendered":"\n<p>F\u00fcr\u00a0<strong>Hochzeiten, Reportagen, Events<\/strong>,\u00a0<strong>Kommunionen, Kindergartenfotos<\/strong>\u00a0und alle weitere Anfragen erstelle ich dir gerne ein individuelles Angebot.\u00a0<strong>Business-Kunden<\/strong>\u00a0lasse ich gerne per Mail meine Business-Preisliste zukommen oder erstelle auch hier gerne ein individuelles Angebot.<\/p>\n\n\n\n<div class=\"wp-block-buttons is-layout-flex wp-block-buttons-is-layout-flex\">\n<div class=\"wp-block-button\"><a class=\"wp-block-button__link has-text-color has-background has-link-color wp-element-button\" href=\"https:\/\/jetztgibtsbeef.de\/?page_id=71\" style=\"border-top-left-radius:4px;border-top-right-radius:4px;border-bottom-left-radius:4px;border-bottom-right-radius:4px;color:#800040;background-color:#dfc5eb\">jetzt anfragen<\/a><\/div>\n<\/div>\n\n\n\n<div style=\"height:100px\" aria-hidden=\"true\" class=\"wp-block-spacer\"><\/div>\n\n\n\n<div class=\"wp-block-media-text is-stacked-on-mobile\" style=\"grid-template-columns:35% auto\"><figure class=\"wp-block-media-text__media\"><img loading=\"lazy\" decoding=\"async\" width=\"1024\" height=\"1020\" src=\"https:\/\/jetztgibtsbeef.de\/wp-content\/uploads\/2026\/01\/Anke-Samy-5-tile-vert-1024x1020.jpg\" alt=\"\" class=\"wp-image-1848 size-full\" srcset=\"https:\/\/jetztgibtsbeef.de\/wp-content\/uploads\/2026\/01\/Anke-Samy-5-tile-vert-1024x1020.jpg 1024w, https:\/\/jetztgibtsbeef.de\/wp-content\/uploads\/2026\/01\/Anke-Samy-5-tile-vert-300x300.jpg 300w, https:\/\/jetztgibtsbeef.de\/wp-content\/uploads\/2026\/01\/Anke-Samy-5-tile-vert-150x150.jpg 150w, https:\/\/jetztgibtsbeef.de\/wp-content\/uploads\/2026\/01\/Anke-Samy-5-tile-vert-768x765.jpg 768w, https:\/\/jetztgibtsbeef.de\/wp-content\/uploads\/2026\/01\/Anke-Samy-5-tile-vert-1536x1530.jpg 1536w, https:\/\/jetztgibtsbeef.de\/wp-content\/uploads\/2026\/01\/Anke-Samy-5-tile-vert-60x60.jpg 60w, https:\/\/jetztgibtsbeef.de\/wp-content\/uploads\/2026\/01\/Anke-Samy-5-tile-vert.jpg 1897w\" sizes=\"auto, (max-width: 1024px) 100vw, 1024px\" \/><\/figure><div class=\"wp-block-media-text__content\">\n<h3 class=\"wp-block-heading\"><strong>Portraits &amp; Pers\u00f6nliche Shootings<\/strong><\/h3>\n\n\n\n<p><strong>F\u00fcr Einzelpersonen, Verliebte &amp; Freund*innen<\/strong><\/p>\n\n\n\n<p>Portraits von Menschen, die sich m\u00f6gen, lieben oder einfach zusammengeh\u00f6ren. Manchmal laut, manchmal leise, aber immer unkompliziert, echt und nat\u00fcrlich.<\/p>\n\n\n\n<div class=\"wp-block-buttons is-layout-flex wp-block-buttons-is-layout-flex\">\n<div class=\"wp-block-button\"><a class=\"wp-block-button__link has-text-color has-background has-link-color wp-element-button\" href=\"https:\/\/jetztgibtsbeef.de\/?page_id=1713\" style=\"border-top-left-radius:4px;border-top-right-radius:4px;border-bottom-left-radius:4px;border-bottom-right-radius:4px;color:#800040;background-color:#dfc5eb\">Mehr erfahren<\/a><\/div>\n<\/div>\n<\/div><\/div>\n\n\n\n<div style=\"height:49px\" aria-hidden=\"true\" class=\"wp-block-spacer\"><\/div>\n\n\n\n<div class=\"wp-block-media-text has-media-on-the-right is-stacked-on-mobile\" style=\"grid-template-columns:auto 35%\"><div class=\"wp-block-media-text__content\">\n<h3 class=\"wp-block-heading\"><strong>Babybauch, Newborn &amp; Familien<\/strong><\/h3>\n\n\n\n<p><strong>Alle Phasen &#8211; ein Gef\u00fchl<\/strong><\/p>\n\n\n\n<p>Vom runden Bauch bis zum lauten Familienalltag. Hier geht es um Verbundenheit, Ber\u00fchrung und ungeplante Momente &#8211; voller Liebe, Freude und Zusammenhalt.<\/p>\n\n\n\n<div class=\"wp-block-buttons is-layout-flex wp-block-buttons-is-layout-flex\">\n<div class=\"wp-block-button\"><a class=\"wp-block-button__link has-text-color has-background has-link-color wp-element-button\" href=\"https:\/\/jetztgibtsbeef.de\/?page_id=1759\" style=\"border-top-left-radius:4px;border-top-right-radius:4px;border-bottom-left-radius:4px;border-bottom-right-radius:4px;color:#800040;background-color:#dfc5eb\">Mehr erfahren<\/a><\/div>\n<\/div>\n<\/div><figure class=\"wp-block-media-text__media\"><img loading=\"lazy\" decoding=\"async\" width=\"531\" height=\"1024\" src=\"https:\/\/jetztgibtsbeef.de\/wp-content\/uploads\/2026\/01\/Babybauch-Franzi-2-horz-vert-531x1024.jpg\" alt=\"\" class=\"wp-image-1849 size-full\" srcset=\"https:\/\/jetztgibtsbeef.de\/wp-content\/uploads\/2026\/01\/Babybauch-Franzi-2-horz-vert-531x1024.jpg 531w, https:\/\/jetztgibtsbeef.de\/wp-content\/uploads\/2026\/01\/Babybauch-Franzi-2-horz-vert-155x300.jpg 155w, https:\/\/jetztgibtsbeef.de\/wp-content\/uploads\/2026\/01\/Babybauch-Franzi-2-horz-vert-31x60.jpg 31w, https:\/\/jetztgibtsbeef.de\/wp-content\/uploads\/2026\/01\/Babybauch-Franzi-2-horz-vert.jpg 614w\" sizes=\"auto, (max-width: 531px) 100vw, 531px\" \/><\/figure><\/div>\n\n\n\n<div class=\"wp-block-media-text is-stacked-on-mobile\" style=\"grid-template-columns:35% auto\"><figure class=\"wp-block-media-text__media\"><img loading=\"lazy\" decoding=\"async\" width=\"358\" height=\"524\" src=\"https:\/\/jetztgibtsbeef.de\/wp-content\/uploads\/2026\/01\/Boudoir-Tamara-1-horz-tile-vert.jpg\" alt=\"\" class=\"wp-image-1850 size-full\" srcset=\"https:\/\/jetztgibtsbeef.de\/wp-content\/uploads\/2026\/01\/Boudoir-Tamara-1-horz-tile-vert.jpg 358w, https:\/\/jetztgibtsbeef.de\/wp-content\/uploads\/2026\/01\/Boudoir-Tamara-1-horz-tile-vert-205x300.jpg 205w, https:\/\/jetztgibtsbeef.de\/wp-content\/uploads\/2026\/01\/Boudoir-Tamara-1-horz-tile-vert-41x60.jpg 41w\" sizes=\"auto, (max-width: 358px) 100vw, 358px\" \/><\/figure><div class=\"wp-block-media-text__content\">\n<h3 class=\"wp-block-heading\"><strong>Boudoir &amp; Inszenierte Weiblichkeit<\/strong><\/h3>\n\n\n\n<p><strong>Weiblichkeit ohne Erkl\u00e4rungspflicht<\/strong><\/p>\n\n\n\n<p>Boudoir feiert deinen K\u00f6rper. Ob reduziert und echt oder floral, opulent und k\u00fcnstlerisch. Mit einer Gemeinsamkeit: Immer Selbstbestimmt, sinnlich und frei von gesellschaftlichen Erwartungen.<\/p>\n\n\n\n<div class=\"wp-block-buttons is-layout-flex wp-block-buttons-is-layout-flex\">\n<div class=\"wp-block-button is-style-fill\"><a class=\"wp-block-button__link has-text-color has-background has-link-color wp-element-button\" href=\"https:\/\/jetztgibtsbeef.de\/?page_id=1754\" style=\"border-top-left-radius:4px;border-top-right-radius:4px;border-bottom-left-radius:4px;border-bottom-right-radius:4px;color:#800040;background-color:#dfc5eb\">Mehr erfahren<\/a><\/div>\n<\/div>\n<\/div><\/div>\n\n\n\n<p><\/p>\n","protected":false},"excerpt":{"rendered":"<p>F\u00fcr\u00a0Hochzeiten, Reportagen, Events,\u00a0Kommunionen, Kindergartenfotos\u00a0und alle weitere Anfragen erstelle ich dir gerne ein individuelles Angebot.\u00a0Business-Kunden\u00a0lasse ich gerne per Mail meine Business-Preisliste zukommen oder erstelle auch hier gerne ein individuelles Angebot.<\/p>\n","protected":false},"author":1,"featured_media":0,"parent":0,"menu_order":0,"comment_status":"closed","ping_status":"closed","template":"","meta":{"footnotes":""},"class_list":["post-1709","page","type-page","status-publish","hentry","latest_post"],"_links":{"self":[{"href":"https:\/\/jetztgibtsbeef.de\/index.php?rest_route=\/wp\/v2\/pages\/1709","targetHints":{"allow":["GET"]}}],"collection":[{"href":"https:\/\/jetztgibtsbeef.de\/index.php?rest_route=\/wp\/v2\/pages"}],"about":[{"href":"https:\/\/jetztgibtsbeef.de\/index.php?rest_route=\/wp\/v2\/types\/page"}],"author":[{"embeddable":true,"href":"https:\/\/jetztgibtsbeef.de\/index.php?rest_route=\/wp\/v2\/users\/1"}],"replies":[{"embeddable":true,"href":"https:\/\/jetztgibtsbeef.de\/index.php?rest_route=%2Fwp%2Fv2%2Fcomments&post=1709"}],"version-history":[{"count":12,"href":"https:\/\/jetztgibtsbeef.de\/index.php?rest_route=\/wp\/v2\/pages\/1709\/revisions"}],"predecessor-version":[{"id":1910,"href":"https:\/\/jetztgibtsbeef.de\/index.php?rest_route=\/wp\/v2\/pages\/1709\/revisions\/1910"}],"wp:attachment":[{"href":"https:\/\/jetztgibtsbeef.de\/index.php?rest_route=%2Fwp%2Fv2%2Fmedia&parent=1709"}],"curies":[{"name":"wp","href":"https:\/\/api.w.org\/{rel}","templated":true}]}}