{"id":1713,"date":"2026-01-23T18:44:34","date_gmt":"2026-01-23T18:44:34","guid":{"rendered":"https:\/\/jetztgibtsbeef.de\/?page_id=1713"},"modified":"2026-01-31T23:32:03","modified_gmt":"2026-01-31T23:32:03","slug":"portraits-persoenliche-shootings","status":"publish","type":"page","link":"https:\/\/jetztgibtsbeef.de\/?page_id=1713","title":{"rendered":"Portraits &amp; Pers\u00f6nliche Shootings"},"content":{"rendered":"\n<div class=\"wp-block-media-text is-stacked-on-mobile\"><figure class=\"wp-block-media-text__media\"><img loading=\"lazy\" decoding=\"async\" width=\"1024\" height=\"509\" src=\"https:\/\/jetztgibtsbeef.de\/wp-content\/uploads\/2026\/01\/Anke-Samy-5-tile-1024x509.jpg\" alt=\"\" class=\"wp-image-1786 size-full\" srcset=\"https:\/\/jetztgibtsbeef.de\/wp-content\/uploads\/2026\/01\/Anke-Samy-5-tile-1024x509.jpg 1024w, https:\/\/jetztgibtsbeef.de\/wp-content\/uploads\/2026\/01\/Anke-Samy-5-tile-300x149.jpg 300w, https:\/\/jetztgibtsbeef.de\/wp-content\/uploads\/2026\/01\/Anke-Samy-5-tile-768x382.jpg 768w, https:\/\/jetztgibtsbeef.de\/wp-content\/uploads\/2026\/01\/Anke-Samy-5-tile-1536x764.jpg 1536w, https:\/\/jetztgibtsbeef.de\/wp-content\/uploads\/2026\/01\/Anke-Samy-5-tile-2048x1019.jpg 2048w, https:\/\/jetztgibtsbeef.de\/wp-content\/uploads\/2026\/01\/Anke-Samy-5-tile-121x60.jpg 121w\" sizes=\"auto, (max-width: 1024px) 100vw, 1024px\" \/><\/figure><div class=\"wp-block-media-text__content\">\n<h3 class=\"wp-block-heading\"><strong>Einzelportraits<\/strong><\/h3>\n\n\n\n<p>Authentische Portraits &#8211; ruhig, ehrlich und ohne Druck. F\u00fcr Menschen, die sich auf Bildern wiedererkennen oder sich auch mal ganz neu entdecken m\u00f6chten.<\/p>\n<\/div><\/div>\n\n\n\n<div style=\"height:100px\" aria-hidden=\"true\" class=\"wp-block-spacer\"><\/div>\n\n\n\n<div class=\"wp-block-columns is-layout-flex wp-container-core-columns-is-layout-9d6595d7 wp-block-columns-is-layout-flex\">\n<div class=\"wp-block-column is-layout-flow wp-block-column-is-layout-flow\">\n<h3 class=\"wp-block-heading has-text-align-left\"><strong>Portrait Mini<\/strong><\/h3>\n\n\n\n<p class=\"has-text-align-left\"><strong>Ein kurzer Moment nur f\u00fcr Dich<\/strong><\/p>\n\n\n\n<p>Das Mini-Portrait ist kurz, unkompliziert und entspannt. Ideal, wenn du jetzt aktuelle Bilder willst &#8211; ohne langes Shooting.<\/p>\n\n\n\n<p><em>Dieses Shooting ist f\u00fcr dich, wenn:<\/em><\/p>\n\n\n\n<ul class=\"wp-block-list\">\n<li><em>du nicht l\u00e4nger warten willst, bis &#8222;der richtige Zeitpunkt&#8220; kommt<\/em><\/li>\n\n\n\n<li><em>du die Kamera erstmal kennen lernen m\u00f6chtest<\/em><\/li>\n\n\n\n<li><em>du aktuelle Bilder zwischendurch brauchst<\/em><\/li>\n\n\n\n<li><em>du wenig Zeit hast<\/em><\/li>\n<\/ul>\n\n\n\n<p><strong>Inklusive:<\/strong><\/p>\n\n\n\n<ul class=\"wp-block-list\">\n<li>ca. 20 Minuten Shooting<\/li>\n\n\n\n<li>im Studio, Outdoor oder bei dir<\/li>\n\n\n\n<li>2 Wunschbilder (bearbeitet und digital)<\/li>\n\n\n\n<li>jeweils in Farbe und Schwarz-wei\u00df<\/li>\n\n\n\n<li>Auswahl bequem via Online-Galerie<\/li>\n\n\n\n<li>Weitere Bilder: 15,- \u20ac\/Einzelbild<\/li>\n<\/ul>\n\n\n\n<div style=\"height:57px\" aria-hidden=\"true\" class=\"wp-block-spacer\"><\/div>\n\n\n\n<h3 class=\"wp-block-heading has-text-align-center\"><strong>89,- \u20ac<\/strong><\/h3>\n<\/div>\n\n\n\n<div class=\"wp-block-column is-layout-flow wp-block-column-is-layout-flow\">\n<h3 class=\"wp-block-heading has-text-align-left\"><strong>P<\/strong><strong>ortrait Klassisch<\/strong><\/h3>\n\n\n\n<p class=\"has-text-align-left\"><strong>Zeit, um vor der Kamera anzukommen<\/strong><\/p>\n\n\n\n<p>Ein Portraitshooting mit ausreichend Zeit und einer stimmigen Bildserie. Ohne Druck, ohne Posing-Marathon.<\/p>\n\n\n\n<p><em>Dieses Shooting ist f\u00fcr dich, wenn:<\/em><\/p>\n\n\n\n<ul class=\"wp-block-list\">\n<li><em>du etwas Zeit brauchst um mit der Kamera warm zu werden<\/em><\/li>\n\n\n\n<li><em>du nicht nur ein Bild, sondern mehrere Motive willst<\/em><\/li>\n\n\n\n<li><em>dir ein klarer Rahmen wichtiger ist, als ein langes Shooting<\/em><\/li>\n<\/ul>\n\n\n\n<p><strong>Inklusive:<\/strong><\/p>\n\n\n\n<ul class=\"wp-block-list\">\n<li>ca. 45 Minuten Shooting<\/li>\n\n\n\n<li>im Studio, Outdoor oder bei dir<\/li>\n\n\n\n<li>6 Wunschbilder (bearbeitet und digital)<\/li>\n\n\n\n<li>jeweils in Farbe und Schwarz-wei\u00df<\/li>\n\n\n\n<li>Auswahl bequem via Online-Galerie<\/li>\n\n\n\n<li>Weitere Bilder: 15,- \u20ac\/Einzelbild | 60,- \u20ac\/weitere 5 Bilder<\/li>\n<\/ul>\n\n\n\n<div style=\"height:30px\" aria-hidden=\"true\" class=\"wp-block-spacer\"><\/div>\n\n\n\n<h3 class=\"wp-block-heading has-text-align-center\"><strong>149,- \u20ac<\/strong><\/h3>\n<\/div>\n\n\n\n<div class=\"wp-block-column is-layout-flow wp-block-column-is-layout-flow\">\n<h3 class=\"wp-block-heading has-text-align-left\"><strong>Portrait Erweitert<\/strong><\/h3>\n\n\n\n<p class=\"has-text-align-left\"><strong>Mehr Zeit, mehr Facetten<\/strong><\/p>\n\n\n\n<p>Ein Shooting mit mehr Zeit, mehr Bildern und mehr M\u00f6glichkeiten. Wir wechseln Stimmungen, probieren Dinge aus und halten mehr fest als nur einen Moment.<\/p>\n\n\n\n<p><em>Dieses Shooting ist f\u00fcr dich, wenn:<\/em><\/p>\n\n\n\n<ul class=\"wp-block-list\">\n<li><em>du verschiedene Facetten von dir zeigen willst<\/em><\/li>\n\n\n\n<li><em>du eine zusammenh\u00e4ngende Serie statt einzelner Bilder suchst<\/em><\/li>\n\n\n\n<li><em>du Motive ausprobieren m\u00f6chtest, ohne Zeitdruck<\/em><\/li>\n\n\n\n<li><em>du mehr willst, als &#8222;ein sch\u00f6nes Portrait&#8220;<\/em><\/li>\n<\/ul>\n\n\n\n<p><strong>Inklusive:<\/strong><\/p>\n\n\n\n<ul class=\"wp-block-list\">\n<li>ca. 90 Minuten Shooting<\/li>\n\n\n\n<li>im Studio und Outdoor oder bei dir und Outdoor<\/li>\n\n\n\n<li>12 Wunschbilder (bearbeitet und digital)<\/li>\n\n\n\n<li>jeweils in Farbe und Schwarz-wei\u00df<\/li>\n\n\n\n<li>Auswahl bequem via Online-Galerie<\/li>\n\n\n\n<li>Weitere Bilder: 15,- \u20ac\/Einzelbild | 60,- \u20ac\/weitere 5 Bilder<\/li>\n\n\n\n<li>Outfitwechsel<\/li>\n<\/ul>\n\n\n\n<h3 class=\"wp-block-heading has-text-align-center\"><strong>249,-<\/strong> <strong>\u20ac<\/strong><\/h3>\n<\/div>\n<\/div>\n\n\n\n<div class=\"wp-block-columns is-layout-flex wp-container-core-columns-is-layout-9d6595d7 wp-block-columns-is-layout-flex\">\n<div class=\"wp-block-column is-layout-flow wp-block-column-is-layout-flow\">\n<div class=\"wp-block-buttons is-content-justification-center is-layout-flex wp-container-core-buttons-is-layout-16018d1d wp-block-buttons-is-layout-flex\">\n<div class=\"wp-block-button\"><a class=\"wp-block-button__link has-text-color has-background has-link-color wp-element-button\" href=\"https:\/\/jetztgibtsbeef.myportfolio.com\/individuelle-portraits\" style=\"border-top-left-radius:4px;border-top-right-radius:4px;border-bottom-left-radius:4px;border-bottom-right-radius:4px;color:#800040;background-color:#dfc5eb\">mehr Portraits<\/a><\/div>\n<\/div>\n<\/div>\n\n\n\n<div class=\"wp-block-column is-layout-flow wp-block-column-is-layout-flow\">\n<div class=\"wp-block-buttons is-content-justification-center is-layout-flex wp-container-core-buttons-is-layout-16018d1d wp-block-buttons-is-layout-flex\">\n<div class=\"wp-block-button\"><a class=\"wp-block-button__link has-text-color has-background has-link-color wp-element-button\" href=\"https:\/\/jetztgibtsbeef.de\/?page_id=71\" style=\"border-top-left-radius:4px;border-top-right-radius:4px;border-bottom-left-radius:4px;border-bottom-right-radius:4px;color:#800040;background-color:#dfc5eb\">jetzt anfragen<\/a><\/div>\n<\/div>\n<\/div>\n<\/div>\n\n\n\n<hr class=\"wp-block-separator has-alpha-channel-opacity\"\/>\n\n\n\n<div style=\"height:50px\" aria-hidden=\"true\" class=\"wp-block-spacer\"><\/div>\n\n\n\n<div class=\"wp-block-columns is-layout-flex wp-container-core-columns-is-layout-9d6595d7 wp-block-columns-is-layout-flex\">\n<div class=\"wp-block-column is-layout-flow wp-block-column-is-layout-flow\">\n<div class=\"wp-block-media-text is-stacked-on-mobile\"><figure class=\"wp-block-media-text__media\"><img loading=\"lazy\" decoding=\"async\" width=\"1024\" height=\"509\" src=\"https:\/\/jetztgibtsbeef.de\/wp-content\/uploads\/2026\/01\/Lovebirds-Clarissa-Ingo-6-tile-1024x509.jpg\" alt=\"\" class=\"wp-image-1787 size-full\" srcset=\"https:\/\/jetztgibtsbeef.de\/wp-content\/uploads\/2026\/01\/Lovebirds-Clarissa-Ingo-6-tile-1024x509.jpg 1024w, https:\/\/jetztgibtsbeef.de\/wp-content\/uploads\/2026\/01\/Lovebirds-Clarissa-Ingo-6-tile-300x149.jpg 300w, https:\/\/jetztgibtsbeef.de\/wp-content\/uploads\/2026\/01\/Lovebirds-Clarissa-Ingo-6-tile-768x382.jpg 768w, https:\/\/jetztgibtsbeef.de\/wp-content\/uploads\/2026\/01\/Lovebirds-Clarissa-Ingo-6-tile-1536x764.jpg 1536w, https:\/\/jetztgibtsbeef.de\/wp-content\/uploads\/2026\/01\/Lovebirds-Clarissa-Ingo-6-tile-2048x1019.jpg 2048w, https:\/\/jetztgibtsbeef.de\/wp-content\/uploads\/2026\/01\/Lovebirds-Clarissa-Ingo-6-tile-121x60.jpg 121w\" sizes=\"auto, (max-width: 1024px) 100vw, 1024px\" \/><\/figure><div class=\"wp-block-media-text__content\">\n<h3 class=\"wp-block-heading\"><strong>Verliebte &amp; Freund*innen<\/strong><\/h3>\n\n\n\n<p>Ihr m\u00fcsst hier nichts darstellen. Ihr d\u00fcrft reden, lachen, Spa\u00df haben. Diese Shootings leben von Interaktion, Ber\u00fchrungen und Bewegung. Echte Bilder statt gestellter Romantik-Klischees.<\/p>\n\n\n\n<p>Am Ende habt ihr Bilder, bei denen ihr euch denkt: <em>\u201eJa. Genau so sind wir.\u201c<\/em><\/p>\n\n\n\n<p>Egal ob verliebt, befreundet oder irgendwo dazwischen: im Mittelpunkt steht nicht, wie ihr ausseht, sondern wie ihr miteinander seid &#x2665;<\/p>\n<\/div><\/div>\n<\/div>\n<\/div>\n\n\n\n<div style=\"height:100px\" aria-hidden=\"true\" class=\"wp-block-spacer\"><\/div>\n\n\n\n<div class=\"wp-block-columns is-layout-flex wp-container-core-columns-is-layout-9d6595d7 wp-block-columns-is-layout-flex\">\n<div class=\"wp-block-column is-layout-flow wp-block-column-is-layout-flow\">\n<h4 class=\"wp-block-heading has-text-align-left\"><strong>Verliebte | Freund*innen Mini<\/strong><\/h4>\n\n\n\n<p class=\"has-text-align-left\"><strong>Kurz &amp; echt<\/strong><\/p>\n\n\n\n<p>Ein kurzer gemeinsamer Moment, festgehalten ohne viel Drumherum. Reduziert, direkt und genau dann richtig, wenn es unkompliziert sein soll.<\/p>\n\n\n\n<p><em>Das Mini ist f\u00fcr euch, wenn ihr : <\/em><\/p>\n\n\n\n<ul class=\"wp-block-list\">\n<li><em>einfach &amp; schnell ein paar gute Bilder von euch wollt<\/em><\/li>\n\n\n\n<li><em>nicht viel Zeit habt<\/em><\/li>\n\n\n\n<li><em>einfach mal in meine Arbeit &#8222;reinschnuppern&#8220; wollt<\/em><\/li>\n<\/ul>\n\n\n\n<p><strong>Inklusive:<\/strong><\/p>\n\n\n\n<ul class=\"wp-block-list\">\n<li>ca. 20 Minuten Shooting<\/li>\n\n\n\n<li>im Studio, Outdoor oder bei euch<\/li>\n\n\n\n<li>2 Wunschbilder (bearbeitet und digital)<\/li>\n\n\n\n<li>jeweils in Farbe und Schwarz-Wei\u00df<\/li>\n\n\n\n<li>Auswahl bequem via Online-Galerie<\/li>\n\n\n\n<li>Weitere Bilder: 15,- \u20ac\/Einzelbild<\/li>\n<\/ul>\n\n\n\n<div style=\"height:60px\" aria-hidden=\"true\" class=\"wp-block-spacer\"><\/div>\n\n\n\n<h3 class=\"wp-block-heading has-text-align-center\"><strong>99,- \u20ac<\/strong><\/h3>\n<\/div>\n\n\n\n<div class=\"wp-block-column is-layout-flow wp-block-column-is-layout-flow\">\n<h4 class=\"wp-block-heading has-text-align-left\"><strong>Verliebte | Freund*innen Klassisch<\/strong><\/h4>\n\n\n\n<p class=\"has-text-align-left\"><strong>Zeit, um miteinander anzukommen<\/strong><\/p>\n\n\n\n<p>Ein Shooting mit genug Zeit f\u00fcr N\u00e4he, Bewegung und unterschiedliche Motive. Wir lassen euch warm werden und erz\u00e4hlen eine kleine Geschichte.<\/p>\n\n\n\n<p><em>Klassisch ist f\u00fcr euch, wenn ihr : <\/em><\/p>\n\n\n\n<ul class=\"wp-block-list\">\n<li><em>nicht nur ein Bild, sondern mehrere Motive m\u00f6chtet<\/em><\/li>\n\n\n\n<li><em>verschiedene Stimmungen festhalten wollt<\/em><\/li>\n\n\n\n<li><em>euch ein klarer zeitlicher Rahmen gut tut<\/em><\/li>\n<\/ul>\n\n\n\n<p><strong>Inklusive:<\/strong><\/p>\n\n\n\n<ul class=\"wp-block-list\">\n<li>ca. 45 Minuten Shooting<\/li>\n\n\n\n<li>im Studio, Outdoor oder bei euch<\/li>\n\n\n\n<li>6 Wunschbilder (bearbeitet und digital)<\/li>\n\n\n\n<li>jeweils in Farbe und Schwarz-wei\u00df<\/li>\n\n\n\n<li>Auswahl bequem via Online-Galerie<\/li>\n\n\n\n<li>Weitere Bilder: 15,- \u20ac\/Einzelbild | 60,- \u20ac\/weitere 5 Bilder<\/li>\n<\/ul>\n\n\n\n<div style=\"height:33px\" aria-hidden=\"true\" class=\"wp-block-spacer\"><\/div>\n\n\n\n<h3 class=\"wp-block-heading has-text-align-center\"><strong>169<\/strong><strong>,- \u20ac<\/strong><\/h3>\n<\/div>\n\n\n\n<div class=\"wp-block-column is-layout-flow wp-block-column-is-layout-flow\">\n<h4 class=\"wp-block-heading has-text-align-left\"><strong>Verliebte | Freund*innen Erweitert<\/strong><\/h4>\n\n\n\n<p class=\"has-text-align-left\"><strong>Mehr Zeit. Mehr Bilder. Mehr von euch.<\/strong><\/p>\n\n\n\n<p>Ein l\u00e4ngeres Shooting mit gr\u00f6\u00dferer Bildauswahl. So entstehen unterschiedliche Situationen, ohne entscheiden zu m\u00fcssen, was &#8222;wichtig genug&#8220; ist. <\/p>\n\n\n\n<p><em>Erweitert ist f\u00fcr euch, wenn ihr :<\/em><\/p>\n\n\n\n<ul class=\"wp-block-list\">\n<li><em>euch nicht zwischen Momenten entscheiden wollt<\/em><\/li>\n\n\n\n<li><em>Vielfalt statt nur Highlights m\u00f6chtet<\/em><\/li>\n\n\n\n<li><em>eine zusammenh\u00e4ngende Bildserie sucht<\/em><\/li>\n<\/ul>\n\n\n\n<p><strong>Inklusive:<\/strong><\/p>\n\n\n\n<ul class=\"wp-block-list\">\n<li>ca. 90 Minuten Shooting<\/li>\n\n\n\n<li>im Studio und Outdoor oder bei euch und Outdoor<\/li>\n\n\n\n<li>12 Wunschbilder (bearbeitet und digital)<\/li>\n\n\n\n<li>jeweils in Farbe und Schwarz-Wei\u00df<\/li>\n\n\n\n<li>Auswahl bequem via Online-Galerie<\/li>\n\n\n\n<li>Weitere Bilder: 15,- \u20ac\/Einzelbild | 60,- \u20ac\/weitere 5 Bilder<\/li>\n\n\n\n<li>Outfitwechsel<\/li>\n<\/ul>\n\n\n\n<h3 class=\"wp-block-heading has-text-align-center\"><strong>269,- \u20ac<\/strong><\/h3>\n<\/div>\n<\/div>\n\n\n\n<div class=\"wp-block-columns is-layout-flex wp-container-core-columns-is-layout-9d6595d7 wp-block-columns-is-layout-flex\">\n<div class=\"wp-block-column is-layout-flow wp-block-column-is-layout-flow\">\n<div class=\"wp-block-columns is-layout-flex wp-container-core-columns-is-layout-9d6595d7 wp-block-columns-is-layout-flex\">\n<div class=\"wp-block-column is-layout-flow wp-block-column-is-layout-flow\" style=\"flex-basis:100%\">\n<div class=\"wp-block-buttons is-content-justification-center is-layout-flex wp-container-core-buttons-is-layout-16018d1d wp-block-buttons-is-layout-flex\">\n<div class=\"wp-block-button\"><a class=\"wp-block-button__link has-text-color has-background has-link-color wp-element-button\" href=\"https:\/\/jetztgibtsbeef.myportfolio.com\/verliebt-1\" style=\"border-top-left-radius:4px;border-top-right-radius:4px;border-bottom-left-radius:4px;border-bottom-right-radius:4px;color:#800040;background-color:#dfc5eb\">mehr Verliebte<\/a><\/div>\n\n\n\n<div class=\"wp-block-button\"><a class=\"wp-block-button__link has-text-color has-background has-link-color wp-element-button\" href=\"https:\/\/jetztgibtsbeef.myportfolio.com\/freundinnen\" style=\"border-top-left-radius:4px;border-top-right-radius:4px;border-bottom-left-radius:4px;border-bottom-right-radius:4px;color:#800040;background-color:#dfc5eb\">mehr Freund*innen<\/a><\/div>\n<\/div>\n<\/div>\n<\/div>\n<\/div>\n\n\n\n<div class=\"wp-block-column is-layout-flow wp-block-column-is-layout-flow\">\n<div class=\"wp-block-buttons is-content-justification-center is-layout-flex wp-container-core-buttons-is-layout-16018d1d wp-block-buttons-is-layout-flex\">\n<div class=\"wp-block-button\"><a class=\"wp-block-button__link has-text-color has-background has-link-color has-text-align-center wp-element-button\" href=\"https:\/\/jetztgibtsbeef.de\/?page_id=71\" style=\"border-top-left-radius:4px;border-top-right-radius:4px;border-bottom-left-radius:4px;border-bottom-right-radius:4px;color:#800040;background-color:#dfc5eb\">jetzt anfragen<\/a><\/div>\n<\/div>\n<\/div>\n<\/div>\n\n\n\n<div style=\"height:100px\" aria-hidden=\"true\" class=\"wp-block-spacer\"><\/div>\n\n\n\n<ul class=\"wp-block-list\">\n<li>alle Preise inkl. 19 % MwSt.<\/li>\n\n\n\n<li>Aufpreis Home-Shootings:\u00a0<strong>20,- \u20ac Pauschale<\/strong><\/li>\n\n\n\n<li>Sch\u00fcler, Studenten und Menschen mit einem BdB ab 50 % erhalten gegen Vorlage eines entsprechendes Ausweises\u00a0<strong>10 % Rabatt<\/strong>\u00a0auf alle Pakete.<\/li>\n\n\n\n<li>alle Bilder sind digital und professionell nachbearbeitet<\/li>\n\n\n\n<li>Hochwertige Drucke und andere Fotoprodukte k\u00f6nnen auf Wunsch gerne hinzugebucht werden<\/li>\n\n\n\n<li>Anfahrtskosten im Umkreis von 15 km (93090) frei \u2013 jeder weitere km 0,50 \u20ac<\/li>\n<\/ul>\n","protected":false},"excerpt":{"rendered":"<p>Einzelportraits Authentische Portraits &#8211; ruhig, ehrlich und ohne Druck. F\u00fcr Menschen, die sich auf Bildern wiedererkennen oder sich auch mal ganz neu entdecken m\u00f6chten. Portrait Mini Ein kurzer Moment nur f\u00fcr Dich Das Mini-Portrait ist kurz, unkompliziert und entspannt. Ideal, wenn du jetzt aktuelle Bilder willst &#8211; ohne langes Shooting. Dieses Shooting ist f\u00fcr dich, &hellip; <\/p>\n","protected":false},"author":1,"featured_media":0,"parent":0,"menu_order":0,"comment_status":"closed","ping_status":"closed","template":"","meta":{"footnotes":""},"class_list":["post-1713","page","type-page","status-publish","hentry","latest_post"],"_links":{"self":[{"href":"https:\/\/jetztgibtsbeef.de\/index.php?rest_route=\/wp\/v2\/pages\/1713","targetHints":{"allow":["GET"]}}],"collection":[{"href":"https:\/\/jetztgibtsbeef.de\/index.php?rest_route=\/wp\/v2\/pages"}],"about":[{"href":"https:\/\/jetztgibtsbeef.de\/index.php?rest_route=\/wp\/v2\/types\/page"}],"author":[{"embeddable":true,"href":"https:\/\/jetztgibtsbeef.de\/index.php?rest_route=\/wp\/v2\/users\/1"}],"replies":[{"embeddable":true,"href":"https:\/\/jetztgibtsbeef.de\/index.php?rest_route=%2Fwp%2Fv2%2Fcomments&post=1713"}],"version-history":[{"count":43,"href":"https:\/\/jetztgibtsbeef.de\/index.php?rest_route=\/wp\/v2\/pages\/1713\/revisions"}],"predecessor-version":[{"id":1907,"href":"https:\/\/jetztgibtsbeef.de\/index.php?rest_route=\/wp\/v2\/pages\/1713\/revisions\/1907"}],"wp:attachment":[{"href":"https:\/\/jetztgibtsbeef.de\/index.php?rest_route=%2Fwp%2Fv2%2Fmedia&parent=1713"}],"curies":[{"name":"wp","href":"https:\/\/api.w.org\/{rel}","templated":true}]}}