{"id":2076,"date":"2026-02-08T10:48:58","date_gmt":"2026-02-08T10:48:58","guid":{"rendered":"https:\/\/jetztgibtsbeef.de\/?page_id=2076"},"modified":"2026-02-08T10:50:24","modified_gmt":"2026-02-08T10:50:24","slug":"fundus-fluegel","status":"publish","type":"page","link":"https:\/\/jetztgibtsbeef.de\/?page_id=2076","title":{"rendered":"Fundus &#8211; Fl\u00fcgel"},"content":{"rendered":"\n<p>Fl\u00fcgel, die gerne f\u00fcr meine Fantasy-Shootings verwendet werden k\u00f6nnen.<\/p>\n\n\n\n<figure class=\"wp-block-gallery has-nested-images columns-2 is-cropped wp-block-gallery-1 is-layout-flex wp-block-gallery-is-layout-flex\">\n<figure class=\"wp-block-image size-large\"><img loading=\"lazy\" decoding=\"async\" width=\"1024\" height=\"683\" data-id=\"2078\" src=\"https:\/\/jetztgibtsbeef.de\/wp-content\/uploads\/2026\/02\/Fluegel-1-1024x683.jpg\" alt=\"\" class=\"wp-image-2078\" srcset=\"https:\/\/jetztgibtsbeef.de\/wp-content\/uploads\/2026\/02\/Fluegel-1-1024x683.jpg 1024w, https:\/\/jetztgibtsbeef.de\/wp-content\/uploads\/2026\/02\/Fluegel-1-300x200.jpg 300w, https:\/\/jetztgibtsbeef.de\/wp-content\/uploads\/2026\/02\/Fluegel-1-768x512.jpg 768w, https:\/\/jetztgibtsbeef.de\/wp-content\/uploads\/2026\/02\/Fluegel-1-1536x1025.jpg 1536w, https:\/\/jetztgibtsbeef.de\/wp-content\/uploads\/2026\/02\/Fluegel-1-450x300.jpg 450w, https:\/\/jetztgibtsbeef.de\/wp-content\/uploads\/2026\/02\/Fluegel-1-90x60.jpg 90w, https:\/\/jetztgibtsbeef.de\/wp-content\/uploads\/2026\/02\/Fluegel-1.jpg 1859w\" sizes=\"auto, (max-width: 1024px) 100vw, 1024px\" \/><\/figure>\n\n\n\n<figure class=\"wp-block-image size-large\"><img loading=\"lazy\" decoding=\"async\" width=\"1024\" height=\"683\" data-id=\"2077\" src=\"https:\/\/jetztgibtsbeef.de\/wp-content\/uploads\/2026\/02\/Fluegel-2-1024x683.jpg\" alt=\"\" class=\"wp-image-2077\" srcset=\"https:\/\/jetztgibtsbeef.de\/wp-content\/uploads\/2026\/02\/Fluegel-2-1024x683.jpg 1024w, https:\/\/jetztgibtsbeef.de\/wp-content\/uploads\/2026\/02\/Fluegel-2-300x200.jpg 300w, https:\/\/jetztgibtsbeef.de\/wp-content\/uploads\/2026\/02\/Fluegel-2-768x512.jpg 768w, https:\/\/jetztgibtsbeef.de\/wp-content\/uploads\/2026\/02\/Fluegel-2-1536x1024.jpg 1536w, https:\/\/jetztgibtsbeef.de\/wp-content\/uploads\/2026\/02\/Fluegel-2-450x300.jpg 450w, https:\/\/jetztgibtsbeef.de\/wp-content\/uploads\/2026\/02\/Fluegel-2-90x60.jpg 90w, https:\/\/jetztgibtsbeef.de\/wp-content\/uploads\/2026\/02\/Fluegel-2.jpg 1722w\" sizes=\"auto, (max-width: 1024px) 100vw, 1024px\" \/><\/figure>\n\n\n\n<figure class=\"wp-block-image size-large\"><img loading=\"lazy\" decoding=\"async\" width=\"683\" height=\"1024\" data-id=\"2079\" src=\"https:\/\/jetztgibtsbeef.de\/wp-content\/uploads\/2026\/02\/Fluegel-3-683x1024.jpg\" alt=\"\" class=\"wp-image-2079\" srcset=\"https:\/\/jetztgibtsbeef.de\/wp-content\/uploads\/2026\/02\/Fluegel-3-683x1024.jpg 683w, https:\/\/jetztgibtsbeef.de\/wp-content\/uploads\/2026\/02\/Fluegel-3-200x300.jpg 200w, https:\/\/jetztgibtsbeef.de\/wp-content\/uploads\/2026\/02\/Fluegel-3-768x1152.jpg 768w, https:\/\/jetztgibtsbeef.de\/wp-content\/uploads\/2026\/02\/Fluegel-3-1024x1536.jpg 1024w, https:\/\/jetztgibtsbeef.de\/wp-content\/uploads\/2026\/02\/Fluegel-3-1365x2048.jpg 1365w, https:\/\/jetztgibtsbeef.de\/wp-content\/uploads\/2026\/02\/Fluegel-3-40x60.jpg 40w, https:\/\/jetztgibtsbeef.de\/wp-content\/uploads\/2026\/02\/Fluegel-3-scaled.jpg 1707w\" sizes=\"auto, (max-width: 683px) 100vw, 683px\" \/><\/figure>\n<\/figure>\n","protected":false},"excerpt":{"rendered":"<p>Fl\u00fcgel, die gerne f\u00fcr meine Fantasy-Shootings verwendet werden k\u00f6nnen.<\/p>\n","protected":false},"author":1,"featured_media":0,"parent":0,"menu_order":0,"comment_status":"closed","ping_status":"closed","template":"","meta":{"footnotes":""},"class_list":["post-2076","page","type-page","status-publish","hentry","latest_post"],"_links":{"self":[{"href":"https:\/\/jetztgibtsbeef.de\/index.php?rest_route=\/wp\/v2\/pages\/2076","targetHints":{"allow":["GET"]}}],"collection":[{"href":"https:\/\/jetztgibtsbeef.de\/index.php?rest_route=\/wp\/v2\/pages"}],"about":[{"href":"https:\/\/jetztgibtsbeef.de\/index.php?rest_route=\/wp\/v2\/types\/page"}],"author":[{"embeddable":true,"href":"https:\/\/jetztgibtsbeef.de\/index.php?rest_route=\/wp\/v2\/users\/1"}],"replies":[{"embeddable":true,"href":"https:\/\/jetztgibtsbeef.de\/index.php?rest_route=%2Fwp%2Fv2%2Fcomments&post=2076"}],"version-history":[{"count":2,"href":"https:\/\/jetztgibtsbeef.de\/index.php?rest_route=\/wp\/v2\/pages\/2076\/revisions"}],"predecessor-version":[{"id":2083,"href":"https:\/\/jetztgibtsbeef.de\/index.php?rest_route=\/wp\/v2\/pages\/2076\/revisions\/2083"}],"wp:attachment":[{"href":"https:\/\/jetztgibtsbeef.de\/index.php?rest_route=%2Fwp%2Fv2%2Fmedia&parent=2076"}],"curies":[{"name":"wp","href":"https:\/\/api.w.org\/{rel}","templated":true}]}}