{"id":325,"date":"2021-05-29T19:58:48","date_gmt":"2021-05-29T19:58:48","guid":{"rendered":"http:\/\/jetztgibtsbeef.com\/?page_id=325"},"modified":"2026-02-07T19:30:12","modified_gmt":"2026-02-07T19:30:12","slug":"babybauchkleider","status":"publish","type":"page","link":"https:\/\/jetztgibtsbeef.de\/?page_id=325","title":{"rendered":"Fundus &#8211; Babybauchkleider"},"content":{"rendered":"\n<p>Diese Kleider stehen dir f\u00fcr Babybauchshootings bei mir im Studio oder Outdoor zur Verf\u00fcgung. Gr\u00f6\u00dfentechnisch sind fast alle One-Size, aber durch Gummizug sehr dehnbar.<\/p>\n\n\n\n<div class=\"wp-block-group\"><div class=\"wp-block-group__inner-container is-layout-flow wp-block-group-is-layout-flow\">\n<div class=\"wp-block-columns is-layout-flex wp-container-core-columns-is-layout-9d6595d7 wp-block-columns-is-layout-flex\">\n<div class=\"wp-block-column is-layout-flow wp-block-column-is-layout-flow\" style=\"flex-basis:100%\">\n<figure class=\"wp-block-gallery has-nested-images columns-default is-cropped wp-block-gallery-1 is-layout-flex wp-block-gallery-is-layout-flex\">\n<figure class=\"wp-block-image size-large\"><img loading=\"lazy\" decoding=\"async\" width=\"400\" height=\"600\" data-id=\"327\" src=\"https:\/\/jetztgibtsbeef.de\/wp-content\/uploads\/2021\/05\/Babybauchkleid-1.jpg\" alt=\"\" class=\"wp-image-327\" srcset=\"https:\/\/jetztgibtsbeef.de\/wp-content\/uploads\/2021\/05\/Babybauchkleid-1.jpg 400w, https:\/\/jetztgibtsbeef.de\/wp-content\/uploads\/2021\/05\/Babybauchkleid-1-200x300.jpg 200w, https:\/\/jetztgibtsbeef.de\/wp-content\/uploads\/2021\/05\/Babybauchkleid-1-40x60.jpg 40w\" sizes=\"auto, (max-width: 400px) 100vw, 400px\" \/><\/figure>\n\n\n\n<figure class=\"wp-block-image size-large\"><img loading=\"lazy\" decoding=\"async\" width=\"400\" height=\"600\" data-id=\"328\" src=\"https:\/\/jetztgibtsbeef.de\/wp-content\/uploads\/2021\/05\/Babybauchkleid-2.jpg\" alt=\"\" class=\"wp-image-328\" srcset=\"https:\/\/jetztgibtsbeef.de\/wp-content\/uploads\/2021\/05\/Babybauchkleid-2.jpg 400w, https:\/\/jetztgibtsbeef.de\/wp-content\/uploads\/2021\/05\/Babybauchkleid-2-200x300.jpg 200w, https:\/\/jetztgibtsbeef.de\/wp-content\/uploads\/2021\/05\/Babybauchkleid-2-40x60.jpg 40w\" sizes=\"auto, (max-width: 400px) 100vw, 400px\" \/><\/figure>\n\n\n\n<figure class=\"wp-block-image size-large\"><img loading=\"lazy\" decoding=\"async\" width=\"683\" height=\"1024\" data-id=\"1941\" src=\"https:\/\/jetztgibtsbeef.de\/wp-content\/uploads\/2026\/02\/Babybauchkleid-14-683x1024.jpg\" alt=\"\" class=\"wp-image-1941\" srcset=\"https:\/\/jetztgibtsbeef.de\/wp-content\/uploads\/2026\/02\/Babybauchkleid-14-683x1024.jpg 683w, https:\/\/jetztgibtsbeef.de\/wp-content\/uploads\/2026\/02\/Babybauchkleid-14-200x300.jpg 200w, https:\/\/jetztgibtsbeef.de\/wp-content\/uploads\/2026\/02\/Babybauchkleid-14-768x1152.jpg 768w, https:\/\/jetztgibtsbeef.de\/wp-content\/uploads\/2026\/02\/Babybauchkleid-14-1024x1536.jpg 1024w, https:\/\/jetztgibtsbeef.de\/wp-content\/uploads\/2026\/02\/Babybauchkleid-14-1365x2048.jpg 1365w, https:\/\/jetztgibtsbeef.de\/wp-content\/uploads\/2026\/02\/Babybauchkleid-14-40x60.jpg 40w, https:\/\/jetztgibtsbeef.de\/wp-content\/uploads\/2026\/02\/Babybauchkleid-14-scaled.jpg 1707w\" sizes=\"auto, (max-width: 683px) 100vw, 683px\" \/><\/figure>\n\n\n\n<figure class=\"wp-block-image size-large\"><img loading=\"lazy\" decoding=\"async\" width=\"400\" height=\"600\" data-id=\"329\" src=\"https:\/\/jetztgibtsbeef.de\/wp-content\/uploads\/2021\/05\/Babybauchkleid-3.jpg\" alt=\"\" class=\"wp-image-329\" srcset=\"https:\/\/jetztgibtsbeef.de\/wp-content\/uploads\/2021\/05\/Babybauchkleid-3.jpg 400w, https:\/\/jetztgibtsbeef.de\/wp-content\/uploads\/2021\/05\/Babybauchkleid-3-200x300.jpg 200w, https:\/\/jetztgibtsbeef.de\/wp-content\/uploads\/2021\/05\/Babybauchkleid-3-40x60.jpg 40w\" sizes=\"auto, (max-width: 400px) 100vw, 400px\" \/><\/figure>\n\n\n\n<figure class=\"wp-block-image size-large\"><img loading=\"lazy\" decoding=\"async\" width=\"683\" height=\"1024\" data-id=\"874\" src=\"https:\/\/jetztgibtsbeef.de\/wp-content\/uploads\/2023\/01\/Babybauchkleid-12-683x1024.jpg\" alt=\"\" class=\"wp-image-874\" srcset=\"https:\/\/jetztgibtsbeef.de\/wp-content\/uploads\/2023\/01\/Babybauchkleid-12-683x1024.jpg 683w, https:\/\/jetztgibtsbeef.de\/wp-content\/uploads\/2023\/01\/Babybauchkleid-12-200x300.jpg 200w, https:\/\/jetztgibtsbeef.de\/wp-content\/uploads\/2023\/01\/Babybauchkleid-12-768x1152.jpg 768w, https:\/\/jetztgibtsbeef.de\/wp-content\/uploads\/2023\/01\/Babybauchkleid-12-40x60.jpg 40w, https:\/\/jetztgibtsbeef.de\/wp-content\/uploads\/2023\/01\/Babybauchkleid-12.jpg 910w\" sizes=\"auto, (max-width: 683px) 100vw, 683px\" \/><\/figure>\n\n\n\n<figure class=\"wp-block-image size-large\"><img loading=\"lazy\" decoding=\"async\" width=\"683\" height=\"1024\" data-id=\"872\" src=\"https:\/\/jetztgibtsbeef.de\/wp-content\/uploads\/2023\/01\/Babybauchkleid-10-683x1024.jpg\" alt=\"\" class=\"wp-image-872\" srcset=\"https:\/\/jetztgibtsbeef.de\/wp-content\/uploads\/2023\/01\/Babybauchkleid-10-683x1024.jpg 683w, https:\/\/jetztgibtsbeef.de\/wp-content\/uploads\/2023\/01\/Babybauchkleid-10-200x300.jpg 200w, https:\/\/jetztgibtsbeef.de\/wp-content\/uploads\/2023\/01\/Babybauchkleid-10-768x1152.jpg 768w, https:\/\/jetztgibtsbeef.de\/wp-content\/uploads\/2023\/01\/Babybauchkleid-10-40x60.jpg 40w, https:\/\/jetztgibtsbeef.de\/wp-content\/uploads\/2023\/01\/Babybauchkleid-10.jpg 880w\" sizes=\"auto, (max-width: 683px) 100vw, 683px\" \/><\/figure>\n\n\n\n<figure class=\"wp-block-image size-large\"><img loading=\"lazy\" decoding=\"async\" width=\"400\" height=\"600\" data-id=\"331\" src=\"https:\/\/jetztgibtsbeef.de\/wp-content\/uploads\/2021\/05\/Babybauchkleid-5.jpg\" alt=\"\" class=\"wp-image-331\" srcset=\"https:\/\/jetztgibtsbeef.de\/wp-content\/uploads\/2021\/05\/Babybauchkleid-5.jpg 400w, https:\/\/jetztgibtsbeef.de\/wp-content\/uploads\/2021\/05\/Babybauchkleid-5-200x300.jpg 200w, https:\/\/jetztgibtsbeef.de\/wp-content\/uploads\/2021\/05\/Babybauchkleid-5-40x60.jpg 40w\" sizes=\"auto, (max-width: 400px) 100vw, 400px\" \/><\/figure>\n\n\n\n<figure class=\"wp-block-image size-large\"><img loading=\"lazy\" decoding=\"async\" width=\"514\" height=\"686\" data-id=\"1944\" src=\"https:\/\/jetztgibtsbeef.de\/wp-content\/uploads\/2026\/02\/Babybauchkleid-13-edited.jpg\" alt=\"\" class=\"wp-image-1944\" srcset=\"https:\/\/jetztgibtsbeef.de\/wp-content\/uploads\/2026\/02\/Babybauchkleid-13-edited.jpg 514w, https:\/\/jetztgibtsbeef.de\/wp-content\/uploads\/2026\/02\/Babybauchkleid-13-edited-225x300.jpg 225w, https:\/\/jetztgibtsbeef.de\/wp-content\/uploads\/2026\/02\/Babybauchkleid-13-edited-45x60.jpg 45w\" sizes=\"auto, (max-width: 514px) 100vw, 514px\" \/><\/figure>\n\n\n\n<figure class=\"wp-block-image size-large\"><img loading=\"lazy\" decoding=\"async\" width=\"683\" height=\"1024\" data-id=\"1942\" src=\"https:\/\/jetztgibtsbeef.de\/wp-content\/uploads\/2026\/02\/Babybauchkleid-15-683x1024.jpg\" alt=\"\" class=\"wp-image-1942\" srcset=\"https:\/\/jetztgibtsbeef.de\/wp-content\/uploads\/2026\/02\/Babybauchkleid-15-683x1024.jpg 683w, https:\/\/jetztgibtsbeef.de\/wp-content\/uploads\/2026\/02\/Babybauchkleid-15-200x300.jpg 200w, https:\/\/jetztgibtsbeef.de\/wp-content\/uploads\/2026\/02\/Babybauchkleid-15-768x1152.jpg 768w, https:\/\/jetztgibtsbeef.de\/wp-content\/uploads\/2026\/02\/Babybauchkleid-15-1024x1536.jpg 1024w, https:\/\/jetztgibtsbeef.de\/wp-content\/uploads\/2026\/02\/Babybauchkleid-15-1365x2048.jpg 1365w, https:\/\/jetztgibtsbeef.de\/wp-content\/uploads\/2026\/02\/Babybauchkleid-15-40x60.jpg 40w, https:\/\/jetztgibtsbeef.de\/wp-content\/uploads\/2026\/02\/Babybauchkleid-15-scaled.jpg 1707w\" sizes=\"auto, (max-width: 683px) 100vw, 683px\" \/><\/figure>\n\n\n\n<figure class=\"wp-block-image size-large\"><img loading=\"lazy\" decoding=\"async\" width=\"683\" height=\"1024\" data-id=\"875\" src=\"https:\/\/jetztgibtsbeef.de\/wp-content\/uploads\/2023\/01\/Babybauchkleid-8-683x1024.jpg\" alt=\"\" class=\"wp-image-875\" srcset=\"https:\/\/jetztgibtsbeef.de\/wp-content\/uploads\/2023\/01\/Babybauchkleid-8-683x1024.jpg 683w, https:\/\/jetztgibtsbeef.de\/wp-content\/uploads\/2023\/01\/Babybauchkleid-8-200x300.jpg 200w, https:\/\/jetztgibtsbeef.de\/wp-content\/uploads\/2023\/01\/Babybauchkleid-8-768x1152.jpg 768w, https:\/\/jetztgibtsbeef.de\/wp-content\/uploads\/2023\/01\/Babybauchkleid-8-1024x1536.jpg 1024w, https:\/\/jetztgibtsbeef.de\/wp-content\/uploads\/2023\/01\/Babybauchkleid-8-40x60.jpg 40w, https:\/\/jetztgibtsbeef.de\/wp-content\/uploads\/2023\/01\/Babybauchkleid-8.jpg 1152w\" sizes=\"auto, (max-width: 683px) 100vw, 683px\" \/><\/figure>\n\n\n\n<figure class=\"wp-block-image size-large\"><img loading=\"lazy\" decoding=\"async\" width=\"683\" height=\"1024\" data-id=\"873\" src=\"https:\/\/jetztgibtsbeef.de\/wp-content\/uploads\/2023\/01\/Babybauchkleid-11-683x1024.jpg\" alt=\"\" class=\"wp-image-873\" srcset=\"https:\/\/jetztgibtsbeef.de\/wp-content\/uploads\/2023\/01\/Babybauchkleid-11-683x1024.jpg 683w, https:\/\/jetztgibtsbeef.de\/wp-content\/uploads\/2023\/01\/Babybauchkleid-11-200x300.jpg 200w, https:\/\/jetztgibtsbeef.de\/wp-content\/uploads\/2023\/01\/Babybauchkleid-11-768x1152.jpg 768w, https:\/\/jetztgibtsbeef.de\/wp-content\/uploads\/2023\/01\/Babybauchkleid-11-40x60.jpg 40w, https:\/\/jetztgibtsbeef.de\/wp-content\/uploads\/2023\/01\/Babybauchkleid-11.jpg 893w\" sizes=\"auto, (max-width: 683px) 100vw, 683px\" \/><\/figure>\n\n\n\n<figure class=\"wp-block-image size-large\"><img loading=\"lazy\" decoding=\"async\" width=\"400\" height=\"600\" data-id=\"333\" src=\"https:\/\/jetztgibtsbeef.de\/wp-content\/uploads\/2021\/05\/Babybauchkleid-7.jpg\" alt=\"\" class=\"wp-image-333\" srcset=\"https:\/\/jetztgibtsbeef.de\/wp-content\/uploads\/2021\/05\/Babybauchkleid-7.jpg 400w, https:\/\/jetztgibtsbeef.de\/wp-content\/uploads\/2021\/05\/Babybauchkleid-7-200x300.jpg 200w, https:\/\/jetztgibtsbeef.de\/wp-content\/uploads\/2021\/05\/Babybauchkleid-7-40x60.jpg 40w\" sizes=\"auto, (max-width: 400px) 100vw, 400px\" \/><\/figure>\n\n\n\n<figure class=\"wp-block-image size-large\"><img loading=\"lazy\" decoding=\"async\" width=\"400\" height=\"600\" data-id=\"330\" src=\"https:\/\/jetztgibtsbeef.de\/wp-content\/uploads\/2021\/05\/Babybauchkleid-4.jpg\" alt=\"\" class=\"wp-image-330\" srcset=\"https:\/\/jetztgibtsbeef.de\/wp-content\/uploads\/2021\/05\/Babybauchkleid-4.jpg 400w, https:\/\/jetztgibtsbeef.de\/wp-content\/uploads\/2021\/05\/Babybauchkleid-4-200x300.jpg 200w, https:\/\/jetztgibtsbeef.de\/wp-content\/uploads\/2021\/05\/Babybauchkleid-4-40x60.jpg 40w\" sizes=\"auto, (max-width: 400px) 100vw, 400px\" \/><\/figure>\n\n\n\n<figure class=\"wp-block-image size-large\"><img loading=\"lazy\" decoding=\"async\" width=\"400\" height=\"600\" data-id=\"332\" src=\"https:\/\/jetztgibtsbeef.de\/wp-content\/uploads\/2021\/05\/Babybauchkleid-6.jpg\" alt=\"\" class=\"wp-image-332\" srcset=\"https:\/\/jetztgibtsbeef.de\/wp-content\/uploads\/2021\/05\/Babybauchkleid-6.jpg 400w, https:\/\/jetztgibtsbeef.de\/wp-content\/uploads\/2021\/05\/Babybauchkleid-6-200x300.jpg 200w, https:\/\/jetztgibtsbeef.de\/wp-content\/uploads\/2021\/05\/Babybauchkleid-6-40x60.jpg 40w\" sizes=\"auto, (max-width: 400px) 100vw, 400px\" \/><\/figure>\n\n\n\n<figure class=\"wp-block-image size-large\"><img loading=\"lazy\" decoding=\"async\" width=\"683\" height=\"1024\" data-id=\"871\" src=\"https:\/\/jetztgibtsbeef.de\/wp-content\/uploads\/2023\/01\/Babybauchkleid-9-683x1024.jpg\" alt=\"\" class=\"wp-image-871\" srcset=\"https:\/\/jetztgibtsbeef.de\/wp-content\/uploads\/2023\/01\/Babybauchkleid-9-683x1024.jpg 683w, https:\/\/jetztgibtsbeef.de\/wp-content\/uploads\/2023\/01\/Babybauchkleid-9-200x300.jpg 200w, https:\/\/jetztgibtsbeef.de\/wp-content\/uploads\/2023\/01\/Babybauchkleid-9-768x1151.jpg 768w, https:\/\/jetztgibtsbeef.de\/wp-content\/uploads\/2023\/01\/Babybauchkleid-9-40x60.jpg 40w, https:\/\/jetztgibtsbeef.de\/wp-content\/uploads\/2023\/01\/Babybauchkleid-9.jpg 884w\" sizes=\"auto, (max-width: 683px) 100vw, 683px\" \/><\/figure>\n<\/figure>\n<\/div>\n<\/div>\n<\/div><\/div>\n\n\n\n<p><\/p>\n","protected":false},"excerpt":{"rendered":"<p>Diese Kleider stehen dir f\u00fcr Babybauchshootings bei mir im Studio oder Outdoor zur Verf\u00fcgung. Gr\u00f6\u00dfentechnisch sind fast alle One-Size, aber durch Gummizug sehr dehnbar.<\/p>\n","protected":false},"author":1,"featured_media":0,"parent":0,"menu_order":0,"comment_status":"closed","ping_status":"closed","template":"","meta":{"footnotes":""},"class_list":["post-325","page","type-page","status-publish","hentry","latest_post"],"_links":{"self":[{"href":"https:\/\/jetztgibtsbeef.de\/index.php?rest_route=\/wp\/v2\/pages\/325","targetHints":{"allow":["GET"]}}],"collection":[{"href":"https:\/\/jetztgibtsbeef.de\/index.php?rest_route=\/wp\/v2\/pages"}],"about":[{"href":"https:\/\/jetztgibtsbeef.de\/index.php?rest_route=\/wp\/v2\/types\/page"}],"author":[{"embeddable":true,"href":"https:\/\/jetztgibtsbeef.de\/index.php?rest_route=\/wp\/v2\/users\/1"}],"replies":[{"embeddable":true,"href":"https:\/\/jetztgibtsbeef.de\/index.php?rest_route=%2Fwp%2Fv2%2Fcomments&post=325"}],"version-history":[{"count":6,"href":"https:\/\/jetztgibtsbeef.de\/index.php?rest_route=\/wp\/v2\/pages\/325\/revisions"}],"predecessor-version":[{"id":1945,"href":"https:\/\/jetztgibtsbeef.de\/index.php?rest_route=\/wp\/v2\/pages\/325\/revisions\/1945"}],"wp:attachment":[{"href":"https:\/\/jetztgibtsbeef.de\/index.php?rest_route=%2Fwp%2Fv2%2Fmedia&parent=325"}],"curies":[{"name":"wp","href":"https:\/\/api.w.org\/{rel}","templated":true}]}}