{"id":407,"date":"2021-05-30T13:24:09","date_gmt":"2021-05-30T13:24:09","guid":{"rendered":"http:\/\/jetztgibtsbeef.com\/?page_id=407"},"modified":"2026-02-07T22:26:14","modified_gmt":"2026-02-07T22:26:14","slug":"umhaenge-ueberwuerfe","status":"publish","type":"page","link":"https:\/\/jetztgibtsbeef.de\/?page_id=407","title":{"rendered":"Fundus &#8211; Umh\u00e4nge &#038; \u00dcberw\u00fcrfe"},"content":{"rendered":"\n<p>\u00dcberw\u00fcrfe und Umh\u00e4nge als Erg\u00e4nzung f\u00fcr Fantasy- und M\u00e4rchen-Shootings<\/p>\n\n\n\n<figure class=\"wp-block-gallery has-nested-images columns-default is-cropped wp-block-gallery-1 is-layout-flex wp-block-gallery-is-layout-flex\">\n<figure class=\"wp-block-image size-large\"><img loading=\"lazy\" decoding=\"async\" width=\"400\" height=\"600\" data-id=\"410\" src=\"https:\/\/jetztgibtsbeef.de\/wp-content\/uploads\/2021\/05\/Umhang-1.jpg\" alt=\"\" class=\"wp-image-410\" srcset=\"https:\/\/jetztgibtsbeef.de\/wp-content\/uploads\/2021\/05\/Umhang-1.jpg 400w, https:\/\/jetztgibtsbeef.de\/wp-content\/uploads\/2021\/05\/Umhang-1-200x300.jpg 200w, https:\/\/jetztgibtsbeef.de\/wp-content\/uploads\/2021\/05\/Umhang-1-40x60.jpg 40w\" sizes=\"auto, (max-width: 400px) 100vw, 400px\" \/><\/figure>\n\n\n\n<figure class=\"wp-block-image size-large\"><img loading=\"lazy\" decoding=\"async\" width=\"400\" height=\"600\" data-id=\"412\" src=\"https:\/\/jetztgibtsbeef.de\/wp-content\/uploads\/2021\/05\/Umhang-2.jpg\" alt=\"\" class=\"wp-image-412\" srcset=\"https:\/\/jetztgibtsbeef.de\/wp-content\/uploads\/2021\/05\/Umhang-2.jpg 400w, https:\/\/jetztgibtsbeef.de\/wp-content\/uploads\/2021\/05\/Umhang-2-200x300.jpg 200w, https:\/\/jetztgibtsbeef.de\/wp-content\/uploads\/2021\/05\/Umhang-2-40x60.jpg 40w\" sizes=\"auto, (max-width: 400px) 100vw, 400px\" \/><\/figure>\n\n\n\n<figure class=\"wp-block-image size-large\"><img loading=\"lazy\" decoding=\"async\" width=\"683\" height=\"1024\" data-id=\"2015\" src=\"https:\/\/jetztgibtsbeef.de\/wp-content\/uploads\/2026\/02\/Umhang-4-683x1024.jpg\" alt=\"\" class=\"wp-image-2015\" srcset=\"https:\/\/jetztgibtsbeef.de\/wp-content\/uploads\/2026\/02\/Umhang-4-683x1024.jpg 683w, https:\/\/jetztgibtsbeef.de\/wp-content\/uploads\/2026\/02\/Umhang-4-200x300.jpg 200w, https:\/\/jetztgibtsbeef.de\/wp-content\/uploads\/2026\/02\/Umhang-4-768x1152.jpg 768w, https:\/\/jetztgibtsbeef.de\/wp-content\/uploads\/2026\/02\/Umhang-4-1024x1536.jpg 1024w, https:\/\/jetztgibtsbeef.de\/wp-content\/uploads\/2026\/02\/Umhang-4-1365x2048.jpg 1365w, https:\/\/jetztgibtsbeef.de\/wp-content\/uploads\/2026\/02\/Umhang-4-40x60.jpg 40w, https:\/\/jetztgibtsbeef.de\/wp-content\/uploads\/2026\/02\/Umhang-4-scaled.jpg 1707w\" sizes=\"auto, (max-width: 683px) 100vw, 683px\" \/><\/figure>\n\n\n\n<figure class=\"wp-block-image size-large\"><img loading=\"lazy\" decoding=\"async\" width=\"683\" height=\"1024\" data-id=\"2016\" src=\"https:\/\/jetztgibtsbeef.de\/wp-content\/uploads\/2026\/02\/Umhang-3-683x1024.jpg\" alt=\"\" class=\"wp-image-2016\" srcset=\"https:\/\/jetztgibtsbeef.de\/wp-content\/uploads\/2026\/02\/Umhang-3-683x1024.jpg 683w, https:\/\/jetztgibtsbeef.de\/wp-content\/uploads\/2026\/02\/Umhang-3-200x300.jpg 200w, https:\/\/jetztgibtsbeef.de\/wp-content\/uploads\/2026\/02\/Umhang-3-768x1152.jpg 768w, https:\/\/jetztgibtsbeef.de\/wp-content\/uploads\/2026\/02\/Umhang-3-1024x1536.jpg 1024w, https:\/\/jetztgibtsbeef.de\/wp-content\/uploads\/2026\/02\/Umhang-3-1365x2048.jpg 1365w, https:\/\/jetztgibtsbeef.de\/wp-content\/uploads\/2026\/02\/Umhang-3-40x60.jpg 40w, https:\/\/jetztgibtsbeef.de\/wp-content\/uploads\/2026\/02\/Umhang-3-scaled.jpg 1707w\" sizes=\"auto, (max-width: 683px) 100vw, 683px\" \/><\/figure>\n\n\n\n<figure class=\"wp-block-image size-large\"><img loading=\"lazy\" decoding=\"async\" width=\"683\" height=\"1024\" data-id=\"909\" src=\"https:\/\/jetztgibtsbeef.de\/wp-content\/uploads\/2023\/01\/Ueberwurf-3-683x1024.jpg\" alt=\"\" class=\"wp-image-909\" srcset=\"https:\/\/jetztgibtsbeef.de\/wp-content\/uploads\/2023\/01\/Ueberwurf-3-683x1024.jpg 683w, https:\/\/jetztgibtsbeef.de\/wp-content\/uploads\/2023\/01\/Ueberwurf-3-200x300.jpg 200w, https:\/\/jetztgibtsbeef.de\/wp-content\/uploads\/2023\/01\/Ueberwurf-3-768x1152.jpg 768w, https:\/\/jetztgibtsbeef.de\/wp-content\/uploads\/2023\/01\/Ueberwurf-3-40x60.jpg 40w, https:\/\/jetztgibtsbeef.de\/wp-content\/uploads\/2023\/01\/Ueberwurf-3.jpg 910w\" sizes=\"auto, (max-width: 683px) 100vw, 683px\" \/><\/figure>\n\n\n\n<figure class=\"wp-block-image size-large\"><img loading=\"lazy\" decoding=\"async\" width=\"400\" height=\"600\" data-id=\"408\" src=\"https:\/\/jetztgibtsbeef.de\/wp-content\/uploads\/2021\/05\/Ueberwurf-1.jpg\" alt=\"\" class=\"wp-image-408\" srcset=\"https:\/\/jetztgibtsbeef.de\/wp-content\/uploads\/2021\/05\/Ueberwurf-1.jpg 400w, https:\/\/jetztgibtsbeef.de\/wp-content\/uploads\/2021\/05\/Ueberwurf-1-200x300.jpg 200w, https:\/\/jetztgibtsbeef.de\/wp-content\/uploads\/2021\/05\/Ueberwurf-1-40x60.jpg 40w\" sizes=\"auto, (max-width: 400px) 100vw, 400px\" \/><\/figure>\n\n\n\n<figure class=\"wp-block-image size-large\"><img loading=\"lazy\" decoding=\"async\" width=\"683\" height=\"1024\" data-id=\"2017\" src=\"https:\/\/jetztgibtsbeef.de\/wp-content\/uploads\/2026\/02\/Umhang-5-683x1024.jpg\" alt=\"\" class=\"wp-image-2017\" srcset=\"https:\/\/jetztgibtsbeef.de\/wp-content\/uploads\/2026\/02\/Umhang-5-683x1024.jpg 683w, https:\/\/jetztgibtsbeef.de\/wp-content\/uploads\/2026\/02\/Umhang-5-200x300.jpg 200w, https:\/\/jetztgibtsbeef.de\/wp-content\/uploads\/2026\/02\/Umhang-5-768x1152.jpg 768w, https:\/\/jetztgibtsbeef.de\/wp-content\/uploads\/2026\/02\/Umhang-5-1024x1536.jpg 1024w, https:\/\/jetztgibtsbeef.de\/wp-content\/uploads\/2026\/02\/Umhang-5-1365x2048.jpg 1365w, https:\/\/jetztgibtsbeef.de\/wp-content\/uploads\/2026\/02\/Umhang-5-40x60.jpg 40w, https:\/\/jetztgibtsbeef.de\/wp-content\/uploads\/2026\/02\/Umhang-5-scaled.jpg 1707w\" sizes=\"auto, (max-width: 683px) 100vw, 683px\" \/><\/figure>\n\n\n\n<figure class=\"wp-block-image size-large\"><img loading=\"lazy\" decoding=\"async\" width=\"683\" height=\"1024\" data-id=\"2018\" src=\"https:\/\/jetztgibtsbeef.de\/wp-content\/uploads\/2026\/02\/Ueberwurf-2-683x1024.jpg\" alt=\"\" class=\"wp-image-2018\" srcset=\"https:\/\/jetztgibtsbeef.de\/wp-content\/uploads\/2026\/02\/Ueberwurf-2-683x1024.jpg 683w, https:\/\/jetztgibtsbeef.de\/wp-content\/uploads\/2026\/02\/Ueberwurf-2-200x300.jpg 200w, https:\/\/jetztgibtsbeef.de\/wp-content\/uploads\/2026\/02\/Ueberwurf-2-768x1152.jpg 768w, https:\/\/jetztgibtsbeef.de\/wp-content\/uploads\/2026\/02\/Ueberwurf-2-1024x1536.jpg 1024w, https:\/\/jetztgibtsbeef.de\/wp-content\/uploads\/2026\/02\/Ueberwurf-2-1365x2048.jpg 1365w, https:\/\/jetztgibtsbeef.de\/wp-content\/uploads\/2026\/02\/Ueberwurf-2-40x60.jpg 40w, https:\/\/jetztgibtsbeef.de\/wp-content\/uploads\/2026\/02\/Ueberwurf-2-scaled.jpg 1707w\" sizes=\"auto, (max-width: 683px) 100vw, 683px\" \/><\/figure>\n<\/figure>\n","protected":false},"excerpt":{"rendered":"<p>\u00dcberw\u00fcrfe und Umh\u00e4nge als Erg\u00e4nzung f\u00fcr Fantasy- und M\u00e4rchen-Shootings<\/p>\n","protected":false},"author":1,"featured_media":0,"parent":0,"menu_order":0,"comment_status":"closed","ping_status":"closed","template":"","meta":{"footnotes":""},"class_list":["post-407","page","type-page","status-publish","hentry","latest_post"],"_links":{"self":[{"href":"https:\/\/jetztgibtsbeef.de\/index.php?rest_route=\/wp\/v2\/pages\/407","targetHints":{"allow":["GET"]}}],"collection":[{"href":"https:\/\/jetztgibtsbeef.de\/index.php?rest_route=\/wp\/v2\/pages"}],"about":[{"href":"https:\/\/jetztgibtsbeef.de\/index.php?rest_route=\/wp\/v2\/types\/page"}],"author":[{"embeddable":true,"href":"https:\/\/jetztgibtsbeef.de\/index.php?rest_route=\/wp\/v2\/users\/1"}],"replies":[{"embeddable":true,"href":"https:\/\/jetztgibtsbeef.de\/index.php?rest_route=%2Fwp%2Fv2%2Fcomments&post=407"}],"version-history":[{"count":4,"href":"https:\/\/jetztgibtsbeef.de\/index.php?rest_route=\/wp\/v2\/pages\/407\/revisions"}],"predecessor-version":[{"id":2020,"href":"https:\/\/jetztgibtsbeef.de\/index.php?rest_route=\/wp\/v2\/pages\/407\/revisions\/2020"}],"wp:attachment":[{"href":"https:\/\/jetztgibtsbeef.de\/index.php?rest_route=%2Fwp%2Fv2%2Fmedia&parent=407"}],"curies":[{"name":"wp","href":"https:\/\/api.w.org\/{rel}","templated":true}]}}