{"id":414,"date":"2021-05-30T13:27:36","date_gmt":"2021-05-30T13:27:36","guid":{"rendered":"http:\/\/jetztgibtsbeef.com\/?page_id=414"},"modified":"2026-02-07T22:20:06","modified_gmt":"2026-02-07T22:20:06","slug":"roecke","status":"publish","type":"page","link":"https:\/\/jetztgibtsbeef.de\/?page_id=414","title":{"rendered":"Fundus &#8211; R\u00f6cke"},"content":{"rendered":"\n<p>Eine Auswahl an R\u00f6cken sowie eine Hose als erg\u00e4nzende Stylingteile f\u00fcr Fotoshootings.<\/p>\n\n\n\n<figure class=\"wp-block-gallery has-nested-images columns-default is-cropped wp-block-gallery-1 is-layout-flex wp-block-gallery-is-layout-flex\">\n<figure class=\"wp-block-image size-large\"><img loading=\"lazy\" decoding=\"async\" width=\"400\" height=\"600\" data-id=\"420\" src=\"https:\/\/jetztgibtsbeef.de\/wp-content\/uploads\/2021\/05\/Rock-6.jpg\" alt=\"\" class=\"wp-image-420\" srcset=\"https:\/\/jetztgibtsbeef.de\/wp-content\/uploads\/2021\/05\/Rock-6.jpg 400w, https:\/\/jetztgibtsbeef.de\/wp-content\/uploads\/2021\/05\/Rock-6-200x300.jpg 200w, https:\/\/jetztgibtsbeef.de\/wp-content\/uploads\/2021\/05\/Rock-6-40x60.jpg 40w\" sizes=\"auto, (max-width: 400px) 100vw, 400px\" \/><\/figure>\n\n\n\n<figure class=\"wp-block-image size-large\"><img loading=\"lazy\" decoding=\"async\" width=\"683\" height=\"1024\" data-id=\"2004\" src=\"https:\/\/jetztgibtsbeef.de\/wp-content\/uploads\/2026\/02\/Rock-10-683x1024.jpg\" alt=\"\" class=\"wp-image-2004\" srcset=\"https:\/\/jetztgibtsbeef.de\/wp-content\/uploads\/2026\/02\/Rock-10-683x1024.jpg 683w, https:\/\/jetztgibtsbeef.de\/wp-content\/uploads\/2026\/02\/Rock-10-200x300.jpg 200w, https:\/\/jetztgibtsbeef.de\/wp-content\/uploads\/2026\/02\/Rock-10-768x1152.jpg 768w, https:\/\/jetztgibtsbeef.de\/wp-content\/uploads\/2026\/02\/Rock-10-1024x1536.jpg 1024w, https:\/\/jetztgibtsbeef.de\/wp-content\/uploads\/2026\/02\/Rock-10-1365x2048.jpg 1365w, https:\/\/jetztgibtsbeef.de\/wp-content\/uploads\/2026\/02\/Rock-10-40x60.jpg 40w, https:\/\/jetztgibtsbeef.de\/wp-content\/uploads\/2026\/02\/Rock-10-scaled.jpg 1707w\" sizes=\"auto, (max-width: 683px) 100vw, 683px\" \/><\/figure>\n\n\n\n<figure class=\"wp-block-image size-large\"><img loading=\"lazy\" decoding=\"async\" width=\"400\" height=\"600\" data-id=\"416\" src=\"https:\/\/jetztgibtsbeef.de\/wp-content\/uploads\/2021\/05\/Rock-2.jpg\" alt=\"\" class=\"wp-image-416\" srcset=\"https:\/\/jetztgibtsbeef.de\/wp-content\/uploads\/2021\/05\/Rock-2.jpg 400w, https:\/\/jetztgibtsbeef.de\/wp-content\/uploads\/2021\/05\/Rock-2-200x300.jpg 200w, https:\/\/jetztgibtsbeef.de\/wp-content\/uploads\/2021\/05\/Rock-2-40x60.jpg 40w\" sizes=\"auto, (max-width: 400px) 100vw, 400px\" \/><\/figure>\n\n\n\n<figure class=\"wp-block-image size-large\"><img loading=\"lazy\" decoding=\"async\" width=\"904\" height=\"1024\" data-id=\"2002\" src=\"https:\/\/jetztgibtsbeef.de\/wp-content\/uploads\/2026\/02\/Rock-12-904x1024.jpg\" alt=\"\" class=\"wp-image-2002\" srcset=\"https:\/\/jetztgibtsbeef.de\/wp-content\/uploads\/2026\/02\/Rock-12-904x1024.jpg 904w, https:\/\/jetztgibtsbeef.de\/wp-content\/uploads\/2026\/02\/Rock-12-265x300.jpg 265w, https:\/\/jetztgibtsbeef.de\/wp-content\/uploads\/2026\/02\/Rock-12-768x870.jpg 768w, https:\/\/jetztgibtsbeef.de\/wp-content\/uploads\/2026\/02\/Rock-12-1356x1536.jpg 1356w, https:\/\/jetztgibtsbeef.de\/wp-content\/uploads\/2026\/02\/Rock-12-1808x2048.jpg 1808w, https:\/\/jetztgibtsbeef.de\/wp-content\/uploads\/2026\/02\/Rock-12-53x60.jpg 53w\" sizes=\"auto, (max-width: 904px) 100vw, 904px\" \/><\/figure>\n\n\n\n<figure class=\"wp-block-image size-large\"><img loading=\"lazy\" decoding=\"async\" width=\"400\" height=\"600\" data-id=\"419\" src=\"https:\/\/jetztgibtsbeef.de\/wp-content\/uploads\/2021\/05\/Rock-5.jpg\" alt=\"\" class=\"wp-image-419\" srcset=\"https:\/\/jetztgibtsbeef.de\/wp-content\/uploads\/2021\/05\/Rock-5.jpg 400w, https:\/\/jetztgibtsbeef.de\/wp-content\/uploads\/2021\/05\/Rock-5-200x300.jpg 200w, https:\/\/jetztgibtsbeef.de\/wp-content\/uploads\/2021\/05\/Rock-5-40x60.jpg 40w\" sizes=\"auto, (max-width: 400px) 100vw, 400px\" \/><\/figure>\n\n\n\n<figure class=\"wp-block-image size-large\"><img loading=\"lazy\" decoding=\"async\" width=\"400\" height=\"600\" data-id=\"415\" src=\"https:\/\/jetztgibtsbeef.de\/wp-content\/uploads\/2021\/05\/Rock-1.jpg\" alt=\"\" class=\"wp-image-415\" srcset=\"https:\/\/jetztgibtsbeef.de\/wp-content\/uploads\/2021\/05\/Rock-1.jpg 400w, https:\/\/jetztgibtsbeef.de\/wp-content\/uploads\/2021\/05\/Rock-1-200x300.jpg 200w, https:\/\/jetztgibtsbeef.de\/wp-content\/uploads\/2021\/05\/Rock-1-40x60.jpg 40w\" sizes=\"auto, (max-width: 400px) 100vw, 400px\" \/><\/figure>\n\n\n\n<figure class=\"wp-block-image size-large\"><img loading=\"lazy\" decoding=\"async\" width=\"400\" height=\"600\" data-id=\"418\" src=\"https:\/\/jetztgibtsbeef.de\/wp-content\/uploads\/2021\/05\/Rock-4.jpg\" alt=\"\" class=\"wp-image-418\" srcset=\"https:\/\/jetztgibtsbeef.de\/wp-content\/uploads\/2021\/05\/Rock-4.jpg 400w, https:\/\/jetztgibtsbeef.de\/wp-content\/uploads\/2021\/05\/Rock-4-200x300.jpg 200w, https:\/\/jetztgibtsbeef.de\/wp-content\/uploads\/2021\/05\/Rock-4-40x60.jpg 40w\" sizes=\"auto, (max-width: 400px) 100vw, 400px\" \/><\/figure>\n\n\n\n<figure class=\"wp-block-image size-large\"><img loading=\"lazy\" decoding=\"async\" width=\"683\" height=\"1024\" data-id=\"2007\" src=\"https:\/\/jetztgibtsbeef.de\/wp-content\/uploads\/2026\/02\/Rock-8-683x1024.jpg\" alt=\"\" class=\"wp-image-2007\" srcset=\"https:\/\/jetztgibtsbeef.de\/wp-content\/uploads\/2026\/02\/Rock-8-683x1024.jpg 683w, https:\/\/jetztgibtsbeef.de\/wp-content\/uploads\/2026\/02\/Rock-8-200x300.jpg 200w, https:\/\/jetztgibtsbeef.de\/wp-content\/uploads\/2026\/02\/Rock-8-768x1152.jpg 768w, https:\/\/jetztgibtsbeef.de\/wp-content\/uploads\/2026\/02\/Rock-8-1024x1536.jpg 1024w, https:\/\/jetztgibtsbeef.de\/wp-content\/uploads\/2026\/02\/Rock-8-1365x2048.jpg 1365w, https:\/\/jetztgibtsbeef.de\/wp-content\/uploads\/2026\/02\/Rock-8-40x60.jpg 40w, https:\/\/jetztgibtsbeef.de\/wp-content\/uploads\/2026\/02\/Rock-8-scaled.jpg 1707w\" sizes=\"auto, (max-width: 683px) 100vw, 683px\" \/><\/figure>\n\n\n\n<figure class=\"wp-block-image size-large\"><img loading=\"lazy\" decoding=\"async\" width=\"683\" height=\"1024\" data-id=\"2003\" src=\"https:\/\/jetztgibtsbeef.de\/wp-content\/uploads\/2026\/02\/Rock-9-683x1024.jpg\" alt=\"\" class=\"wp-image-2003\" srcset=\"https:\/\/jetztgibtsbeef.de\/wp-content\/uploads\/2026\/02\/Rock-9-683x1024.jpg 683w, https:\/\/jetztgibtsbeef.de\/wp-content\/uploads\/2026\/02\/Rock-9-200x300.jpg 200w, https:\/\/jetztgibtsbeef.de\/wp-content\/uploads\/2026\/02\/Rock-9-768x1152.jpg 768w, https:\/\/jetztgibtsbeef.de\/wp-content\/uploads\/2026\/02\/Rock-9-1024x1536.jpg 1024w, https:\/\/jetztgibtsbeef.de\/wp-content\/uploads\/2026\/02\/Rock-9-1365x2048.jpg 1365w, https:\/\/jetztgibtsbeef.de\/wp-content\/uploads\/2026\/02\/Rock-9-40x60.jpg 40w, https:\/\/jetztgibtsbeef.de\/wp-content\/uploads\/2026\/02\/Rock-9-scaled.jpg 1707w\" sizes=\"auto, (max-width: 683px) 100vw, 683px\" \/><\/figure>\n\n\n\n<figure class=\"wp-block-image size-large\"><img loading=\"lazy\" decoding=\"async\" width=\"683\" height=\"1024\" data-id=\"2000\" src=\"https:\/\/jetztgibtsbeef.de\/wp-content\/uploads\/2026\/02\/Rock-7-683x1024.jpg\" alt=\"\" class=\"wp-image-2000\" srcset=\"https:\/\/jetztgibtsbeef.de\/wp-content\/uploads\/2026\/02\/Rock-7-683x1024.jpg 683w, https:\/\/jetztgibtsbeef.de\/wp-content\/uploads\/2026\/02\/Rock-7-200x300.jpg 200w, https:\/\/jetztgibtsbeef.de\/wp-content\/uploads\/2026\/02\/Rock-7-768x1152.jpg 768w, https:\/\/jetztgibtsbeef.de\/wp-content\/uploads\/2026\/02\/Rock-7-1024x1536.jpg 1024w, https:\/\/jetztgibtsbeef.de\/wp-content\/uploads\/2026\/02\/Rock-7-1365x2048.jpg 1365w, https:\/\/jetztgibtsbeef.de\/wp-content\/uploads\/2026\/02\/Rock-7-40x60.jpg 40w, https:\/\/jetztgibtsbeef.de\/wp-content\/uploads\/2026\/02\/Rock-7-scaled.jpg 1706w\" sizes=\"auto, (max-width: 683px) 100vw, 683px\" \/><\/figure>\n\n\n\n<figure class=\"wp-block-image size-large\"><img loading=\"lazy\" decoding=\"async\" width=\"683\" height=\"1024\" data-id=\"2001\" src=\"https:\/\/jetztgibtsbeef.de\/wp-content\/uploads\/2026\/02\/Rock-13-683x1024.jpg\" alt=\"\" class=\"wp-image-2001\" srcset=\"https:\/\/jetztgibtsbeef.de\/wp-content\/uploads\/2026\/02\/Rock-13-683x1024.jpg 683w, https:\/\/jetztgibtsbeef.de\/wp-content\/uploads\/2026\/02\/Rock-13-200x300.jpg 200w, https:\/\/jetztgibtsbeef.de\/wp-content\/uploads\/2026\/02\/Rock-13-768x1152.jpg 768w, https:\/\/jetztgibtsbeef.de\/wp-content\/uploads\/2026\/02\/Rock-13-1024x1536.jpg 1024w, https:\/\/jetztgibtsbeef.de\/wp-content\/uploads\/2026\/02\/Rock-13-1365x2048.jpg 1365w, https:\/\/jetztgibtsbeef.de\/wp-content\/uploads\/2026\/02\/Rock-13-40x60.jpg 40w, https:\/\/jetztgibtsbeef.de\/wp-content\/uploads\/2026\/02\/Rock-13-scaled.jpg 1706w\" sizes=\"auto, (max-width: 683px) 100vw, 683px\" \/><\/figure>\n\n\n\n<figure class=\"wp-block-image size-large\"><img loading=\"lazy\" decoding=\"async\" width=\"400\" height=\"600\" data-id=\"417\" src=\"https:\/\/jetztgibtsbeef.de\/wp-content\/uploads\/2021\/05\/Rock-3.jpg\" alt=\"\" class=\"wp-image-417\" srcset=\"https:\/\/jetztgibtsbeef.de\/wp-content\/uploads\/2021\/05\/Rock-3.jpg 400w, https:\/\/jetztgibtsbeef.de\/wp-content\/uploads\/2021\/05\/Rock-3-200x300.jpg 200w, https:\/\/jetztgibtsbeef.de\/wp-content\/uploads\/2021\/05\/Rock-3-40x60.jpg 40w\" sizes=\"auto, (max-width: 400px) 100vw, 400px\" \/><\/figure>\n\n\n\n<figure class=\"wp-block-image size-large\"><img loading=\"lazy\" decoding=\"async\" width=\"683\" height=\"1024\" data-id=\"2006\" src=\"https:\/\/jetztgibtsbeef.de\/wp-content\/uploads\/2026\/02\/Rock-11-683x1024.jpg\" alt=\"\" class=\"wp-image-2006\" srcset=\"https:\/\/jetztgibtsbeef.de\/wp-content\/uploads\/2026\/02\/Rock-11-683x1024.jpg 683w, https:\/\/jetztgibtsbeef.de\/wp-content\/uploads\/2026\/02\/Rock-11-200x300.jpg 200w, https:\/\/jetztgibtsbeef.de\/wp-content\/uploads\/2026\/02\/Rock-11-768x1152.jpg 768w, https:\/\/jetztgibtsbeef.de\/wp-content\/uploads\/2026\/02\/Rock-11-1024x1536.jpg 1024w, https:\/\/jetztgibtsbeef.de\/wp-content\/uploads\/2026\/02\/Rock-11-1365x2048.jpg 1365w, https:\/\/jetztgibtsbeef.de\/wp-content\/uploads\/2026\/02\/Rock-11-40x60.jpg 40w, https:\/\/jetztgibtsbeef.de\/wp-content\/uploads\/2026\/02\/Rock-11-scaled.jpg 1707w\" sizes=\"auto, (max-width: 683px) 100vw, 683px\" \/><\/figure>\n\n\n\n<figure class=\"wp-block-image size-large\"><img loading=\"lazy\" decoding=\"async\" width=\"683\" height=\"1024\" data-id=\"2005\" src=\"https:\/\/jetztgibtsbeef.de\/wp-content\/uploads\/2026\/02\/Hose-1-683x1024.jpg\" alt=\"\" class=\"wp-image-2005\" srcset=\"https:\/\/jetztgibtsbeef.de\/wp-content\/uploads\/2026\/02\/Hose-1-683x1024.jpg 683w, https:\/\/jetztgibtsbeef.de\/wp-content\/uploads\/2026\/02\/Hose-1-200x300.jpg 200w, https:\/\/jetztgibtsbeef.de\/wp-content\/uploads\/2026\/02\/Hose-1-768x1152.jpg 768w, https:\/\/jetztgibtsbeef.de\/wp-content\/uploads\/2026\/02\/Hose-1-1024x1536.jpg 1024w, https:\/\/jetztgibtsbeef.de\/wp-content\/uploads\/2026\/02\/Hose-1-1365x2048.jpg 1365w, https:\/\/jetztgibtsbeef.de\/wp-content\/uploads\/2026\/02\/Hose-1-40x60.jpg 40w, https:\/\/jetztgibtsbeef.de\/wp-content\/uploads\/2026\/02\/Hose-1-scaled.jpg 1707w\" sizes=\"auto, (max-width: 683px) 100vw, 683px\" \/><\/figure>\n<\/figure>\n","protected":false},"excerpt":{"rendered":"<p>Eine Auswahl an R\u00f6cken sowie eine Hose als erg\u00e4nzende Stylingteile f\u00fcr Fotoshootings.<\/p>\n","protected":false},"author":1,"featured_media":0,"parent":0,"menu_order":0,"comment_status":"closed","ping_status":"closed","template":"","meta":{"footnotes":""},"class_list":["post-414","page","type-page","status-publish","hentry","latest_post"],"_links":{"self":[{"href":"https:\/\/jetztgibtsbeef.de\/index.php?rest_route=\/wp\/v2\/pages\/414","targetHints":{"allow":["GET"]}}],"collection":[{"href":"https:\/\/jetztgibtsbeef.de\/index.php?rest_route=\/wp\/v2\/pages"}],"about":[{"href":"https:\/\/jetztgibtsbeef.de\/index.php?rest_route=\/wp\/v2\/types\/page"}],"author":[{"embeddable":true,"href":"https:\/\/jetztgibtsbeef.de\/index.php?rest_route=\/wp\/v2\/users\/1"}],"replies":[{"embeddable":true,"href":"https:\/\/jetztgibtsbeef.de\/index.php?rest_route=%2Fwp%2Fv2%2Fcomments&post=414"}],"version-history":[{"count":3,"href":"https:\/\/jetztgibtsbeef.de\/index.php?rest_route=\/wp\/v2\/pages\/414\/revisions"}],"predecessor-version":[{"id":2009,"href":"https:\/\/jetztgibtsbeef.de\/index.php?rest_route=\/wp\/v2\/pages\/414\/revisions\/2009"}],"wp:attachment":[{"href":"https:\/\/jetztgibtsbeef.de\/index.php?rest_route=%2Fwp%2Fv2%2Fmedia&parent=414"}],"curies":[{"name":"wp","href":"https:\/\/api.w.org\/{rel}","templated":true}]}}