{"id":585,"date":"2021-06-10T10:50:52","date_gmt":"2021-06-10T10:50:52","guid":{"rendered":"http:\/\/jetztgibtsbeef.com\/?page_id=585"},"modified":"2026-02-08T10:57:47","modified_gmt":"2026-02-08T10:57:47","slug":"fundus-peruecken","status":"publish","type":"page","link":"https:\/\/jetztgibtsbeef.de\/?page_id=585","title":{"rendered":"Fundus &#8211; Per\u00fccken"},"content":{"rendered":"\n<p>Meine kleine Per\u00fcckensammlung f\u00fcr alle m\u00f6glichen Fantasy und Special-Shootings.<\/p>\n\n\n\n<figure class=\"wp-block-gallery has-nested-images columns-default is-cropped wp-block-gallery-1 is-layout-flex wp-block-gallery-is-layout-flex\">\n<figure class=\"wp-block-image size-large\"><img loading=\"lazy\" decoding=\"async\" width=\"576\" height=\"864\" data-id=\"836\" src=\"https:\/\/jetztgibtsbeef.de\/wp-content\/uploads\/2023\/01\/Peruecke-9.jpg\" alt=\"\" class=\"wp-image-836\" srcset=\"https:\/\/jetztgibtsbeef.de\/wp-content\/uploads\/2023\/01\/Peruecke-9.jpg 576w, https:\/\/jetztgibtsbeef.de\/wp-content\/uploads\/2023\/01\/Peruecke-9-200x300.jpg 200w, https:\/\/jetztgibtsbeef.de\/wp-content\/uploads\/2023\/01\/Peruecke-9-40x60.jpg 40w\" sizes=\"auto, (max-width: 576px) 100vw, 576px\" \/><\/figure>\n\n\n\n<figure class=\"wp-block-image size-large\"><img loading=\"lazy\" decoding=\"async\" width=\"576\" height=\"864\" data-id=\"837\" src=\"https:\/\/jetztgibtsbeef.de\/wp-content\/uploads\/2023\/01\/Peruecke-10.jpg\" alt=\"\" class=\"wp-image-837\" srcset=\"https:\/\/jetztgibtsbeef.de\/wp-content\/uploads\/2023\/01\/Peruecke-10.jpg 576w, https:\/\/jetztgibtsbeef.de\/wp-content\/uploads\/2023\/01\/Peruecke-10-200x300.jpg 200w, https:\/\/jetztgibtsbeef.de\/wp-content\/uploads\/2023\/01\/Peruecke-10-40x60.jpg 40w\" sizes=\"auto, (max-width: 576px) 100vw, 576px\" \/><\/figure>\n\n\n\n<figure class=\"wp-block-image size-large\"><img loading=\"lazy\" decoding=\"async\" width=\"683\" height=\"1024\" data-id=\"838\" src=\"https:\/\/jetztgibtsbeef.de\/wp-content\/uploads\/2023\/01\/Peruecke-11-683x1024.jpg\" alt=\"\" class=\"wp-image-838\" srcset=\"https:\/\/jetztgibtsbeef.de\/wp-content\/uploads\/2023\/01\/Peruecke-11-683x1024.jpg 683w, https:\/\/jetztgibtsbeef.de\/wp-content\/uploads\/2023\/01\/Peruecke-11-200x300.jpg 200w, https:\/\/jetztgibtsbeef.de\/wp-content\/uploads\/2023\/01\/Peruecke-11-768x1152.jpg 768w, https:\/\/jetztgibtsbeef.de\/wp-content\/uploads\/2023\/01\/Peruecke-11-40x60.jpg 40w, https:\/\/jetztgibtsbeef.de\/wp-content\/uploads\/2023\/01\/Peruecke-11.jpg 831w\" sizes=\"auto, (max-width: 683px) 100vw, 683px\" \/><\/figure>\n\n\n\n<figure class=\"wp-block-image size-large\"><img loading=\"lazy\" decoding=\"async\" width=\"683\" height=\"1024\" data-id=\"2085\" src=\"https:\/\/jetztgibtsbeef.de\/wp-content\/uploads\/2026\/02\/Peruecke-12-683x1024.jpg\" alt=\"\" class=\"wp-image-2085\" srcset=\"https:\/\/jetztgibtsbeef.de\/wp-content\/uploads\/2026\/02\/Peruecke-12-683x1024.jpg 683w, https:\/\/jetztgibtsbeef.de\/wp-content\/uploads\/2026\/02\/Peruecke-12-200x300.jpg 200w, https:\/\/jetztgibtsbeef.de\/wp-content\/uploads\/2026\/02\/Peruecke-12-768x1152.jpg 768w, https:\/\/jetztgibtsbeef.de\/wp-content\/uploads\/2026\/02\/Peruecke-12-1024x1536.jpg 1024w, https:\/\/jetztgibtsbeef.de\/wp-content\/uploads\/2026\/02\/Peruecke-12-1365x2048.jpg 1365w, https:\/\/jetztgibtsbeef.de\/wp-content\/uploads\/2026\/02\/Peruecke-12-40x60.jpg 40w, https:\/\/jetztgibtsbeef.de\/wp-content\/uploads\/2026\/02\/Peruecke-12-scaled.jpg 1707w\" sizes=\"auto, (max-width: 683px) 100vw, 683px\" \/><\/figure>\n\n\n\n<figure class=\"wp-block-image size-large\"><img loading=\"lazy\" decoding=\"async\" width=\"683\" height=\"1024\" data-id=\"2084\" src=\"https:\/\/jetztgibtsbeef.de\/wp-content\/uploads\/2026\/02\/Peruecke-13-683x1024.jpg\" alt=\"\" class=\"wp-image-2084\" srcset=\"https:\/\/jetztgibtsbeef.de\/wp-content\/uploads\/2026\/02\/Peruecke-13-683x1024.jpg 683w, https:\/\/jetztgibtsbeef.de\/wp-content\/uploads\/2026\/02\/Peruecke-13-200x300.jpg 200w, https:\/\/jetztgibtsbeef.de\/wp-content\/uploads\/2026\/02\/Peruecke-13-768x1152.jpg 768w, https:\/\/jetztgibtsbeef.de\/wp-content\/uploads\/2026\/02\/Peruecke-13-1024x1536.jpg 1024w, https:\/\/jetztgibtsbeef.de\/wp-content\/uploads\/2026\/02\/Peruecke-13-1365x2048.jpg 1365w, https:\/\/jetztgibtsbeef.de\/wp-content\/uploads\/2026\/02\/Peruecke-13-40x60.jpg 40w, https:\/\/jetztgibtsbeef.de\/wp-content\/uploads\/2026\/02\/Peruecke-13-scaled.jpg 1707w\" sizes=\"auto, (max-width: 683px) 100vw, 683px\" \/><\/figure>\n\n\n\n<figure class=\"wp-block-image size-large\"><img loading=\"lazy\" decoding=\"async\" width=\"400\" height=\"600\" data-id=\"590\" src=\"https:\/\/jetztgibtsbeef.de\/wp-content\/uploads\/2021\/06\/Peruecke-5.jpg\" alt=\"\" class=\"wp-image-590\" srcset=\"https:\/\/jetztgibtsbeef.de\/wp-content\/uploads\/2021\/06\/Peruecke-5.jpg 400w, https:\/\/jetztgibtsbeef.de\/wp-content\/uploads\/2021\/06\/Peruecke-5-200x300.jpg 200w, https:\/\/jetztgibtsbeef.de\/wp-content\/uploads\/2021\/06\/Peruecke-5-40x60.jpg 40w\" sizes=\"auto, (max-width: 400px) 100vw, 400px\" \/><\/figure>\n\n\n\n<figure class=\"wp-block-image size-large\"><img loading=\"lazy\" decoding=\"async\" width=\"400\" height=\"600\" data-id=\"586\" src=\"https:\/\/jetztgibtsbeef.de\/wp-content\/uploads\/2021\/06\/Peruecke-1.jpg\" alt=\"\" class=\"wp-image-586\" srcset=\"https:\/\/jetztgibtsbeef.de\/wp-content\/uploads\/2021\/06\/Peruecke-1.jpg 400w, https:\/\/jetztgibtsbeef.de\/wp-content\/uploads\/2021\/06\/Peruecke-1-200x300.jpg 200w, https:\/\/jetztgibtsbeef.de\/wp-content\/uploads\/2021\/06\/Peruecke-1-40x60.jpg 40w\" sizes=\"auto, (max-width: 400px) 100vw, 400px\" \/><\/figure>\n\n\n\n<figure class=\"wp-block-image size-large\"><img loading=\"lazy\" decoding=\"async\" width=\"400\" height=\"600\" data-id=\"588\" src=\"https:\/\/jetztgibtsbeef.de\/wp-content\/uploads\/2021\/06\/Peruecke-3.jpg\" alt=\"\" class=\"wp-image-588\" srcset=\"https:\/\/jetztgibtsbeef.de\/wp-content\/uploads\/2021\/06\/Peruecke-3.jpg 400w, https:\/\/jetztgibtsbeef.de\/wp-content\/uploads\/2021\/06\/Peruecke-3-200x300.jpg 200w, https:\/\/jetztgibtsbeef.de\/wp-content\/uploads\/2021\/06\/Peruecke-3-40x60.jpg 40w\" sizes=\"auto, (max-width: 400px) 100vw, 400px\" \/><\/figure>\n\n\n\n<figure class=\"wp-block-image size-large\"><img loading=\"lazy\" decoding=\"async\" width=\"400\" height=\"600\" data-id=\"592\" src=\"https:\/\/jetztgibtsbeef.de\/wp-content\/uploads\/2021\/06\/Peruecke-7.jpg\" alt=\"\" class=\"wp-image-592\" srcset=\"https:\/\/jetztgibtsbeef.de\/wp-content\/uploads\/2021\/06\/Peruecke-7.jpg 400w, https:\/\/jetztgibtsbeef.de\/wp-content\/uploads\/2021\/06\/Peruecke-7-200x300.jpg 200w, https:\/\/jetztgibtsbeef.de\/wp-content\/uploads\/2021\/06\/Peruecke-7-40x60.jpg 40w\" sizes=\"auto, (max-width: 400px) 100vw, 400px\" \/><\/figure>\n\n\n\n<figure class=\"wp-block-image size-large\"><img loading=\"lazy\" decoding=\"async\" width=\"400\" height=\"600\" data-id=\"587\" src=\"https:\/\/jetztgibtsbeef.de\/wp-content\/uploads\/2021\/06\/Peruecke-2.jpg\" alt=\"\" class=\"wp-image-587\" srcset=\"https:\/\/jetztgibtsbeef.de\/wp-content\/uploads\/2021\/06\/Peruecke-2.jpg 400w, https:\/\/jetztgibtsbeef.de\/wp-content\/uploads\/2021\/06\/Peruecke-2-200x300.jpg 200w, https:\/\/jetztgibtsbeef.de\/wp-content\/uploads\/2021\/06\/Peruecke-2-40x60.jpg 40w\" sizes=\"auto, (max-width: 400px) 100vw, 400px\" \/><\/figure>\n\n\n\n<figure class=\"wp-block-image size-large\"><img loading=\"lazy\" decoding=\"async\" width=\"400\" height=\"600\" data-id=\"589\" src=\"https:\/\/jetztgibtsbeef.de\/wp-content\/uploads\/2021\/06\/Peruecke-4.jpg\" alt=\"\" class=\"wp-image-589\" srcset=\"https:\/\/jetztgibtsbeef.de\/wp-content\/uploads\/2021\/06\/Peruecke-4.jpg 400w, https:\/\/jetztgibtsbeef.de\/wp-content\/uploads\/2021\/06\/Peruecke-4-200x300.jpg 200w, https:\/\/jetztgibtsbeef.de\/wp-content\/uploads\/2021\/06\/Peruecke-4-40x60.jpg 40w\" sizes=\"auto, (max-width: 400px) 100vw, 400px\" \/><\/figure>\n\n\n\n<figure class=\"wp-block-image size-large\"><img loading=\"lazy\" decoding=\"async\" width=\"400\" height=\"600\" data-id=\"593\" src=\"https:\/\/jetztgibtsbeef.de\/wp-content\/uploads\/2021\/06\/Peruecke-8.jpg\" alt=\"\" class=\"wp-image-593\" srcset=\"https:\/\/jetztgibtsbeef.de\/wp-content\/uploads\/2021\/06\/Peruecke-8.jpg 400w, https:\/\/jetztgibtsbeef.de\/wp-content\/uploads\/2021\/06\/Peruecke-8-200x300.jpg 200w, https:\/\/jetztgibtsbeef.de\/wp-content\/uploads\/2021\/06\/Peruecke-8-40x60.jpg 40w\" sizes=\"auto, (max-width: 400px) 100vw, 400px\" \/><\/figure>\n\n\n\n<figure class=\"wp-block-image size-large\"><img loading=\"lazy\" decoding=\"async\" width=\"400\" height=\"600\" data-id=\"591\" src=\"https:\/\/jetztgibtsbeef.de\/wp-content\/uploads\/2021\/06\/Peruecke-6.jpg\" alt=\"\" class=\"wp-image-591\" srcset=\"https:\/\/jetztgibtsbeef.de\/wp-content\/uploads\/2021\/06\/Peruecke-6.jpg 400w, https:\/\/jetztgibtsbeef.de\/wp-content\/uploads\/2021\/06\/Peruecke-6-200x300.jpg 200w, https:\/\/jetztgibtsbeef.de\/wp-content\/uploads\/2021\/06\/Peruecke-6-40x60.jpg 40w\" sizes=\"auto, (max-width: 400px) 100vw, 400px\" \/><\/figure>\n<\/figure>\n","protected":false},"excerpt":{"rendered":"<p>Meine kleine Per\u00fcckensammlung f\u00fcr alle m\u00f6glichen Fantasy und Special-Shootings.<\/p>\n","protected":false},"author":1,"featured_media":0,"parent":0,"menu_order":0,"comment_status":"closed","ping_status":"closed","template":"","meta":{"footnotes":""},"class_list":["post-585","page","type-page","status-publish","hentry","latest_post"],"_links":{"self":[{"href":"https:\/\/jetztgibtsbeef.de\/index.php?rest_route=\/wp\/v2\/pages\/585","targetHints":{"allow":["GET"]}}],"collection":[{"href":"https:\/\/jetztgibtsbeef.de\/index.php?rest_route=\/wp\/v2\/pages"}],"about":[{"href":"https:\/\/jetztgibtsbeef.de\/index.php?rest_route=\/wp\/v2\/types\/page"}],"author":[{"embeddable":true,"href":"https:\/\/jetztgibtsbeef.de\/index.php?rest_route=\/wp\/v2\/users\/1"}],"replies":[{"embeddable":true,"href":"https:\/\/jetztgibtsbeef.de\/index.php?rest_route=%2Fwp%2Fv2%2Fcomments&post=585"}],"version-history":[{"count":3,"href":"https:\/\/jetztgibtsbeef.de\/index.php?rest_route=\/wp\/v2\/pages\/585\/revisions"}],"predecessor-version":[{"id":2087,"href":"https:\/\/jetztgibtsbeef.de\/index.php?rest_route=\/wp\/v2\/pages\/585\/revisions\/2087"}],"wp:attachment":[{"href":"https:\/\/jetztgibtsbeef.de\/index.php?rest_route=%2Fwp%2Fv2%2Fmedia&parent=585"}],"curies":[{"name":"wp","href":"https:\/\/api.w.org\/{rel}","templated":true}]}}