{"id":66,"date":"2020-05-03T23:20:07","date_gmt":"2020-05-03T23:20:07","guid":{"rendered":"http:\/\/jetztgibtsbeef.com\/?page_id=66"},"modified":"2023-01-12T21:20:22","modified_gmt":"2023-01-12T21:20:22","slug":"datenschutzerklaerung","status":"publish","type":"page","link":"https:\/\/jetztgibtsbeef.de\/?page_id=66","title":{"rendered":"Datenschutzerkl\u00e4rung"},"content":{"rendered":"\n<p>Der Schutz Ihrer Daten geh\u00f6rt zu den wichtigsten Grunds\u00e4tzen der Jetzt gibt\u2019s Beef! &#8211; Fotografie. Wir m\u00f6chten Sie mit dieser Datenschutzerkl\u00e4rung \u00fcber Art, Umfang und Zweck der von uns erhobenen, genutzten und verarbeiteten personenbezogenen Daten informieren. Ferner m\u00f6chten wir Sie \u00fcber die Ihnen zustehenden Rechte aufkl\u00e4ren.<\/p>\n\n\n\n<p><strong>1. Kontaktdaten<\/strong><\/p>\n\n\n\n<p>Verantwortlicher:<\/p>\n\n\n\n<p>Jetzt gibt\u2019s Beef! &#8211; Fotografie<\/p>\n\n\n\n<p>Hauptstra\u00dfe 60<\/p>\n\n\n\n<p>93090 Bach an der Donau<\/p>\n\n\n\n<p>E-Mail: jetztgibts.beef@web.de<\/p>\n\n\n\n<p>Website:&nbsp;<a href=\"https:\/\/www.jetztgibtsbeef.de\/WWW.jetztgibtsbeef.de\">www.jetztgibtsbeef.de<\/a><\/p>\n\n\n\n<p><strong>2. Welche Daten wir erheben und verarbeiten<\/strong><\/p>\n\n\n\n<p><strong>a) Log-Daten<\/strong><\/p>\n\n\n\n<p>Wenn Sie unsere Webseite besuchen \u00fcbermittelt das Ger\u00e4t, mit dem Sie die Seite aufrufen, automatisch Log-Daten (Verbindungsdaten) an den Server. Log-Daten enthalten die IP-Adresse des Ger\u00e4tes, mit dem Sie auf die Website zugreifen, die Art des Browsers, mit dem Sie zugreifen, die Webseite, die Sie zuvor besucht haben, Ihre Systemkonfiguration sowie Datum und Zeitangaben. IP-Adressen werden von unserem Hoster Strato AG nur gespeichert, soweit es zur Erbringung ihrer Dienste erforderlich ist. Ansonsten werden die IP-Adressen gel\u00f6scht oder anonymisiert.<\/p>\n\n\n\n<p><strong>b) Cookies<\/strong><\/p>\n\n\n\n<p>Die Website der Jetzt gibt\u2019s Beef! &#8211; Fotografie verwendet Cookies. Cookies sind Textdateien, welche \u00fcber einen Internetbrowser auf einem Computersystem abgelegt und gespeichert werden. Zahlreiche Internetseiten und Server verwenden Cookies. Durch den Einsatz von Cookies k\u00f6nnen wir den Nutzern unserer Internetseite nutzerfreundlichere Services bereitstellen, die ohne die Cookie-Setzung nicht m\u00f6glich w\u00e4ren. Mittels eines Cookies k\u00f6nnen die Informationen und Angebote auf unserer Internetseite im Sinne des Benutzers optimiert werden. Cookies erm\u00f6glichen uns, wie bereits erw\u00e4hnt, die Benutzer unserer Internetseite wiederzuerkennen. Zweck dieser Wiedererkennung ist es, den Nutzern die Verwendung unserer Internetseite zu erleichtern. Die betroffene Person kann die Setzung von Cookies durch unsere Internetseite jederzeit mittels einer entsprechenden Einstellung des genutzten Internetbrowsers verhindern und damit der Setzung von Cookies dauerhaft widersprechen. Ferner k\u00f6nnen bereits gesetzte Cookies jederzeit \u00fcber einen Internetbrowser oder andere Softwareprogramme gel\u00f6scht werden. Dies ist in allen g\u00e4ngigen Internetbrowsern m\u00f6glich. Deaktiviert die betroffene Person die Setzung von Cookies in dem genutzten Internetbrowser, sind unter Umst\u00e4nden nicht alle Funktionen unserer Internetseite vollumf\u00e4nglich nutzbar.<\/p>\n\n\n\n<p><strong>c) Kontaktformular<\/strong><\/p>\n\n\n\n<p>Die Website der Jetzt gibt\u2019s Beef! &#8211; Fotografie enth\u00e4lt aufgrund von gesetzlichen Vorschriften Angaben, die eine schnelle elektronische Kontaktaufnahme zu unserem Unternehmen sowie eine unmittelbare Kommunikation mit uns erm\u00f6glichen, was ebenfalls eine allgemeine Adresse der sogenannten elektronischen Post (E-Mail-Adresse) umfasst. Sofern eine betroffene Person per E-Mail oder \u00fcber ein Kontaktformular den Kontakt mit dem f\u00fcr die Verarbeitung Verantwortlichen aufnimmt, werden die von der betroffenen Person \u00fcbermittelten personenbezogenen Daten automatisch gespeichert. Solche auf freiwilliger Basis von einer betroffenen Person an den f\u00fcr die Verarbeitung Verantwortlichen \u00fcbermittelten personenbezogenen Daten werden f\u00fcr Zwecke der Bearbeitung oder der Kontaktaufnahme zur betroffenen Person gespeichert. Es erfolgt keine Weitergabe dieser personenbezogenen Daten an Dritte.<\/p>\n\n\n\n<p><strong>3. Dauer der Speicherung<\/strong><\/p>\n\n\n\n<p>Das Kriterium f\u00fcr die Dauer der Speicherung von personenbezogenen Daten ist die jeweilige gesetzliche Aufbewahrungsfrist. Nach Ablauf der Frist werden die entsprechenden Daten routinem\u00e4\u00dfig gel\u00f6scht, sofern sie nicht mehr zur Vertragserf\u00fcllung oder Vertragsanbahnung erforderlich sind.<\/p>\n\n\n\n<p><strong>4. Ihre Rechte<\/strong><\/p>\n\n\n\n<p><strong>a) Auskunfts- und Best\u00e4tigungsrecht<\/strong><\/p>\n\n\n\n<p>Sie haben das Recht, jederzeit von uns unentgeltliche Auskunft sowie Best\u00e4tigung \u00fcber die zu Ihrer Person gespeicherten personenbezogenen Daten und eine Kopie dieser Auskunft zu erhalten.<\/p>\n\n\n\n<p><strong>b) Recht auf Berichtigung<\/strong><\/p>\n\n\n\n<p>Sie haben das Recht, die unverz\u00fcgliche Berichtigung Sie betreffender unrichtiger personenbezogener Daten zu verlangen. Ferner steht Ihnen das Recht zu, unter Ber\u00fccksichtigung der Zwecke der Verarbeitung, die Vervollst\u00e4ndigung unvollst\u00e4ndiger personenbezogener Daten \u2014 auch mittels einer erg\u00e4nzenden Erkl\u00e4rung \u2014 zu verlangen.<\/p>\n\n\n\n<p><strong>c) L\u00f6schungsrecht<\/strong><\/p>\n\n\n\n<p>Sie haben das Recht, dass die Sie betreffenden personenbezogenen Daten unverz\u00fcglich gel\u00f6scht werden, sofern einer der folgenden Gr\u00fcnde zutrifft und soweit die Verarbeitung nicht erforderlich ist:<\/p>\n\n\n\n<p>\u2022 Die personenbezogenen Daten wurden f\u00fcr solche Zwecke erhoben oder auf sonstige Weise verarbeitet, f\u00fcr welche sie nicht mehr notwendig sind.<\/p>\n\n\n\n<p>\u2022 Sie widerrufen ihre Einwilligung, auf die sich die Verarbeitung st\u00fctzte und es fehlt an einer anderweitigen Rechtsgrundlage f\u00fcr die Verarbeitung.<\/p>\n\n\n\n<p>\u2022 Sie legen gem\u00e4\u00df Art. 21 Abs. 1 DS-GVO Widerspruch gegen die Verarbeitung ein, und es liegen keine vorrangigen berechtigten Gr\u00fcnde f\u00fcr die Verarbeitung vor, oder Sie legen gem\u00e4\u00df Art. 21 Abs. 2 DS-GVO Widerspruch gegen die Verarbeitung ein.<\/p>\n\n\n\n<p>\u2022 Die personenbezogenen Daten wurden unrechtm\u00e4\u00dfig verarbeitet.<\/p>\n\n\n\n<p>\u2022 Die L\u00f6schung der personenbezogenen Daten ist zur Erf\u00fcllung einer rechtlichen Verpflichtung nach dem Unionsrecht oder dem Recht der Mitgliedstaaten erforderlich, dem wir unterliegen.<\/p>\n\n\n\n<p>\u2022 Die personenbezogenen Daten wurden in Bezug auf angebotene Dienste der Informationsgesellschaft gem\u00e4\u00df Art. 8 Abs. 1 DS-GVO erhoben.<\/p>\n\n\n\n<p><strong>d) Recht auf Einschr\u00e4nkung der Verarbeitung<\/strong><\/p>\n\n\n\n<p>Sie haben das Recht die Einschr\u00e4nkung der Verarbeitung zu verlangen, wenn eine der folgenden Voraussetzungen gegeben ist:<\/p>\n\n\n\n<p>\u2022 Die Richtigkeit der personenbezogenen Daten wird von Ihnen bestritten, und zwar f\u00fcr eine Dauer, die es uns erm\u00f6glicht, die Richtigkeit der personenbezogenen Daten zu \u00fcberpr\u00fcfen.<\/p>\n\n\n\n<p>\u2022 Die Verarbeitung ist unrechtm\u00e4\u00dfig, Sie lehnen die L\u00f6schung der personenbezogenen Daten ab und verlangen stattdessen die Einschr\u00e4nkung der Nutzung der personenbezogenen Daten.<\/p>\n\n\n\n<p>\u2022 Wir ben\u00f6tigen die personenbezogenen Daten f\u00fcr die Zwecke der Verarbeitung nicht l\u00e4nger, Sie ben\u00f6tigen sie jedoch zur Geltendmachung, Aus\u00fcbung oder Verteidigung von Rechtsanspr\u00fcchen.<\/p>\n\n\n\n<p>\u2022 Sie haben Widerspruch gegen die Verarbeitung gem. Art. 21 Abs. 1 DS-GVO eingelegt und es steht noch nicht fest, ob unsere berechtigten Gr\u00fcnde gegen\u00fcber Ihren \u00fcberwiegen.<\/p>\n\n\n\n<p><strong>e) Recht auf Widerspruch<\/strong><\/p>\n\n\n\n<p>Sie haben das Recht, jederzeit gegen die Verarbeitung Sie betreffender personenbezogener Daten, die aufgrund von Art. 6 Abs. 1 Buchstaben e oder f DS-GVO erfolgt, Widerspruch einzulegen.<\/p>\n\n\n\n<p>Wir verarbeiten die personenbezogenen Daten im Falle des Widerspruchs nicht mehr, es sei denn, wir k\u00f6nnen zwingende schutzw\u00fcrdige Gr\u00fcnde f\u00fcr die Verarbeitung nachweisen, die gegen\u00fcber Ihren Interessen, Rechten und Freiheiten \u00fcberwiegen, oder die Verarbeitung dient der Geltendmachung, Aus\u00fcbung oder Verteidigung von Rechtsanspr\u00fcchen.<\/p>\n\n\n\n<p>Sie haben das Recht, jederzeit Widerspruch gegen die Verarbeitung der personenbezogenen Daten zum Zwecke von Direktwerbung einzulegen.<\/p>\n\n\n\n<p><strong>f) Recht auf Daten\u00fcbertragbarkeit<\/strong><\/p>\n\n\n\n<p>Sie haben das Recht, die sie betreffenden personenbezogenen Daten, welche uns bereitgestellt wurden, in einem strukturierten, g\u00e4ngigem und maschinenlesbarem Format zu erhalten. Sie haben au\u00dferdem das Recht, diese Daten einem anderen Verantwortlichen ohne Behinderung durch uns, zu \u00fcbermitteln, sofern die Verarbeitung auf der Einwilligung gem\u00e4\u00df Art. 6 Abs. 1 Buchstabe a DS-GVO oder Art. 9 Abs. 2 Buchstabe a DS-GVO oder auf einem Vertrag gem\u00e4\u00df Art. 6 Abs. 1 Buchstabe b DS-GVO beruht und die Verarbeitung mithilfe automatisierter Verfahren erfolgt, sofern die Verarbeitung nicht f\u00fcr die Wahrnehmung einer Aufgabe erforderlich ist, die im \u00f6ffentlichen Interesse liegt oder in Aus\u00fcbung \u00f6ffentlicher Gewalt erfolgt, welche dem Verantwortlichen \u00fcbertragen wurde.<\/p>\n\n\n\n<p>Ferner haben Sie bei der Aus\u00fcbung ihres Rechts auf Daten\u00fcbertragbarkeit gem\u00e4\u00df Art. 20 Abs. 1 DS-GVO das Recht, zu erwirken, dass die personenbezogenen Daten direkt von einem Verantwortlichen an einen anderen Verantwortlichen \u00fcbermittelt werden, soweit dies technisch machbar ist und sofern hiervon nicht die Rechte und Freiheiten anderer Personen beeintr\u00e4chtigt werden.<\/p>\n\n\n\n<p><strong>f) Recht auf Widerruf einer datenschutzrechtlichen Einwilligung<\/strong><\/p>\n\n\n\n<p>Sie haben das Recht die Einwilligung zur Verarbeitung personenbezogener Daten jederzeit zu widerrufen.<\/p>\n\n\n\n<p><strong>5. Gesetzliche oder vertragliche Vorschriften zur Bereitstellung personenbezogener Daten, Erforderlichkeit f\u00fcr den Vertragsschluss, Verpflichtung die personenbezogenen Daten bereitzustellen, m\u00f6gliche Folgen der Nichtbereitstellung<\/strong><\/p>\n\n\n\n<p>Die Bereitstellung personenbezogener Daten kann zum Teil gesetzlich vorgeschrieben sein (z.B. Steuervorschriften) oder sich auch aus vertraglichen Regelungen (z.B. Angaben im Vertragspartner) ergeben. Mitunter kann es zu einem Vertragsschluss erforderlich sein, dass Sie uns personenbezogene Daten zur Verf\u00fcgung stellen, die in der Folge durch uns verarbeitet werden m\u00fcssen. Sie sind beispielsweise verpflichtet uns personenbezogene Daten bereitzustellen, wenn wir mit Ihnen einen Vertrag abschlie\u00dfen. Eine Nichtbereitstellung der personenbezogenen Daten h\u00e4tte zur Folge, dass der Vertrag nicht geschlossen werden k\u00f6nnte.<\/p>\n\n\n\n<p><strong>6. Rechtsgrundlage der Verarbeitung<\/strong><\/p>\n\n\n\n<p>Art. 6 I lit. a DS-GVO dient uns als Rechtsgrundlage f\u00fcr Verarbeitungsvorg\u00e4nge, bei denen wir eine Einwilligung f\u00fcr einen bestimmten Verarbeitungszweck einholen. Ist die Verarbeitung personenbezogener Daten zur Erf\u00fcllung eines Vertrags erforderlich, so beruht die Verarbeitung auf Art. 6 I lit. b DS-GVO. Gleiches gilt f\u00fcr solche Verarbeitungsvorg\u00e4nge die zur Durchf\u00fchrung vorvertraglicher Ma\u00dfnahmen erforderlich sind, etwa in F\u00e4llen von Anfragen zur unseren Leistungen. Unterliegen wir einer rechtlichen Verpflichtung durch welche eine Verarbeitung von personenbezogenen Daten erforderlich wird, wie beispielsweise zur Erf\u00fcllung steuerlicher Pflichten, so basiert die Verarbeitung auf Art. 6 I lit. c DS-GVO. Letztlich k\u00f6nnten Verarbeitungsvorg\u00e4nge auf Art. 6 I lit. f DS-GVO beruhen. Auf dieser Rechtsgrundlage basieren Verarbeitungsvorg\u00e4nge, die von keiner der vorgenannten Rechtsgrundlagen erfasst werden, wenn die Verarbeitung zur Wahrung unserer berechtigten Interessen oder die eines Dritten erforderlich ist, sofern die Interessen, Grundrechte und Grundfreiheiten des Betroffenen nicht \u00fcberwiegen. Solche Verarbeitungsvorg\u00e4nge sind uns insbesondere deshalb gestattet, weil sie durch den Europ\u00e4ischen Gesetzgeber besonders erw\u00e4hnt wurden. Ein berechtigtes Interesse ist in der Regel anzunehmen, wenn die betroffene Person ein Kunde des Verantwortlichen ist.<\/p>\n\n\n\n<p>Basiert die Verarbeitung personenbezogener Daten auf Artikel 6 I lit. f DSGVO ist unser berechtigtes Interesse die Durchf\u00fchrung unserer Gesch\u00e4ftst\u00e4tigkeit.<\/p>\n\n\n\n<p><strong>7. Daten\u00fcbermittlung in Drittl\u00e4nder<\/strong><\/p>\n\n\n\n<p>Sofern wir Daten in einem Drittland (d.h. au\u00dferhalb der Europ\u00e4ischen Union (EU) oder des Europ\u00e4ischen Wirtschaftsraums (EWR)) verarbeiten oder dies im Rahmen der Inanspruchnahme von Diensten Dritter oder Offenlegung, bzw. \u00dcbermittlung von Daten an Dritte geschieht, erfolgt dies nur, wenn es zur Erf\u00fcllung unserer (vor)vertraglichen Pflichten, auf Grundlage Ihrer Einwilligung, aufgrund einer rechtlichen Verpflichtung oder auf Grundlage unserer berechtigten Interessen geschieht. Vorbehaltlich gesetzlicher oder vertraglicher Erlaubnisse, verarbeiten oder lassen wir die Daten in einem Drittland nur beim Vorliegen der besonderen Voraussetzungen der Art. 44 ff. DSGVO verarbeiten. D.h. die Verarbeitung erfolgt z.B. auf Grundlage besonderer Garantien, wie der offiziell anerkannten Feststellung eines der EU entsprechenden Datenschutzniveaus (z.B. f\u00fcr die USA durch das \u201ePrivacy Shield\u201c) oder Beachtung offiziell anerkannter spezieller vertraglicher Verpflichtungen (so genannte \u201eStandardvertragsklauseln\u201c).<\/p>\n\n\n\n<p>Datenschutzbestimmungen zu Einsatz und Verwendung von www.Behance.net<\/p>\n\n\n\n<p>Diese Webseite ist mit Inhalten von Behance.net verkn\u00fcpft. Behance Inc. (Behance\u30fb ist eine Online-Plattform, auf der Angeh\u00f6hrige von Kreativberufen ihre Arbeit pr\u00e4sentieren und die kreativen Werke anderer begutachten k\u00f6nnen. Behance wird ausschlie\u00dflich in den USA gehostet und von den B\u00fcros von Behance in New York, NY, aus betrieben. Auf Behance kann im Internet direkt \u00fcber www.behance.netoder von Adobe Creative Cloud-Abonnenten (Creative Cloud\u30fb von verschiedenen Stellen innerhalb von Creative Cloud aus zugegriffen werden. Behance ist eine hundertprozentige Tochtergesellschaft von Adobe Systems Incorporated, und s\u00e4mtliche Informationen, die Sie Behance bereitstellen, k\u00f6nnen an andere Unternehmen innerhalb der Unternehmensgruppe von Adobe weitergegeben werden. Die Datenschutzpraktiken von Adobe werden hier beschrieben. Die Datenschutzpraktiken von Adobe gelten auch f\u00fcr Behance. Spezielle Datenschutzinformationen zu Behance finden Sie au\u00dferdem weiter unten. Sollten Sie in ihrem Behance Account eingeloggt sein, w\u00e4hrend Sie auf unserer Webseite sind, k\u00f6nnen Informationen \u00fcber ihre Seitenbesuche von Behance gespeichert werden. Ist eine derartige \u00dcbermittlung dieser Informationen von der betroffenen Person nicht gewollt, kann diese die \u00dcbermittlung dadurch verhindern, dass sie sich vor einem Aufruf unserer Internetseite aus ihrem Behance-Account ausloggt. Ausf\u00fchrliche Informationen zum Datenschutz von Adobe finden Sie unter: https:\/\/www.adobe.com\/de\/privacy.html<\/p>\n\n\n\n<p><strong>8. Bestehen einer aufomatisierten Entscheidungsfindung \/Profiling<\/strong><\/p>\n\n\n\n<p>Als verantwortungsbewusstes Unternehmen verzichten wir auf eine automatische Entscheidungsfindung oder ein Profiling.<\/p>\n","protected":false},"excerpt":{"rendered":"<p>Der Schutz Ihrer Daten geh\u00f6rt zu den wichtigsten Grunds\u00e4tzen der Jetzt gibt\u2019s Beef! &#8211; Fotografie. Wir m\u00f6chten Sie mit dieser Datenschutzerkl\u00e4rung \u00fcber Art, Umfang und Zweck der von uns erhobenen, genutzten und verarbeiteten personenbezogenen Daten informieren. Ferner m\u00f6chten wir Sie \u00fcber die Ihnen zustehenden Rechte aufkl\u00e4ren. 1. Kontaktdaten Verantwortlicher: Jetzt gibt\u2019s Beef! &#8211; Fotografie Hauptstra\u00dfe &hellip; <\/p>\n","protected":false},"author":1,"featured_media":0,"parent":0,"menu_order":0,"comment_status":"closed","ping_status":"closed","template":"","meta":{"footnotes":""},"class_list":["post-66","page","type-page","status-publish","hentry","latest_post"],"_links":{"self":[{"href":"https:\/\/jetztgibtsbeef.de\/index.php?rest_route=\/wp\/v2\/pages\/66","targetHints":{"allow":["GET"]}}],"collection":[{"href":"https:\/\/jetztgibtsbeef.de\/index.php?rest_route=\/wp\/v2\/pages"}],"about":[{"href":"https:\/\/jetztgibtsbeef.de\/index.php?rest_route=\/wp\/v2\/types\/page"}],"author":[{"embeddable":true,"href":"https:\/\/jetztgibtsbeef.de\/index.php?rest_route=\/wp\/v2\/users\/1"}],"replies":[{"embeddable":true,"href":"https:\/\/jetztgibtsbeef.de\/index.php?rest_route=%2Fwp%2Fv2%2Fcomments&post=66"}],"version-history":[{"count":2,"href":"https:\/\/jetztgibtsbeef.de\/index.php?rest_route=\/wp\/v2\/pages\/66\/revisions"}],"predecessor-version":[{"id":793,"href":"https:\/\/jetztgibtsbeef.de\/index.php?rest_route=\/wp\/v2\/pages\/66\/revisions\/793"}],"wp:attachment":[{"href":"https:\/\/jetztgibtsbeef.de\/index.php?rest_route=%2Fwp%2Fv2%2Fmedia&parent=66"}],"curies":[{"name":"wp","href":"https:\/\/api.w.org\/{rel}","templated":true}]}}