{"id":71,"date":"2020-05-03T23:48:16","date_gmt":"2020-05-03T23:48:16","guid":{"rendered":"http:\/\/jetztgibtsbeef.com\/?page_id=71"},"modified":"2026-04-06T15:20:53","modified_gmt":"2026-04-06T15:20:53","slug":"kontakt","status":"publish","type":"page","link":"https:\/\/jetztgibtsbeef.de\/?page_id=71","title":{"rendered":"Kontakt"},"content":{"rendered":"\n<h3 class=\"wp-block-heading\"><strong>Schreib mir ganz unkompliziert &#8211; ich freu mich auf dich!<\/strong><\/h3>\n\n\n\n<p>Du hast Fragen, eine Idee oder w\u00fcnschst dir ein Shooting? Erz\u00e4hl mir gern ein bisschen von dir und deinem Wunsch. Ich melde mich zeitnah bei dir zur\u00fcck.<\/p>\n\n\n\n<p>WhatsApp findest du entspannter als per Mail? Meld dich gerne unter 0157 82 7777 65.<\/p>\n\n\n\n<p><\/p>\n\n\n\n\n<div class=\"wpcf7 no-js\" id=\"wpcf7-f1056-o1\" lang=\"de-DE\" dir=\"ltr\" data-wpcf7-id=\"1056\">\n<div class=\"screen-reader-response\"><p role=\"status\" aria-live=\"polite\" aria-atomic=\"true\"><\/p> <ul><\/ul><\/div>\n<form action=\"\/index.php?rest_route=%2Fwp%2Fv2%2Fpages%2F71#wpcf7-f1056-o1\" method=\"post\" class=\"wpcf7-form init\" aria-label=\"Kontaktformular\" novalidate=\"novalidate\" data-status=\"init\">\n<fieldset class=\"hidden-fields-container\"><input type=\"hidden\" name=\"_wpcf7\" value=\"1056\" \/><input type=\"hidden\" name=\"_wpcf7_version\" value=\"6.1.5\" \/><input type=\"hidden\" name=\"_wpcf7_locale\" value=\"de_DE\" \/><input type=\"hidden\" name=\"_wpcf7_unit_tag\" value=\"wpcf7-f1056-o1\" \/><input type=\"hidden\" name=\"_wpcf7_container_post\" value=\"0\" \/><input type=\"hidden\" name=\"_wpcf7_posted_data_hash\" value=\"\" \/>\n<\/fieldset>\n<div class=\"js-hm-form\" id=\"kreativmanagement\" data-theme=\"minimalistic\" data-form-id=\"06f9a071-d435-428d-965f-4de50e04b2de\">\n<\/div>\n<p><script src=\"https:\/\/api.kreativ.management\/Form\/GetContactFormWidget\"><\/script>\n<\/p><p style=\"display: none !important;\" class=\"akismet-fields-container\" data-prefix=\"_wpcf7_ak_\"><label>&#916;<textarea name=\"_wpcf7_ak_hp_textarea\" cols=\"45\" rows=\"8\" maxlength=\"100\"><\/textarea><\/label><input type=\"hidden\" id=\"ak_js_1\" name=\"_wpcf7_ak_js\" value=\"145\"\/><script>document.getElementById( \"ak_js_1\" ).setAttribute( \"value\", ( new Date() ).getTime() );<\/script><\/p><div class=\"wpcf7-response-output\" aria-hidden=\"true\"><\/div>\n<\/form>\n<\/div>\n\n\n\n\n<p>Falls du nach ein paar Tagen nichts h\u00f6rst, schau bitte kurz in deinen Spam-Ordner oder schreib mir direkt an: <strong>info@jetztgibtsbeef.de<\/strong><\/p>\n\n\n\n<h3 class=\"wp-block-heading\"><strong>Freie Wochenend-Termine im April &amp; Mai:<\/strong><\/h3>\n\n\n\n<div class=\"wp-block-columns is-layout-flex wp-container-core-columns-is-layout-9d6595d7 wp-block-columns-is-layout-flex\">\n<div class=\"wp-block-column is-layout-flow wp-block-column-is-layout-flow\" style=\"flex-basis:100px\">\n<ul class=\"wp-block-list\">\n<li>18.04.<\/li>\n\n\n\n<li>19.04.<\/li>\n<\/ul>\n<\/div>\n\n\n\n<div class=\"wp-block-column is-layout-flow wp-block-column-is-layout-flow\">\n<ul class=\"wp-block-list\">\n<li>16.05.<\/li>\n\n\n\n<li>17.05.<\/li>\n\n\n\n<li>23.05.<\/li>\n\n\n\n<li>24.05.<\/li>\n<\/ul>\n<\/div>\n\n\n\n<div class=\"wp-block-column is-layout-flow wp-block-column-is-layout-flow\"><\/div>\n<\/div>\n\n\n\n<p>Unter der Woche sind jederzeit spontan Termine sowohl im Vormittag als auch im Nachmittag m\u00f6glich.<\/p>\n","protected":false},"excerpt":{"rendered":"<p>Schreib mir ganz unkompliziert &#8211; ich freu mich auf dich! Du hast Fragen, eine Idee oder w\u00fcnschst dir ein Shooting? Erz\u00e4hl mir gern ein bisschen von dir und deinem Wunsch. Ich melde mich zeitnah bei dir zur\u00fcck. WhatsApp findest du entspannter als per Mail? Meld dich gerne unter 0157 82 7777 65. Falls du nach &hellip; <\/p>\n","protected":false},"author":1,"featured_media":0,"parent":0,"menu_order":0,"comment_status":"closed","ping_status":"closed","template":"","meta":{"footnotes":""},"class_list":["post-71","page","type-page","status-publish","hentry","latest_post"],"_links":{"self":[{"href":"https:\/\/jetztgibtsbeef.de\/index.php?rest_route=\/wp\/v2\/pages\/71","targetHints":{"allow":["GET"]}}],"collection":[{"href":"https:\/\/jetztgibtsbeef.de\/index.php?rest_route=\/wp\/v2\/pages"}],"about":[{"href":"https:\/\/jetztgibtsbeef.de\/index.php?rest_route=\/wp\/v2\/types\/page"}],"author":[{"embeddable":true,"href":"https:\/\/jetztgibtsbeef.de\/index.php?rest_route=\/wp\/v2\/users\/1"}],"replies":[{"embeddable":true,"href":"https:\/\/jetztgibtsbeef.de\/index.php?rest_route=%2Fwp%2Fv2%2Fcomments&post=71"}],"version-history":[{"count":15,"href":"https:\/\/jetztgibtsbeef.de\/index.php?rest_route=\/wp\/v2\/pages\/71\/revisions"}],"predecessor-version":[{"id":2187,"href":"https:\/\/jetztgibtsbeef.de\/index.php?rest_route=\/wp\/v2\/pages\/71\/revisions\/2187"}],"wp:attachment":[{"href":"https:\/\/jetztgibtsbeef.de\/index.php?rest_route=%2Fwp%2Fv2%2Fmedia&parent=71"}],"curies":[{"name":"wp","href":"https:\/\/api.w.org\/{rel}","templated":true}]}}