{"id":756,"date":"2023-01-12T12:12:30","date_gmt":"2023-01-12T12:12:30","guid":{"rendered":"http:\/\/jetztgibtsbeef.com\/?page_id=756"},"modified":"2026-04-06T15:11:50","modified_gmt":"2026-04-06T15:11:50","slug":"eternal-flowers-boudoir","status":"publish","type":"page","link":"https:\/\/jetztgibtsbeef.de\/?page_id=756","title":{"rendered":"Eternal Flowers Boudoir"},"content":{"rendered":"\n<div class=\"wp-block-media-text is-stacked-on-mobile\" style=\"grid-template-columns:40% auto\"><figure class=\"wp-block-media-text__media\"><img loading=\"lazy\" decoding=\"async\" width=\"636\" height=\"1024\" src=\"https:\/\/jetztgibtsbeef.de\/wp-content\/uploads\/2026\/04\/Eternal-Flowers-2026-Kopie-636x1024.jpg\" alt=\"\" class=\"wp-image-2177 size-full\" srcset=\"https:\/\/jetztgibtsbeef.de\/wp-content\/uploads\/2026\/04\/Eternal-Flowers-2026-Kopie-636x1024.jpg 636w, https:\/\/jetztgibtsbeef.de\/wp-content\/uploads\/2026\/04\/Eternal-Flowers-2026-Kopie-186x300.jpg 186w, https:\/\/jetztgibtsbeef.de\/wp-content\/uploads\/2026\/04\/Eternal-Flowers-2026-Kopie-768x1237.jpg 768w, https:\/\/jetztgibtsbeef.de\/wp-content\/uploads\/2026\/04\/Eternal-Flowers-2026-Kopie-953x1536.jpg 953w, https:\/\/jetztgibtsbeef.de\/wp-content\/uploads\/2026\/04\/Eternal-Flowers-2026-Kopie-1271x2048.jpg 1271w, https:\/\/jetztgibtsbeef.de\/wp-content\/uploads\/2026\/04\/Eternal-Flowers-2026-Kopie-37x60.jpg 37w, https:\/\/jetztgibtsbeef.de\/wp-content\/uploads\/2026\/04\/Eternal-Flowers-2026-Kopie-scaled.jpg 1589w\" sizes=\"auto, (max-width: 636px) 100vw, 636px\" \/><\/figure><div class=\"wp-block-media-text__content\">\n<h3 class=\"wp-block-heading\"><strong>Eternal Flowers Boudoir<\/strong><\/h3>\n\n\n\n<p>Eternal Flowers ist kein klassisches Boudoir.<br>Dieses Shooting ist eine bewusst inszenierte<br>Bildserie \u00fcber Weiblichkeit, Sanftheit<br>und St\u00e4rke im Einklang.<br>Es geht nicht um Verf\u00fchrung oder Posen,<br>sondern um Pr\u00e4senz, Ausdruck<br>und ein Bild, das bleibt.<\/p>\n\n\n\n<p><br><strong>Inklusive:<\/strong><br>\u2022 ca. 75 Minuten Shooting im Studio<br>\u2022 6 Wunschbilder (bearbeitet &amp; digital)<br>\u2022 jeweils in Farbe &amp; Schwarz-Wei\u00df<br>\u2022 Auswahl bequem via Online-Galerie<br>\u2022 Liegebilder in einem wundersch\u00f6nen<br>Fotoset aus echten und k\u00fcnstlichen Blumen<br>\u2022 Bilder vor meiner Efeuwand inmitten<br>der Blumen<\/p>\n\n\n\n<p><strong>Extras:<\/strong><\/p>\n\n\n\n<ul class=\"wp-block-list\">\n<li>Professionelles Make-up ab 60,- \u20ac<\/li>\n\n\n\n<li>Weitere Fotos: 15,- \u20ac\/Bild &#8211; 60,- \u20ac\/weitere 5 Bilder<\/li>\n<\/ul>\n\n\n\n<h3 class=\"wp-block-heading\"><strong>199,- \u20ac<\/strong><\/h3>\n\n\n\n<div class=\"wp-block-buttons is-layout-flex wp-block-buttons-is-layout-flex\">\n<div class=\"wp-block-button\"><a class=\"wp-block-button__link has-text-color has-background has-link-color wp-element-button\" href=\"https:\/\/jetztgibtsbeef.de\/?page_id=71\" style=\"border-top-left-radius:4px;border-top-right-radius:4px;border-bottom-left-radius:4px;border-bottom-right-radius:4px;color:#800040;background-color:#dfc5eb\">jetzt anfragen<\/a><\/div>\n<\/div>\n\n\n\n<p>Schreib mir einfach eine Nachricht \u2013 ich melde mich pers\u00f6nlich bei dir.<\/p>\n<\/div><\/div>\n","protected":false},"excerpt":{"rendered":"","protected":false},"author":1,"featured_media":0,"parent":0,"menu_order":0,"comment_status":"closed","ping_status":"closed","template":"","meta":{"footnotes":""},"class_list":["post-756","page","type-page","status-publish","hentry","latest_post"],"_links":{"self":[{"href":"https:\/\/jetztgibtsbeef.de\/index.php?rest_route=\/wp\/v2\/pages\/756","targetHints":{"allow":["GET"]}}],"collection":[{"href":"https:\/\/jetztgibtsbeef.de\/index.php?rest_route=\/wp\/v2\/pages"}],"about":[{"href":"https:\/\/jetztgibtsbeef.de\/index.php?rest_route=\/wp\/v2\/types\/page"}],"author":[{"embeddable":true,"href":"https:\/\/jetztgibtsbeef.de\/index.php?rest_route=\/wp\/v2\/users\/1"}],"replies":[{"embeddable":true,"href":"https:\/\/jetztgibtsbeef.de\/index.php?rest_route=%2Fwp%2Fv2%2Fcomments&post=756"}],"version-history":[{"count":4,"href":"https:\/\/jetztgibtsbeef.de\/index.php?rest_route=\/wp\/v2\/pages\/756\/revisions"}],"predecessor-version":[{"id":2179,"href":"https:\/\/jetztgibtsbeef.de\/index.php?rest_route=\/wp\/v2\/pages\/756\/revisions\/2179"}],"wp:attachment":[{"href":"https:\/\/jetztgibtsbeef.de\/index.php?rest_route=%2Fwp%2Fv2%2Fmedia&parent=756"}],"curies":[{"name":"wp","href":"https:\/\/api.w.org\/{rel}","templated":true}]}}