{"id":774,"date":"2023-01-12T16:19:48","date_gmt":"2023-01-12T16:19:48","guid":{"rendered":"http:\/\/jetztgibtsbeef.com\/?page_id=774"},"modified":"2023-01-12T16:22:00","modified_gmt":"2023-01-12T16:22:00","slug":"cookie-richtlinie","status":"publish","type":"page","link":"https:\/\/jetztgibtsbeef.de\/?page_id=774","title":{"rendered":"Cookie Policy"},"content":{"rendered":"<div class=\"cli_pg_page_contaner\">\n<h3>Allgemeines<\/h3>\n<div>Die Website von Jetzt gibt\u2019s Beef! \u2013 Fotografie verwendet Cookies. Diese Cookie-Richtlinie kl\u00e4rt dar\u00fcber auf was Cookies sind, wie wir Cookies verwenden, welche Art von Cookies wir verwenden, welche Informationen wir damit erheben und wie Sie die Einstellungen hierzu steuern k\u00f6nnen. F\u00fcr weitere Informationen zu Personenbezogenen Daten verweisen wir auf unsere Datenschutzerkl\u00e4rung.Sie k\u00f6nnen Ihre Zustimmung zu den Cookie-Einstellungen auf unserer Website jederzeit \u00e4ndern oder widerrufen.\u00a0Ihre Einwilligung ist f\u00fcr folgende Domains g\u00fcltig: jetztgibtsbeef.de<div class=\"cli_user_consent_state\">Dein aktueller Status: Keine Einwilligung erteilt. <a class=\"cli_manage_current_consent\" style=\"cursor:pointer;text-decoration:underline;\">Verwalte deine Einwilligung<\/a> <\/div><\/div>\n<div><\/div>\n<div><\/div>\n<h3><\/h3>\n<h3>Was sind Cookies?<\/h3>\n<div>Cookies sind Textdateien, welche \u00fcber einen Internetbrowser auf einem Computersystem abgelegt und gespeichert werden. Zahlreiche Internetseiten und Server verwenden Cookies. Durch den Einsatz von Cookies k\u00f6nnen wir den Nutzern unserer Internetseite nutzerfreundlichere Services bereitstellen, die ohne die Cookie-Setzung nicht m\u00f6glich w\u00e4ren. Mittels eines Cookies k\u00f6nnen die Informationen und Angebote auf unserer Internetseite im Sinne des Benutzers optimiert werden. Cookies erm\u00f6glichen uns, wie bereits erw\u00e4hnt, die Benutzer unserer Internetseite wiederzuerkennen. Zweck dieser Wiedererkennung ist es, den Nutzern die Verwendung unserer Internetseite zu erleichtern.<\/div>\n<div><\/div>\n<h3>Wie verwenden wir Cookies?<\/h3>\n<div>Wie die meisten Websites verwendet auch unsere Website Cookies f\u00fcr verschiedene Zwecke. Essentielle Cookies sind notwendig, damit die Website richtig funktioniert, und sie erfassen keine Ihrer personenbezogenen Daten. Die auf unserer Website verwendeten Cookies von Drittanbietern dienen haupts\u00e4chlich dazu, zu verstehen wie gut die Website funktioniert, wie Sie mit unserer Website interagieren, unsere Dienste sicher zu halten, f\u00fcr Sie relevante Werbung bereitzustellen und Ihnen insgesamt eine bessere Benutzererfahrung zu bieten und dabei zu helfen, Ihre zuk\u00fcnftigen Interaktionen mit unserer Website zu beschleunigen.<\/div>\n<div><\/div>\n<h3>Welche Art von Cookies verwenden wir?<\/h3>\n<div>Essentiell: Einige Cookies sind unerl\u00e4sslich f\u00fcr die vollumf\u00e4ngliche Funktionalit\u00e4t der Website. Sie erm\u00f6glichen es uns Benutzersitzungen aufrechtzuerhalten und Sicherheitsbedrohungen zu verhindern. Sie sammeln oder speichern keine pers\u00f6nlichen Informationen. Diese Cookies erm\u00f6glichen es Ihnen beispielsweise, sich bei Ihrem Konto anzumelden, Produkte in Ihren Warenkorb zu legen und sicher zur Kasse zu gehen.Statistiken: Diese Cookies speichern Informationen wie die Anzahl der Besucher der Website, die Anzahl der einzelnen Besucher, welche Seiten der Website besucht wurden, die Quelle des Besuchs usw. Diese Daten helfen uns zu verstehen und zu analysieren, wie gut die Website funktioniert und wo Verbesserungsbedarf besteht.Marketing: Unsere Website zeigt Werbung an. Diese Cookies werden verwendet um die Ihnen gezeigte Werbung zu personalisieren. Diese Cookies helfen uns auch, die Effizienz dieser Werbekampagnen zu verfolgen. Die in diesen Cookies gespeicherten Informationen k\u00f6nnen auch von den Drittanbietern von Anzeigen verwendet werden, um Ihnen auch Anzeigen auf anderen Websites im Browser anzuzeigen.Funktional: Dies sind die Cookies die bestimmte, nicht wesentliche Funktionen auf unserer Website unterst\u00fctzen. Diese Funktionalit\u00e4ten umfassen das Einbetten von Inhalten wie Videos oder das Teilen von Inhalten der Website auf Social-Media-Plattformen.Pr\u00e4ferenzen: Diese Cookies helfen uns Ihre Einstellungen und Browsing-Pr\u00e4ferenzen wie Sprachpr\u00e4ferenzen zu speichern, damit Sie bei zuk\u00fcnftigen Besuchen der Website ein besseres und effizienteres Erlebnis haben.<\/div>\n<h3>Wie kann ich die Cookie-Einstellungen verwalten?<\/h3>\n<div>Sollten Sie sich entscheiden Ihre Einstellungen zu \u00e4ndern, k\u00f6nnen Sie jederzeit in der Cookie-Richtlinie unter Allgemeines \u201eVerwalte deine Einwilligung\u201c klicken. Dadurch erscheint erneut der Zustimmungshinweis, sodass Sie Ihre Einstellungen \u00e4ndern oder Ihre Zustimmung vollst\u00e4ndig widerrufen k\u00f6nnen. Dar\u00fcber hinaus bieten verschiedene Browser unterschiedliche Methoden zum Blockieren und L\u00f6schen von Cookies, die von Websites verwendet werden. Sie k\u00f6nnen die Einstellungen Ihres Browsers \u00e4ndern um Cookies zu blockieren oder zu l\u00f6schen.<\/div>\n<\/div>\n","protected":false},"excerpt":{"rendered":"<p>Allgemeines Die Website von Jetzt gibt\u2019s Beef! \u2013 Fotografie verwendet Cookies. Diese Cookie-Richtlinie kl\u00e4rt dar\u00fcber auf was Cookies sind, wie wir Cookies verwenden, welche Art von Cookies wir verwenden, welche Informationen wir damit erheben und wie Sie die Einstellungen hierzu steuern k\u00f6nnen. F\u00fcr weitere Informationen zu Personenbezogenen Daten verweisen wir auf unsere Datenschutzerkl\u00e4rung.Sie k\u00f6nnen Ihre &hellip; <\/p>\n","protected":false},"author":1,"featured_media":0,"parent":0,"menu_order":0,"comment_status":"closed","ping_status":"closed","template":"","meta":{"footnotes":""},"class_list":["post-774","page","type-page","status-publish","hentry","latest_post"],"_links":{"self":[{"href":"https:\/\/jetztgibtsbeef.de\/index.php?rest_route=\/wp\/v2\/pages\/774","targetHints":{"allow":["GET"]}}],"collection":[{"href":"https:\/\/jetztgibtsbeef.de\/index.php?rest_route=\/wp\/v2\/pages"}],"about":[{"href":"https:\/\/jetztgibtsbeef.de\/index.php?rest_route=\/wp\/v2\/types\/page"}],"author":[{"embeddable":true,"href":"https:\/\/jetztgibtsbeef.de\/index.php?rest_route=\/wp\/v2\/users\/1"}],"replies":[{"embeddable":true,"href":"https:\/\/jetztgibtsbeef.de\/index.php?rest_route=%2Fwp%2Fv2%2Fcomments&post=774"}],"version-history":[{"count":8,"href":"https:\/\/jetztgibtsbeef.de\/index.php?rest_route=\/wp\/v2\/pages\/774\/revisions"}],"predecessor-version":[{"id":791,"href":"https:\/\/jetztgibtsbeef.de\/index.php?rest_route=\/wp\/v2\/pages\/774\/revisions\/791"}],"wp:attachment":[{"href":"https:\/\/jetztgibtsbeef.de\/index.php?rest_route=%2Fwp%2Fv2%2Fmedia&parent=774"}],"curies":[{"name":"wp","href":"https:\/\/api.w.org\/{rel}","templated":true}]}}