{"id":929,"date":"2023-03-24T23:11:51","date_gmt":"2023-03-24T23:11:51","guid":{"rendered":"https:\/\/jetztgibtsbeef.de\/?page_id=929"},"modified":"2026-04-06T14:18:17","modified_gmt":"2026-04-06T14:18:17","slug":"blumenmaedchen","status":"publish","type":"page","link":"https:\/\/jetztgibtsbeef.de\/?page_id=929","title":{"rendered":"Blumenm\u00e4dchen"},"content":{"rendered":"\n<div class=\"wp-block-media-text is-stacked-on-mobile\" style=\"grid-template-columns:40% auto\"><figure class=\"wp-block-media-text__media\"><img loading=\"lazy\" decoding=\"async\" width=\"638\" height=\"1024\" src=\"https:\/\/jetztgibtsbeef.de\/wp-content\/uploads\/2026\/04\/Blumenmaedchen-Kopie-638x1024.jpg\" alt=\"\" class=\"wp-image-2162 size-full\" srcset=\"https:\/\/jetztgibtsbeef.de\/wp-content\/uploads\/2026\/04\/Blumenmaedchen-Kopie-638x1024.jpg 638w, https:\/\/jetztgibtsbeef.de\/wp-content\/uploads\/2026\/04\/Blumenmaedchen-Kopie-187x300.jpg 187w, https:\/\/jetztgibtsbeef.de\/wp-content\/uploads\/2026\/04\/Blumenmaedchen-Kopie-768x1233.jpg 768w, https:\/\/jetztgibtsbeef.de\/wp-content\/uploads\/2026\/04\/Blumenmaedchen-Kopie-956x1536.jpg 956w, https:\/\/jetztgibtsbeef.de\/wp-content\/uploads\/2026\/04\/Blumenmaedchen-Kopie-1275x2048.jpg 1275w, https:\/\/jetztgibtsbeef.de\/wp-content\/uploads\/2026\/04\/Blumenmaedchen-Kopie-37x60.jpg 37w, https:\/\/jetztgibtsbeef.de\/wp-content\/uploads\/2026\/04\/Blumenmaedchen-Kopie-scaled.jpg 1594w\" sizes=\"auto, (max-width: 638px) 100vw, 638px\" \/><\/figure><div class=\"wp-block-media-text__content\">\n<h3 class=\"wp-block-heading\"><strong>Blumenm\u00e4dchen<\/strong><\/h3>\n\n\n\n<p><strong>Deine M\u00e4rchenstunde im Bl\u00fctenmeer<\/strong><\/p>\n\n\n\n<p>Ein Kleid das nicht f\u00fcr den Alltag gemacht ist, Blumen im Haar, warme Luft auf der Haut. F\u00fcr einen Moment bist du nicht einfach du, sondern die Hauptfigur in deinem eigenen kleinen M\u00e4rchen.<\/p>\n\n\n\n<p><strong>Inklusive:<\/strong><\/p>\n\n\n\n<p>\u2022 ca. 60 Minuten Shooting im Bl\u00fctenmeer<br>\u2022 6 digitale Wunschbilder<br>\u2022 jeweils in Farbe und Schwarz-wei\u00df<br>\u2022 High-End-Nachbearbeitung<br>\u2022 Auswahl aus zahlreichen Kleidern (Gr. 34 &#8211; 46), Per\u00fccken und Blumenkr\u00e4nzen<br>\u2022 Auswahl via Online-Galerie<\/p>\n\n\n\n<h3 class=\"wp-block-heading\"><strong>179,- \u20ac<\/strong><\/h3>\n\n\n\n<p><strong>Extras:<\/strong><br>\u2022 Professionelles Make-up ab 60,- \u20ac<br>\u2022 Weitere Fotos: 20,- \u20ac\/Bild<br>Nat\u00fcrlich kannst du auch gerne dein eigenes Outfit mitbringen.<\/p>\n\n\n\n<p>Weitere Beispielfotos findest du\u00a0<a href=\"https:\/\/jetztgibtsbeef.myportfolio.com\/blumenmaedchen\"><strong>HIER<\/strong><\/a>.<\/p>\n\n\n\n<div class=\"wp-block-buttons is-layout-flex wp-block-buttons-is-layout-flex\">\n<div class=\"wp-block-button\"><a class=\"wp-block-button__link has-text-color has-background has-link-color wp-element-button\" href=\"https:\/\/jetztgibtsbeef.de\/?page_id=71\" style=\"border-top-left-radius:4px;border-top-right-radius:4px;border-bottom-left-radius:4px;border-bottom-right-radius:4px;color:#800040;background-color:#dfc5eb\">jetzt anfragen<\/a><\/div>\n<\/div>\n\n\n\n<p>Schreib mir einfach eine Nachricht \u2013 ich melde mich pers\u00f6nlich bei dir.<\/p>\n<\/div><\/div>\n","protected":false},"excerpt":{"rendered":"","protected":false},"author":1,"featured_media":0,"parent":0,"menu_order":0,"comment_status":"closed","ping_status":"closed","template":"","meta":{"footnotes":""},"class_list":["post-929","page","type-page","status-publish","hentry","latest_post"],"_links":{"self":[{"href":"https:\/\/jetztgibtsbeef.de\/index.php?rest_route=\/wp\/v2\/pages\/929","targetHints":{"allow":["GET"]}}],"collection":[{"href":"https:\/\/jetztgibtsbeef.de\/index.php?rest_route=\/wp\/v2\/pages"}],"about":[{"href":"https:\/\/jetztgibtsbeef.de\/index.php?rest_route=\/wp\/v2\/types\/page"}],"author":[{"embeddable":true,"href":"https:\/\/jetztgibtsbeef.de\/index.php?rest_route=\/wp\/v2\/users\/1"}],"replies":[{"embeddable":true,"href":"https:\/\/jetztgibtsbeef.de\/index.php?rest_route=%2Fwp%2Fv2%2Fcomments&post=929"}],"version-history":[{"count":11,"href":"https:\/\/jetztgibtsbeef.de\/index.php?rest_route=\/wp\/v2\/pages\/929\/revisions"}],"predecessor-version":[{"id":2166,"href":"https:\/\/jetztgibtsbeef.de\/index.php?rest_route=\/wp\/v2\/pages\/929\/revisions\/2166"}],"wp:attachment":[{"href":"https:\/\/jetztgibtsbeef.de\/index.php?rest_route=%2Fwp%2Fv2%2Fmedia&parent=929"}],"curies":[{"name":"wp","href":"https:\/\/api.w.org\/{rel}","templated":true}]}}