{"id":968,"date":"2023-03-26T23:01:08","date_gmt":"2023-03-26T23:01:08","guid":{"rendered":"https:\/\/jetztgibtsbeef.de\/?page_id=968"},"modified":"2025-03-24T17:34:06","modified_gmt":"2025-03-24T17:34:06","slug":"oster-shooting","status":"publish","type":"page","link":"https:\/\/jetztgibtsbeef.de\/?page_id=968","title":{"rendered":"Oster-Shooting"},"content":{"rendered":"\n<figure class=\"wp-block-image size-large\"><img loading=\"lazy\" decoding=\"async\" width=\"1024\" height=\"878\" src=\"https:\/\/jetztgibtsbeef.de\/wp-content\/uploads\/2025\/03\/Osteraktion-2-1024x878.jpg\" alt=\"\" class=\"wp-image-1368\" srcset=\"https:\/\/jetztgibtsbeef.de\/wp-content\/uploads\/2025\/03\/Osteraktion-2-1024x878.jpg 1024w, https:\/\/jetztgibtsbeef.de\/wp-content\/uploads\/2025\/03\/Osteraktion-2-300x257.jpg 300w, https:\/\/jetztgibtsbeef.de\/wp-content\/uploads\/2025\/03\/Osteraktion-2-768x658.jpg 768w, https:\/\/jetztgibtsbeef.de\/wp-content\/uploads\/2025\/03\/Osteraktion-2-1536x1317.jpg 1536w, https:\/\/jetztgibtsbeef.de\/wp-content\/uploads\/2025\/03\/Osteraktion-2-2048x1755.jpg 2048w, https:\/\/jetztgibtsbeef.de\/wp-content\/uploads\/2025\/03\/Osteraktion-2-70x60.jpg 70w\" sizes=\"auto, (max-width: 1024px) 100vw, 1024px\" \/><\/figure>\n\n\n\n<p>Ostern steht vor der T\u00fcr &#8211; das ist doch ne gute Gelegenheit f\u00fcr Fotos, oder?<\/p>\n\n\n\n<p>Ich habe ein kleines fr\u00fchlingshaftes Oster-Fotoset vorbereitet, in dem wir uns nach Herzenslust fotografisch austoben k\u00f6nnen!&nbsp;<img loading=\"lazy\" decoding=\"async\" height=\"16\" width=\"16\" alt=\"&#x2665;\" src=\"https:\/\/static.xx.fbcdn.net\/images\/emoji.php\/v9\/t33\/1.5\/16\/2665.png\"><\/p>\n\n\n\n<p>Im Shooting-Paket hast du folgendes inklusive:<br>\u2022 30 Minuten Shooting<br>\u2022 im liebevoll gestalteten Osterset<br>\u2022 3 Fotos deiner Wahl, digital und als Print in 13&#215;18<br>\u2022 Auswahl \u00fcber Online-Galerie<\/p>\n\n\n\n<p>Weitere Bilder kannst du nat\u00fcrlich gerne dazubuchen ab 12 Euro\/Einzelfoto oder im Sparpaket.<\/p>\n\n\n\n<p>Das ganze Shooting bekommst du zum Spitzenpreis von 89 Euro.<\/p>\n\n\n\n<p>Wenn du Interesse hast, schreib mir gerne eine Mail an info@jetztgibtsbeef.de oder meld dich unter 0157 82777765.<\/p>\n\n\n\n<p>Ich freue mich auf dich und deine Familie&nbsp;<img loading=\"lazy\" decoding=\"async\" height=\"16\" width=\"16\" alt=\"&#x2665;\" src=\"https:\/\/static.xx.fbcdn.net\/images\/emoji.php\/v9\/t33\/1.5\/16\/2665.png\"><\/p>\n","protected":false},"excerpt":{"rendered":"<p>Ostern steht vor der T\u00fcr &#8211; das ist doch ne gute Gelegenheit f\u00fcr Fotos, oder? Ich habe ein kleines fr\u00fchlingshaftes Oster-Fotoset vorbereitet, in dem wir uns nach Herzenslust fotografisch austoben k\u00f6nnen!&nbsp; Im Shooting-Paket hast du folgendes inklusive:\u2022 30 Minuten Shooting\u2022 im liebevoll gestalteten Osterset\u2022 3 Fotos deiner Wahl, digital und als Print in 13&#215;18\u2022 Auswahl &hellip; <\/p>\n","protected":false},"author":1,"featured_media":0,"parent":0,"menu_order":0,"comment_status":"closed","ping_status":"closed","template":"","meta":{"footnotes":""},"class_list":["post-968","page","type-page","status-publish","hentry","latest_post"],"_links":{"self":[{"href":"https:\/\/jetztgibtsbeef.de\/index.php?rest_route=\/wp\/v2\/pages\/968","targetHints":{"allow":["GET"]}}],"collection":[{"href":"https:\/\/jetztgibtsbeef.de\/index.php?rest_route=\/wp\/v2\/pages"}],"about":[{"href":"https:\/\/jetztgibtsbeef.de\/index.php?rest_route=\/wp\/v2\/types\/page"}],"author":[{"embeddable":true,"href":"https:\/\/jetztgibtsbeef.de\/index.php?rest_route=\/wp\/v2\/users\/1"}],"replies":[{"embeddable":true,"href":"https:\/\/jetztgibtsbeef.de\/index.php?rest_route=%2Fwp%2Fv2%2Fcomments&post=968"}],"version-history":[{"count":3,"href":"https:\/\/jetztgibtsbeef.de\/index.php?rest_route=\/wp\/v2\/pages\/968\/revisions"}],"predecessor-version":[{"id":1369,"href":"https:\/\/jetztgibtsbeef.de\/index.php?rest_route=\/wp\/v2\/pages\/968\/revisions\/1369"}],"wp:attachment":[{"href":"https:\/\/jetztgibtsbeef.de\/index.php?rest_route=%2Fwp%2Fv2%2Fmedia&parent=968"}],"curies":[{"name":"wp","href":"https:\/\/api.w.org\/{rel}","templated":true}]}}